{"id":698,"date":"2017-03-27T15:11:53","date_gmt":"2017-03-27T15:11:53","guid":{"rendered":"http:\/\/sdmcrafts.com\/?post_type=product&#038;p=698"},"modified":"2024-01-21T11:30:38","modified_gmt":"2024-01-21T11:30:38","slug":"drop-car-mirror-hanging","status":"publish","type":"product","link":"https:\/\/sdmcrafts.com\/tr\/product\/drop-car-mirror-hanging\/","title":{"rendered":"Araba ayna ask\u0131s\u0131 (damla)"},"content":{"rendered":"<pre id=\"tw-target-text\" class=\"tw-data-text tw-text-large tw-ta\" dir=\"ltr\" data-placeholder=\"Translation\" data-ved=\"2ahUKEwj2gsOe6O2DAxUa1wIHHVPtAvwQ3ewLegQIBRAQ\"><span class=\"Y2IQFc\" lang=\"tr\">Araba ayna ask\u0131s\u0131 (damla)<\/span><\/pre>\n","protected":false},"excerpt":{"rendered":"<p>Araba ayna ask\u0131s\u0131 (damla)<\/p>\n","protected":false},"featured_media":673,"comment_status":"open","ping_status":"closed","template":"","meta":[],"product_cat":[46],"product_tag":[542,538,532,541,536,537,539,533,534,540,535],"yoast_head":"<!-- This site is optimized with the Yoast SEO plugin v20.6 - https:\/\/yoast.com\/wordpress\/plugins\/seo\/ -->\n<title>Araba ayna ask\u0131s\u0131 (damla) - saadatmand el sanatlar\u0131<\/title>\n<meta name=\"description\" content=\"\u0622\u0648\u06cc\u0632 \u0627\u0634\u06a9\u06cc \u06cc\u0627 \u0642\u0637\u0631\u0647 \u0627\u06cc \u0628\u0631\u0627\u06cc \u0622\u06cc\u0646\u0647 \u0645\u0627\u0634\u06cc\u0646 Araba ayna ask\u0131s\u0131 (damla) .Araba ayna ask\u0131s\u0131 (damla).Araba ayna ask\u0131s\u0131 (damla)......\" \/>\n<meta name=\"robots\" content=\"index, follow, max-snippet:-1, max-image-preview:large, max-video-preview:-1\" \/>\n<link rel=\"canonical\" href=\"https:\/\/sdmcrafts.com\/tr\/product\/drop-car-mirror-hanging\/\" \/>\n<meta property=\"og:locale\" content=\"fa_IR\" \/>\n<meta property=\"og:type\" content=\"article\" \/>\n<meta property=\"og:title\" content=\"Araba ayna ask\u0131s\u0131 (damla) - saadatmand el sanatlar\u0131\" \/>\n<meta property=\"og:description\" content=\"\u0622\u0648\u06cc\u0632 \u0627\u0634\u06a9\u06cc \u06cc\u0627 \u0642\u0637\u0631\u0647 \u0627\u06cc \u0628\u0631\u0627\u06cc \u0622\u06cc\u0646\u0647 \u0645\u0627\u0634\u06cc\u0646 Araba ayna ask\u0131s\u0131 (damla) .Araba ayna ask\u0131s\u0131 (damla).Araba ayna ask\u0131s\u0131 (damla)......\" \/>\n<meta property=\"og:url\" content=\"https:\/\/sdmcrafts.com\/tr\/product\/drop-car-mirror-hanging\/\" \/>\n<meta property=\"og:site_name\" content=\"saadatmand el sanatlar\u0131\" \/>\n<meta property=\"article:modified_time\" content=\"2024-01-21T11:30:38+00:00\" \/>\n<meta property=\"og:image\" content=\"https:\/\/sdmcrafts.com\/tr\/wp-content\/uploads\/2017\/03\/kh44.jpg\" \/>\n\t<meta property=\"og:image:width\" content=\"597\" \/>\n\t<meta property=\"og:image:height\" content=\"556\" \/>\n\t<meta property=\"og:image:type\" content=\"image\/jpeg\" \/>\n<meta name=\"twitter:card\" content=\"summary_large_image\" \/>\n<meta name=\"twitter:label1\" content=\"\u0632\u0645\u0627\u0646 \u062a\u0642\u0631\u06cc\u0628\u06cc \u0628\u0631\u0627\u06cc \u062e\u0648\u0627\u0646\u062f\u0646\" \/>\n\t<meta name=\"twitter:data1\" content=\"1 \u062f\u0642\u06cc\u0642\u0647\" \/>\n<script type=\"application\/ld+json\" class=\"yoast-schema-graph\">{\"@context\":\"https:\/\/schema.org\",\"@graph\":[{\"@type\":\"WebPage\",\"@id\":\"https:\/\/sdmcrafts.com\/tr\/product\/drop-car-mirror-hanging\/\",\"url\":\"https:\/\/sdmcrafts.com\/tr\/product\/drop-car-mirror-hanging\/\",\"name\":\"Araba ayna ask\u0131s\u0131 (damla) - saadatmand el sanatlar\u0131\",\"isPartOf\":{\"@id\":\"https:\/\/sdmcrafts.com\/tr\/#website\"},\"datePublished\":\"2017-03-27T15:11:53+00:00\",\"dateModified\":\"2024-01-21T11:30:38+00:00\",\"description\":\"\u0622\u0648\u06cc\u0632 \u0627\u0634\u06a9\u06cc \u06cc\u0627 \u0642\u0637\u0631\u0647 \u0627\u06cc \u0628\u0631\u0627\u06cc \u0622\u06cc\u0646\u0647 \u0645\u0627\u0634\u06cc\u0646 Araba ayna ask\u0131s\u0131 (damla) .Araba ayna ask\u0131s\u0131 (damla).Araba ayna ask\u0131s\u0131 (damla)......\",\"breadcrumb\":{\"@id\":\"https:\/\/sdmcrafts.com\/tr\/product\/drop-car-mirror-hanging\/#breadcrumb\"},\"inLanguage\":\"fa-IR\",\"potentialAction\":[{\"@type\":\"ReadAction\",\"target\":[\"https:\/\/sdmcrafts.com\/tr\/product\/drop-car-mirror-hanging\/\"]}]},{\"@type\":\"BreadcrumbList\",\"@id\":\"https:\/\/sdmcrafts.com\/tr\/product\/drop-car-mirror-hanging\/#breadcrumb\",\"itemListElement\":[{\"@type\":\"ListItem\",\"position\":1,\"name\":\"Sat\u0131n almak\",\"item\":\"https:\/\/sdmcrafts.com\/tr\/shop\/\"},{\"@type\":\"ListItem\",\"position\":2,\"name\":\"Araba ayna ask\u0131s\u0131 (damla)\"}]},{\"@type\":\"WebSite\",\"@id\":\"https:\/\/sdmcrafts.com\/tr\/#website\",\"url\":\"https:\/\/sdmcrafts.com\/tr\/\",\"name\":\"saadatmand el sanatlar\u0131\",\"description\":\"nazar boncu\u011fu,kharmohre\",\"publisher\":{\"@id\":\"https:\/\/sdmcrafts.com\/tr\/#organization\"},\"potentialAction\":[{\"@type\":\"SearchAction\",\"target\":{\"@type\":\"EntryPoint\",\"urlTemplate\":\"https:\/\/sdmcrafts.com\/tr\/?s={search_term_string}\"},\"query-input\":\"required name=search_term_string\"}],\"inLanguage\":\"fa-IR\"},{\"@type\":\"Organization\",\"@id\":\"https:\/\/sdmcrafts.com\/tr\/#organization\",\"name\":\"saadatmand el sanatlar\u0131\",\"url\":\"https:\/\/sdmcrafts.com\/tr\/\",\"logo\":{\"@type\":\"ImageObject\",\"inLanguage\":\"fa-IR\",\"@id\":\"https:\/\/sdmcrafts.com\/tr\/#\/schema\/logo\/image\/\",\"url\":\"https:\/\/sdmcrafts.com\/tr\/wp-content\/uploads\/2023\/04\/cropped-logosdm-1.png\",\"contentUrl\":\"https:\/\/sdmcrafts.com\/tr\/wp-content\/uploads\/2023\/04\/cropped-logosdm-1.png\",\"width\":300,\"height\":96,\"caption\":\"saadatmand el sanatlar\u0131\"},\"image\":{\"@id\":\"https:\/\/sdmcrafts.com\/tr\/#\/schema\/logo\/image\/\"}}]}<\/script>\n<!-- \/ Yoast SEO plugin. -->","yoast_head_json":{"title":"Araba ayna ask\u0131s\u0131 (damla) - saadatmand el sanatlar\u0131","description":"\u0622\u0648\u06cc\u0632 \u0627\u0634\u06a9\u06cc \u06cc\u0627 \u0642\u0637\u0631\u0647 \u0627\u06cc \u0628\u0631\u0627\u06cc \u0622\u06cc\u0646\u0647 \u0645\u0627\u0634\u06cc\u0646 Araba ayna ask\u0131s\u0131 (damla) .Araba ayna ask\u0131s\u0131 (damla).Araba ayna ask\u0131s\u0131 (damla)......","robots":{"index":"index","follow":"follow","max-snippet":"max-snippet:-1","max-image-preview":"max-image-preview:large","max-video-preview":"max-video-preview:-1"},"canonical":"https:\/\/sdmcrafts.com\/tr\/product\/drop-car-mirror-hanging\/","og_locale":"fa_IR","og_type":"article","og_title":"Araba ayna ask\u0131s\u0131 (damla) - saadatmand el sanatlar\u0131","og_description":"\u0622\u0648\u06cc\u0632 \u0627\u0634\u06a9\u06cc \u06cc\u0627 \u0642\u0637\u0631\u0647 \u0627\u06cc \u0628\u0631\u0627\u06cc \u0622\u06cc\u0646\u0647 \u0645\u0627\u0634\u06cc\u0646 Araba ayna ask\u0131s\u0131 (damla) .Araba ayna ask\u0131s\u0131 (damla).Araba ayna ask\u0131s\u0131 (damla)......","og_url":"https:\/\/sdmcrafts.com\/tr\/product\/drop-car-mirror-hanging\/","og_site_name":"saadatmand el sanatlar\u0131","article_modified_time":"2024-01-21T11:30:38+00:00","og_image":[{"width":597,"height":556,"url":"https:\/\/sdmcrafts.com\/tr\/wp-content\/uploads\/2017\/03\/kh44.jpg","type":"image\/jpeg"}],"twitter_card":"summary_large_image","twitter_misc":{"\u0632\u0645\u0627\u0646 \u062a\u0642\u0631\u06cc\u0628\u06cc \u0628\u0631\u0627\u06cc \u062e\u0648\u0627\u0646\u062f\u0646":"1 \u062f\u0642\u06cc\u0642\u0647"},"schema":{"@context":"https:\/\/schema.org","@graph":[{"@type":"WebPage","@id":"https:\/\/sdmcrafts.com\/tr\/product\/drop-car-mirror-hanging\/","url":"https:\/\/sdmcrafts.com\/tr\/product\/drop-car-mirror-hanging\/","name":"Araba ayna ask\u0131s\u0131 (damla) - saadatmand el sanatlar\u0131","isPartOf":{"@id":"https:\/\/sdmcrafts.com\/tr\/#website"},"datePublished":"2017-03-27T15:11:53+00:00","dateModified":"2024-01-21T11:30:38+00:00","description":"\u0622\u0648\u06cc\u0632 \u0627\u0634\u06a9\u06cc \u06cc\u0627 \u0642\u0637\u0631\u0647 \u0627\u06cc \u0628\u0631\u0627\u06cc \u0622\u06cc\u0646\u0647 \u0645\u0627\u0634\u06cc\u0646 Araba ayna ask\u0131s\u0131 (damla) .Araba ayna ask\u0131s\u0131 (damla).Araba ayna ask\u0131s\u0131 (damla)......","breadcrumb":{"@id":"https:\/\/sdmcrafts.com\/tr\/product\/drop-car-mirror-hanging\/#breadcrumb"},"inLanguage":"fa-IR","potentialAction":[{"@type":"ReadAction","target":["https:\/\/sdmcrafts.com\/tr\/product\/drop-car-mirror-hanging\/"]}]},{"@type":"BreadcrumbList","@id":"https:\/\/sdmcrafts.com\/tr\/product\/drop-car-mirror-hanging\/#breadcrumb","itemListElement":[{"@type":"ListItem","position":1,"name":"Sat\u0131n almak","item":"https:\/\/sdmcrafts.com\/tr\/shop\/"},{"@type":"ListItem","position":2,"name":"Araba ayna ask\u0131s\u0131 (damla)"}]},{"@type":"WebSite","@id":"https:\/\/sdmcrafts.com\/tr\/#website","url":"https:\/\/sdmcrafts.com\/tr\/","name":"saadatmand el sanatlar\u0131","description":"nazar boncu\u011fu,kharmohre","publisher":{"@id":"https:\/\/sdmcrafts.com\/tr\/#organization"},"potentialAction":[{"@type":"SearchAction","target":{"@type":"EntryPoint","urlTemplate":"https:\/\/sdmcrafts.com\/tr\/?s={search_term_string}"},"query-input":"required name=search_term_string"}],"inLanguage":"fa-IR"},{"@type":"Organization","@id":"https:\/\/sdmcrafts.com\/tr\/#organization","name":"saadatmand el sanatlar\u0131","url":"https:\/\/sdmcrafts.com\/tr\/","logo":{"@type":"ImageObject","inLanguage":"fa-IR","@id":"https:\/\/sdmcrafts.com\/tr\/#\/schema\/logo\/image\/","url":"https:\/\/sdmcrafts.com\/tr\/wp-content\/uploads\/2023\/04\/cropped-logosdm-1.png","contentUrl":"https:\/\/sdmcrafts.com\/tr\/wp-content\/uploads\/2023\/04\/cropped-logosdm-1.png","width":300,"height":96,"caption":"saadatmand el sanatlar\u0131"},"image":{"@id":"https:\/\/sdmcrafts.com\/tr\/#\/schema\/logo\/image\/"}}]}},"_links":{"self":[{"href":"https:\/\/sdmcrafts.com\/tr\/wp-json\/wp\/v2\/product\/698"}],"collection":[{"href":"https:\/\/sdmcrafts.com\/tr\/wp-json\/wp\/v2\/product"}],"about":[{"href":"https:\/\/sdmcrafts.com\/tr\/wp-json\/wp\/v2\/types\/product"}],"replies":[{"embeddable":true,"href":"https:\/\/sdmcrafts.com\/tr\/wp-json\/wp\/v2\/comments?post=698"}],"wp:featuredmedia":[{"embeddable":true,"href":"https:\/\/sdmcrafts.com\/tr\/wp-json\/wp\/v2\/media\/673"}],"wp:attachment":[{"href":"https:\/\/sdmcrafts.com\/tr\/wp-json\/wp\/v2\/media?parent=698"}],"wp:term":[{"taxonomy":"product_cat","embeddable":true,"href":"https:\/\/sdmcrafts.com\/tr\/wp-json\/wp\/v2\/product_cat?post=698"},{"taxonomy":"product_tag","embeddable":true,"href":"https:\/\/sdmcrafts.com\/tr\/wp-json\/wp\/v2\/product_tag?post=698"}],"curies":[{"name":"wp","href":"https:\/\/api.w.org\/{rel}","templated":true}]}}