{"id":2322,"date":"2022-07-12T08:02:17","date_gmt":"2022-07-12T08:02:17","guid":{"rendered":"https:\/\/sdmcrafts.com\/fa\/?post_type=product&#038;p=2322"},"modified":"2024-03-13T12:19:34","modified_gmt":"2024-03-13T12:19:34","slug":"alti-delik-kharmohre","status":"publish","type":"product","link":"https:\/\/sdmcrafts.com\/tr\/product\/alti-delik-kharmohre\/","title":{"rendered":"Alt\u0131 delik kharmohre"},"content":{"rendered":"<h2>Alt\u0131 delik kharmohre<\/h2>\n<p style=\"text-align: left;\">Genel olarak \u00a0<a href=\"https:\/\/fa.wikipedia.org\/wiki\/%D8%AE%D8%B1%D9%85%D9%87%D8%B1%D9%87\">kharmohre<\/a> (Alt\u0131 delik kharmohre) \u00f6zel kullan\u0131mlar\u0131ndan ikisi hayvanlar\u0131 s\u00fcslemek ve g\u00f6zleri da\u011f\u0131tmakt\u0131r. Ancak \u0130ran \u015fiirlerinde her zaman g\u00f6r\u00fclen bir \u015fey, t\u0131ls\u0131ml\u0131 ve dekoratif rol\u00fc kadar hi\u00e7 bahsedilmeyen kharmohrenin pratik y\u00f6n\u00fcd\u00fcr. kharmohre fiyat\u0131 da bir o kadar g\u00fczel ve dekoratiftir<\/p>\n<p style=\"text-align: left;\">:A\u015fa\u011f\u0131daki \u015fiirler gibi<\/p>\n<p style=\"text-align: left;\">an nahan dar jib khod kharmohre dasht<\/p>\n<p style=\"text-align: left;\">in flosi chand andar kise dasht<\/p>\n<p style=\"text-align: left;\">vangah ra kharmohre bodi ba flos<\/p>\n<p style=\"text-align: left;\">ham be dast oftade meqdar sabos<\/p>\n<p style=\"text-align: left;\">(nshat esfahani)<\/p>\n<h4 style=\"text-align: left;\">\u00a0\u0130ran \u015fiirlerinde\u00a0 <a href=\"https:\/\/sdmcrafts.com\/fa\/%d8%b5%d9%86%d8%a7%db%8c%d8%b9-%d8%af%d8%b3%d8%aa%db%8c-%d9%82%d9%85\/\">qom kharmohresi<\/a><\/h4>\n<p style=\"text-align: left;\">Bunlar Neshat Esfahani&#8217;nin iki dizesi.al\u0131\u015fveri\u015f i\u00e7in markete gittiklerini bir hikaye \u015feklinde anlat\u0131yor<\/p>\n<p style=\"text-align: left;\">Eski \u0130ran&#8217;da kutsal ve sayg\u0131 duyulan renklerden biri olan mavi-turkuaz renkli kil boncuktur.Kutsall\u0131\u011f\u0131n\u0131 g\u00f6ky\u00fcz\u00fcn\u00fcn mavi renginden ve g\u00f6klerin tanr\u0131s\u0131na olan inan\u00e7tan almaktad\u0131r.<\/p>\n<p style=\"text-align: left;\">Ara\u00e7lar\u0131n bulunmad\u0131\u011f\u0131 ve hayvanlar\u0131n \u00e7o\u011funlukla &#8220;e\u015fek&#8221; ta\u015f\u0131mak i\u00e7in kullan\u0131ld\u0131\u011f\u0131 eski g\u00fcnlerde, hayvan sahipleri bu cevizi y\u00fck hayvanlar\u0131n\u0131 g\u00fcvende tutmak i\u00e7in kullan\u0131rlard\u0131.<\/p>\n<p style=\"text-align: left;\">Bu boncu\u011fu takana zarar vermesin diye hayvanlar\u0131n boynuna asarlard\u0131. Bug\u00fcn bile, aradan y\u0131llar ge\u00e7mesine ra\u011fmen, \u00e7ocuklar\u0131n bebeklik d\u00f6neminde k\u00fc\u00e7\u00fck mavi boncuklar\u0131n kullan\u0131lmas\u0131 ve anneleri taraf\u0131ndan s\u0131kl\u0131kla \u00e7ocuklar\u0131n sa\u00e7lar\u0131na ba\u011flanmas\u0131 yayg\u0131nd\u0131r.<\/p>\n","protected":false},"excerpt":{"rendered":"<p>Alt\u0131 delik kharmohre Genel olarak \u00a0kharmohre (Alt\u0131 delik kharmohre) \u00f6zel kullan\u0131mlar\u0131ndan ikisi hayvanlar\u0131 s\u00fcslemek ve g\u00f6zleri da\u011f\u0131tmakt\u0131r. Ancak \u0130ran \u015fiirlerinde her zaman g\u00f6r\u00fclen bir \u015fey, t\u0131ls\u0131ml\u0131<span class=\"excerpt-hellip\"> [\u2026]<\/span><\/p>\n","protected":false},"featured_media":2015,"comment_status":"open","ping_status":"closed","template":"","meta":[],"product_cat":[52],"product_tag":[533,534],"yoast_head":"<!-- This site is optimized with the Yoast SEO plugin v20.6 - https:\/\/yoast.com\/wordpress\/plugins\/seo\/ -->\n<title>Alt\u0131 delik kharmohre - saadatmand el sanatlar\u0131<\/title>\n<meta name=\"description\" content=\"Genel olarak \u00a0kharmohre (Alt\u0131 delik kharmohre) \u00f6zel kullan\u0131mlar\u0131ndan ikisi hayvanlar\u0131 s\u00fcslemek ve g\u00f6zleri da\u011f\u0131tmakt\u0131r. Ancak \u0130ran \u015fiirlerinde her zaman ...\" \/>\n<meta name=\"robots\" content=\"index, follow, max-snippet:-1, max-image-preview:large, max-video-preview:-1\" \/>\n<link rel=\"canonical\" href=\"https:\/\/sdmcrafts.com\/tr\/product\/alti-delik-kharmohre\/\" \/>\n<meta property=\"og:locale\" content=\"fa_IR\" \/>\n<meta property=\"og:type\" content=\"article\" \/>\n<meta property=\"og:title\" content=\"Alt\u0131 delik kharmohre - saadatmand el sanatlar\u0131\" \/>\n<meta property=\"og:description\" content=\"Genel olarak \u00a0kharmohre (Alt\u0131 delik kharmohre) \u00f6zel kullan\u0131mlar\u0131ndan ikisi hayvanlar\u0131 s\u00fcslemek ve g\u00f6zleri da\u011f\u0131tmakt\u0131r. Ancak \u0130ran \u015fiirlerinde her zaman ...\" \/>\n<meta property=\"og:url\" content=\"https:\/\/sdmcrafts.com\/tr\/product\/alti-delik-kharmohre\/\" \/>\n<meta property=\"og:site_name\" content=\"saadatmand el sanatlar\u0131\" \/>\n<meta property=\"article:modified_time\" content=\"2024-03-13T12:19:34+00:00\" \/>\n<meta property=\"og:image\" content=\"https:\/\/sdmcrafts.com\/tr\/wp-content\/uploads\/2019\/10\/kharmohre-.jpg\" \/>\n\t<meta property=\"og:image:width\" content=\"600\" \/>\n\t<meta property=\"og:image:height\" content=\"400\" \/>\n\t<meta property=\"og:image:type\" content=\"image\/jpeg\" \/>\n<meta name=\"twitter:card\" content=\"summary_large_image\" \/>\n<meta name=\"twitter:label1\" content=\"\u0632\u0645\u0627\u0646 \u062a\u0642\u0631\u06cc\u0628\u06cc \u0628\u0631\u0627\u06cc \u062e\u0648\u0627\u0646\u062f\u0646\" \/>\n\t<meta name=\"twitter:data1\" content=\"1 \u062f\u0642\u06cc\u0642\u0647\" \/>\n<script type=\"application\/ld+json\" class=\"yoast-schema-graph\">{\"@context\":\"https:\/\/schema.org\",\"@graph\":[{\"@type\":\"WebPage\",\"@id\":\"https:\/\/sdmcrafts.com\/tr\/product\/alti-delik-kharmohre\/\",\"url\":\"https:\/\/sdmcrafts.com\/tr\/product\/alti-delik-kharmohre\/\",\"name\":\"Alt\u0131 delik kharmohre - saadatmand el sanatlar\u0131\",\"isPartOf\":{\"@id\":\"https:\/\/sdmcrafts.com\/tr\/#website\"},\"datePublished\":\"2022-07-12T08:02:17+00:00\",\"dateModified\":\"2024-03-13T12:19:34+00:00\",\"description\":\"Genel olarak \u00a0kharmohre (Alt\u0131 delik kharmohre) \u00f6zel kullan\u0131mlar\u0131ndan ikisi hayvanlar\u0131 s\u00fcslemek ve g\u00f6zleri da\u011f\u0131tmakt\u0131r. Ancak \u0130ran \u015fiirlerinde her zaman ...\",\"breadcrumb\":{\"@id\":\"https:\/\/sdmcrafts.com\/tr\/product\/alti-delik-kharmohre\/#breadcrumb\"},\"inLanguage\":\"fa-IR\",\"potentialAction\":[{\"@type\":\"ReadAction\",\"target\":[\"https:\/\/sdmcrafts.com\/tr\/product\/alti-delik-kharmohre\/\"]}]},{\"@type\":\"BreadcrumbList\",\"@id\":\"https:\/\/sdmcrafts.com\/tr\/product\/alti-delik-kharmohre\/#breadcrumb\",\"itemListElement\":[{\"@type\":\"ListItem\",\"position\":1,\"name\":\"Sat\u0131n almak\",\"item\":\"https:\/\/sdmcrafts.com\/tr\/shop\/\"},{\"@type\":\"ListItem\",\"position\":2,\"name\":\"Alt\u0131 delik kharmohre\"}]},{\"@type\":\"WebSite\",\"@id\":\"https:\/\/sdmcrafts.com\/tr\/#website\",\"url\":\"https:\/\/sdmcrafts.com\/tr\/\",\"name\":\"saadatmand el sanatlar\u0131\",\"description\":\"nazar boncu\u011fu,kharmohre\",\"publisher\":{\"@id\":\"https:\/\/sdmcrafts.com\/tr\/#organization\"},\"potentialAction\":[{\"@type\":\"SearchAction\",\"target\":{\"@type\":\"EntryPoint\",\"urlTemplate\":\"https:\/\/sdmcrafts.com\/tr\/?s={search_term_string}\"},\"query-input\":\"required name=search_term_string\"}],\"inLanguage\":\"fa-IR\"},{\"@type\":\"Organization\",\"@id\":\"https:\/\/sdmcrafts.com\/tr\/#organization\",\"name\":\"saadatmand el sanatlar\u0131\",\"url\":\"https:\/\/sdmcrafts.com\/tr\/\",\"logo\":{\"@type\":\"ImageObject\",\"inLanguage\":\"fa-IR\",\"@id\":\"https:\/\/sdmcrafts.com\/tr\/#\/schema\/logo\/image\/\",\"url\":\"https:\/\/sdmcrafts.com\/tr\/wp-content\/uploads\/2023\/04\/cropped-logosdm-1.png\",\"contentUrl\":\"https:\/\/sdmcrafts.com\/tr\/wp-content\/uploads\/2023\/04\/cropped-logosdm-1.png\",\"width\":300,\"height\":96,\"caption\":\"saadatmand el sanatlar\u0131\"},\"image\":{\"@id\":\"https:\/\/sdmcrafts.com\/tr\/#\/schema\/logo\/image\/\"}}]}<\/script>\n<!-- \/ Yoast SEO plugin. -->","yoast_head_json":{"title":"Alt\u0131 delik kharmohre - saadatmand el sanatlar\u0131","description":"Genel olarak \u00a0kharmohre (Alt\u0131 delik kharmohre) \u00f6zel kullan\u0131mlar\u0131ndan ikisi hayvanlar\u0131 s\u00fcslemek ve g\u00f6zleri da\u011f\u0131tmakt\u0131r. Ancak \u0130ran \u015fiirlerinde her zaman ...","robots":{"index":"index","follow":"follow","max-snippet":"max-snippet:-1","max-image-preview":"max-image-preview:large","max-video-preview":"max-video-preview:-1"},"canonical":"https:\/\/sdmcrafts.com\/tr\/product\/alti-delik-kharmohre\/","og_locale":"fa_IR","og_type":"article","og_title":"Alt\u0131 delik kharmohre - saadatmand el sanatlar\u0131","og_description":"Genel olarak \u00a0kharmohre (Alt\u0131 delik kharmohre) \u00f6zel kullan\u0131mlar\u0131ndan ikisi hayvanlar\u0131 s\u00fcslemek ve g\u00f6zleri da\u011f\u0131tmakt\u0131r. Ancak \u0130ran \u015fiirlerinde her zaman ...","og_url":"https:\/\/sdmcrafts.com\/tr\/product\/alti-delik-kharmohre\/","og_site_name":"saadatmand el sanatlar\u0131","article_modified_time":"2024-03-13T12:19:34+00:00","og_image":[{"width":600,"height":400,"url":"https:\/\/sdmcrafts.com\/tr\/wp-content\/uploads\/2019\/10\/kharmohre-.jpg","type":"image\/jpeg"}],"twitter_card":"summary_large_image","twitter_misc":{"\u0632\u0645\u0627\u0646 \u062a\u0642\u0631\u06cc\u0628\u06cc \u0628\u0631\u0627\u06cc \u062e\u0648\u0627\u0646\u062f\u0646":"1 \u062f\u0642\u06cc\u0642\u0647"},"schema":{"@context":"https:\/\/schema.org","@graph":[{"@type":"WebPage","@id":"https:\/\/sdmcrafts.com\/tr\/product\/alti-delik-kharmohre\/","url":"https:\/\/sdmcrafts.com\/tr\/product\/alti-delik-kharmohre\/","name":"Alt\u0131 delik kharmohre - saadatmand el sanatlar\u0131","isPartOf":{"@id":"https:\/\/sdmcrafts.com\/tr\/#website"},"datePublished":"2022-07-12T08:02:17+00:00","dateModified":"2024-03-13T12:19:34+00:00","description":"Genel olarak \u00a0kharmohre (Alt\u0131 delik kharmohre) \u00f6zel kullan\u0131mlar\u0131ndan ikisi hayvanlar\u0131 s\u00fcslemek ve g\u00f6zleri da\u011f\u0131tmakt\u0131r. Ancak \u0130ran \u015fiirlerinde her zaman ...","breadcrumb":{"@id":"https:\/\/sdmcrafts.com\/tr\/product\/alti-delik-kharmohre\/#breadcrumb"},"inLanguage":"fa-IR","potentialAction":[{"@type":"ReadAction","target":["https:\/\/sdmcrafts.com\/tr\/product\/alti-delik-kharmohre\/"]}]},{"@type":"BreadcrumbList","@id":"https:\/\/sdmcrafts.com\/tr\/product\/alti-delik-kharmohre\/#breadcrumb","itemListElement":[{"@type":"ListItem","position":1,"name":"Sat\u0131n almak","item":"https:\/\/sdmcrafts.com\/tr\/shop\/"},{"@type":"ListItem","position":2,"name":"Alt\u0131 delik kharmohre"}]},{"@type":"WebSite","@id":"https:\/\/sdmcrafts.com\/tr\/#website","url":"https:\/\/sdmcrafts.com\/tr\/","name":"saadatmand el sanatlar\u0131","description":"nazar boncu\u011fu,kharmohre","publisher":{"@id":"https:\/\/sdmcrafts.com\/tr\/#organization"},"potentialAction":[{"@type":"SearchAction","target":{"@type":"EntryPoint","urlTemplate":"https:\/\/sdmcrafts.com\/tr\/?s={search_term_string}"},"query-input":"required name=search_term_string"}],"inLanguage":"fa-IR"},{"@type":"Organization","@id":"https:\/\/sdmcrafts.com\/tr\/#organization","name":"saadatmand el sanatlar\u0131","url":"https:\/\/sdmcrafts.com\/tr\/","logo":{"@type":"ImageObject","inLanguage":"fa-IR","@id":"https:\/\/sdmcrafts.com\/tr\/#\/schema\/logo\/image\/","url":"https:\/\/sdmcrafts.com\/tr\/wp-content\/uploads\/2023\/04\/cropped-logosdm-1.png","contentUrl":"https:\/\/sdmcrafts.com\/tr\/wp-content\/uploads\/2023\/04\/cropped-logosdm-1.png","width":300,"height":96,"caption":"saadatmand el sanatlar\u0131"},"image":{"@id":"https:\/\/sdmcrafts.com\/tr\/#\/schema\/logo\/image\/"}}]}},"_links":{"self":[{"href":"https:\/\/sdmcrafts.com\/tr\/wp-json\/wp\/v2\/product\/2322"}],"collection":[{"href":"https:\/\/sdmcrafts.com\/tr\/wp-json\/wp\/v2\/product"}],"about":[{"href":"https:\/\/sdmcrafts.com\/tr\/wp-json\/wp\/v2\/types\/product"}],"replies":[{"embeddable":true,"href":"https:\/\/sdmcrafts.com\/tr\/wp-json\/wp\/v2\/comments?post=2322"}],"wp:featuredmedia":[{"embeddable":true,"href":"https:\/\/sdmcrafts.com\/tr\/wp-json\/wp\/v2\/media\/2015"}],"wp:attachment":[{"href":"https:\/\/sdmcrafts.com\/tr\/wp-json\/wp\/v2\/media?parent=2322"}],"wp:term":[{"taxonomy":"product_cat","embeddable":true,"href":"https:\/\/sdmcrafts.com\/tr\/wp-json\/wp\/v2\/product_cat?post=2322"},{"taxonomy":"product_tag","embeddable":true,"href":"https:\/\/sdmcrafts.com\/tr\/wp-json\/wp\/v2\/product_tag?post=2322"}],"curies":[{"name":"wp","href":"https:\/\/api.w.org\/{rel}","templated":true}]}}