{"id":2320,"date":"2022-07-12T07:55:39","date_gmt":"2022-07-12T07:55:39","guid":{"rendered":"https:\/\/sdmcrafts.com\/fa\/?post_type=product&#038;p=2320"},"modified":"2024-03-13T12:20:12","modified_gmt":"2024-03-13T12:20:12","slug":"irakin-yedi-delikli-tarihleri","status":"publish","type":"product","link":"https:\/\/sdmcrafts.com\/tr\/product\/irakin-yedi-delikli-tarihleri\/","title":{"rendered":"Irak&#8217;\u0131n yedi delikli tarihleri"},"content":{"rendered":"<h2 style=\"text-align: left;\">Irak&#8217;\u0131n yedi delikli Khurmareh<\/h2>\n<p style=\"text-align: left;\">Irak&#8217;\u0131n yedi delikli Khurmareh : Irak&#8217;\u0131n yedi delikli Khurmareh:Khurmareh, Kum-\u0130ran&#8217;\u0131n el sanatlar\u0131 ve sanatlar\u0131 olan g\u00fczel turkuaz mavisi boncuklard\u0131r.<span class=\"Y2IQFc\" lang=\"tr\">Eskiden Araplar \u00e7ocuklar\u0131n\u0131 nazardan korumak i\u00e7in <\/span><span class=\"Y2IQFc\" lang=\"tr\">\u00fczerlerine Khurmareh asarlard\u0131.<\/span><\/p>\n<p style=\"text-align: left;\">Ayr\u0131ca kad\u0131nlar\u0131n kendilerini k\u00f6t\u00fc olaylardan ve ba\u015fkalar\u0131n\u0131n g\u00f6r\u00fc\u015flerinden korumak i\u00e7in bir taba\u011fa Kur&#8217;an&#8217;dan bir ayet kaz\u0131y\u0131p kollar\u0131na ba\u011flamalar\u0131 da g\u00fcn\u00fcm\u00fczde bile az \u00e7ok yayg\u0131nd\u0131r.<\/p>\n<p style=\"text-align: left;\">Nazardan kurtulmak i\u00e7in bu ara\u00e7 ve gere\u00e7ler aras\u0131nda Khurmareh da yeri vard\u0131r. Bu Khurmarehlar kil boncuklar turkuaz s\u0131rla kaplanm\u0131\u015ft\u0131r ve \u015fu anda yaln\u0131zca \u0130ran&#8217;\u0131n Kum \u015fehrinde yap\u0131lmaktad\u0131r.Hayvanlarda, \u00e7ocuklarda ve zihinsel sorunlar\u0131 olan kad\u0131nlarda nazara kar\u015f\u0131 t\u0131ls\u0131m olarak kullan\u0131l\u0131r.<\/p>\n<h2 style=\"text-align: left;\">Kum Khurmarehsi uygulamalar\u0131<\/h2>\n<p>&nbsp;<\/p>\n<p>&nbsp;<\/p>\n<h3>\u06a9\u0627\u0631\u0628\u0631\u062f \u0647\u0627\u06cc <a href=\"https:\/\/sdmcrafts.com\/fa\/%d8%b5%d9%86%d8%a7%db%8c%d8%b9-%d8%af%d8%b3%d8%aa%db%8c-%d9%82%d9%85\/\">\u062e\u0631\u0645\u0647\u0631\u0647 \u0642\u0645<\/a><\/h3>\n<p>\u062f\u0648 \u0645\u0648\u0631\u062f \u06a9\u0627\u0631\u0628\u0631\u062f\u064a \u0645\u0634\u062e\u0635 <strong>\u062e\u0631\u0645\u0647\u0631\u0647<\/strong> \u0647\u0627 \u064a\u06a9\u064a \u0622\u0631\u0627\u0633\u062a\u0646 \u0686\u0647\u0627\u0631 \u067e\u0627\u064a\u0627\u0646 \u0648 \u062f\u064a\u06af\u0631\u064a \u062f\u0641\u0639 \u0686\u0634\u0645 \u0632\u062e\u0645 \u0645\u064a \u0628\u0627\u0634\u062f. \u0627\u0645\u0627 \u0646\u06a9\u062a\u0647 \u0627\u064a \u06a9\u0647 \u0628\u0647 \u062e\u0635\u0648\u0635 \u062f\u0631 \u0627\u0634\u0639\u0627\u0631 \u067e\u0627\u0631\u0633\u064a \u0628\u0627\u0631\u0647\u0627 \u0642\u0627\u0628\u0644 \u0645\u0634\u0627\u0647\u062f\u0647 \u0627\u0633\u062a. \u064a\u06a9 \u0648\u062c\u0647 \u06a9\u0627\u0631\u0628\u0631\u062f\u064a <strong>\u062e\u0631\u0645\u0647\u0631\u0647<\/strong> \u0627\u0633\u062a \u06a9\u0647 \u0647\u0631\u06af\u0632 \u0647\u0645\u0627\u0646\u0646\u062f \u0646\u0642\u0634 \u0637\u0644\u0633\u0645\u064a \u0648 \u0632\u064a\u0646\u062a\u064a \u0622\u0646 \u0628\u062f\u0627\u0646 \u0627\u0634\u0627\u0631\u0647 \u0646\u0634\u062f\u0647 \u0627\u0633\u062a. \u0648 \u0622\u0646 \u0627\u0631\u0632\u0634 <strong>\u062e\u0631\u0645\u0647\u0631\u0647<\/strong> \u0628\u0647 \u0645\u062b\u0627\u0628\u0647 \u064a \u0627\u0628\u0632\u0627\u0631\u064a \u062c\u0647\u062a \u062f\u0627\u062f \u0648 \u0633\u062a\u062f \u0627\u0633\u062a. \u06af\u0631\u0627\u0646\u0648\u064a\u0644 \u0628\u0631\u0627\u0648\u0646 \u062f\u0631 \u0634\u0631\u062d \u0633\u0641\u0627\u0631\u0634 \u0628\u0647 \u0642\u0645 \u0627\u0632 \u0635\u0646\u0639\u062a \u0633\u0627\u062e\u062a \u0627\u064a\u0646 \u0633\u0641\u0627\u0644\u064a\u0646\u0647 \u0647\u0627\u064a \u0622\u0628\u064a \u0631\u0646\u06af \u0632\u064a\u0628\u0627 \u062a\u062d\u062a \u0639\u0646\u0648\u0627\u0646 \u0645\u0647\u0645 \u062a\u0631\u064a\u0646 \u0645\u0635\u0646\u0648\u0639 \u0633\u0627\u062e\u062a \u0627\u064a\u0646 \u0634\u0647\u0631 \u064a\u0627\u062f \u0645\u064a \u06a9\u0646\u062f \u0648 \u0645\u064a \u0646\u0648\u064a\u0633\u062f: \u00bb\u0627\u0634\u064a\u0627\u064a \u06a9\u0648\u0686\u06a9 \u0628\u0633\u064a\u0627\u0631\u064a \u0628\u0627 \u0627\u064a\u0646 \u0645\u0627\u062f\u0647 \u0633\u0627\u062e\u062a\u0647 \u0627\u0646\u062f\u060c \u0645\u062b\u0644 \u0646\u0645\u06a9\u062f\u0627\u0646\u060c \u0686\u0631\u0627\u063a\u060c \u06a9\u0648\u0632\u0647\u060c \u0633\u0631\u0686\u067e\u0642\u060c \u062f\u0627\u0646\u0647 \u064a \u062a\u0633\u0628\u064a\u062d \u0648 \u0637\u0644\u0633\u0645 \u0647\u0627\u064a \u062f\u06a9\u0645\u0647 \u0645\u0627\u0646\u0646\u062f\u060c \u062f\u0631 \u0634\u06a9\u0644 \u0648 \u0627\u0646\u062f\u0627\u0632\u0647 \u0647\u0627 \u064a \u06af\u0648\u0646\u0627\u06af\u0648\u0646 \u06a9\u0647 \u0628\u064a\u0634\u062a\u0631 \u0628\u0631\u0627\u064a \u0633\u0627\u062e\u062a\u0646 \u06af\u0631\u062f\u0646\u0628\u0646\u062f \u0628\u0686\u0647 \u0647\u0627 \u0627\u0633\u062a\u0641\u0627\u062f\u0647 \u0645\u064a \u0634\u0648\u062f \u0648 \u064a\u0627 \u0628\u0631\u0627\u064a \u0622\u0648\u064a\u0632\u0627\u0646 \u06a9\u0631\u062f\u0646 \u0628\u0647 \u067e\u064a\u0634\u0627\u0646\u064a \u0627\u0633\u0628\u060c \u0642\u0627\u0637\u0631 \u0648 \u0627\u0645\u062b\u0627\u0644\u0647\u0645\u060c \u0628\u0647 \u0645\u0646\u0638\u0648\u0631 \u062c\u0644\u0648\u06af\u064a\u0631\u064a \u0648 \u062f\u0641\u0639 \u0686\u0634\u0645 \u0632\u062e\u0645.<\/p>\n<p style=\"text-align: center;\"><strong><span style=\"color: #000000;\">\u0648\u0627\u0646\u06a9\u0647 \u0631\u0627 <a href=\"https:\/\/fa.wikipedia.org\/wiki\/%D8%AE%D8%B1%D9%85%D9%87%D8%B1%D9%87\">\u062e\u0631\u0645\u0647\u0631\u0647<\/a> \u0628\u0648\u062f\u064a \u0628\u0627 \u0641\u0644\u0648\u0633\u00a0 \u00a0 \u00a0 \u00a0 \u0647\u0645 \u0628\u062f\u0633\u062a \u0627\u0641\u062a\u0627\u062f\u0647 \u0645\u0642\u062f\u0627\u0631 \u0633\u0628\u0648\u0633 <\/span><\/strong><\/p>\n","protected":false},"excerpt":{"rendered":"<p>Irak&#8217;\u0131n yedi delikli Khurmareh Irak&#8217;\u0131n yedi delikli Khurmareh : Irak&#8217;\u0131n yedi delikli Khurmareh:Khurmareh, Kum-\u0130ran&#8217;\u0131n el sanatlar\u0131 ve sanatlar\u0131 olan g\u00fczel turkuaz mavisi boncuklard\u0131r.Eskiden Araplar \u00e7ocuklar\u0131n\u0131 nazardan<span class=\"excerpt-hellip\"> [\u2026]<\/span><\/p>\n","protected":false},"featured_media":2318,"comment_status":"open","ping_status":"closed","template":"","meta":[],"product_cat":[52],"product_tag":[644,533,534],"yoast_head":"<!-- This site is optimized with the Yoast SEO plugin v20.6 - https:\/\/yoast.com\/wordpress\/plugins\/seo\/ -->\n<title>Irak&#039;\u0131n yedi delikli tarihleri - saadatmand el sanatlar\u0131<\/title>\n<meta name=\"description\" content=\"Irak&#039;\u0131n yedi delikli KhurmarehIrak&#039;\u0131n yedi delikli Khurmareh:Khurmareh, Kum-\u0130ran&#039;\u0131n el sanatlar\u0131 ve sanatlar\u0131 olan g\u00fczel turkuaz mavisi boncuklard\u0131r.\" \/>\n<meta name=\"robots\" content=\"index, follow, max-snippet:-1, max-image-preview:large, max-video-preview:-1\" \/>\n<link rel=\"canonical\" href=\"https:\/\/sdmcrafts.com\/tr\/product\/irakin-yedi-delikli-tarihleri\/\" \/>\n<meta property=\"og:locale\" content=\"fa_IR\" \/>\n<meta property=\"og:type\" content=\"article\" \/>\n<meta property=\"og:title\" content=\"Irak&#039;\u0131n yedi delikli tarihleri - saadatmand el sanatlar\u0131\" \/>\n<meta property=\"og:description\" content=\"Irak&#039;\u0131n yedi delikli KhurmarehIrak&#039;\u0131n yedi delikli Khurmareh:Khurmareh, Kum-\u0130ran&#039;\u0131n el sanatlar\u0131 ve sanatlar\u0131 olan g\u00fczel turkuaz mavisi boncuklard\u0131r.\" \/>\n<meta property=\"og:url\" content=\"https:\/\/sdmcrafts.com\/tr\/product\/irakin-yedi-delikli-tarihleri\/\" \/>\n<meta property=\"og:site_name\" content=\"saadatmand el sanatlar\u0131\" \/>\n<meta property=\"article:modified_time\" content=\"2024-03-13T12:20:12+00:00\" \/>\n<meta property=\"og:image\" content=\"https:\/\/sdmcrafts.com\/tr\/wp-content\/uploads\/2022\/07\/kh38.jpg\" \/>\n\t<meta property=\"og:image:width\" content=\"597\" \/>\n\t<meta property=\"og:image:height\" content=\"556\" \/>\n\t<meta property=\"og:image:type\" content=\"image\/jpeg\" \/>\n<meta name=\"twitter:card\" content=\"summary_large_image\" \/>\n<meta name=\"twitter:label1\" content=\"\u0632\u0645\u0627\u0646 \u062a\u0642\u0631\u06cc\u0628\u06cc \u0628\u0631\u0627\u06cc \u062e\u0648\u0627\u0646\u062f\u0646\" \/>\n\t<meta name=\"twitter:data1\" content=\"2 \u062f\u0642\u06cc\u0642\u0647\" \/>\n<script type=\"application\/ld+json\" class=\"yoast-schema-graph\">{\"@context\":\"https:\/\/schema.org\",\"@graph\":[{\"@type\":\"WebPage\",\"@id\":\"https:\/\/sdmcrafts.com\/tr\/product\/irakin-yedi-delikli-tarihleri\/\",\"url\":\"https:\/\/sdmcrafts.com\/tr\/product\/irakin-yedi-delikli-tarihleri\/\",\"name\":\"Irak'\u0131n yedi delikli tarihleri - saadatmand el sanatlar\u0131\",\"isPartOf\":{\"@id\":\"https:\/\/sdmcrafts.com\/tr\/#website\"},\"datePublished\":\"2022-07-12T07:55:39+00:00\",\"dateModified\":\"2024-03-13T12:20:12+00:00\",\"description\":\"Irak'\u0131n yedi delikli KhurmarehIrak'\u0131n yedi delikli Khurmareh:Khurmareh, Kum-\u0130ran'\u0131n el sanatlar\u0131 ve sanatlar\u0131 olan g\u00fczel turkuaz mavisi boncuklard\u0131r.\",\"breadcrumb\":{\"@id\":\"https:\/\/sdmcrafts.com\/tr\/product\/irakin-yedi-delikli-tarihleri\/#breadcrumb\"},\"inLanguage\":\"fa-IR\",\"potentialAction\":[{\"@type\":\"ReadAction\",\"target\":[\"https:\/\/sdmcrafts.com\/tr\/product\/irakin-yedi-delikli-tarihleri\/\"]}]},{\"@type\":\"BreadcrumbList\",\"@id\":\"https:\/\/sdmcrafts.com\/tr\/product\/irakin-yedi-delikli-tarihleri\/#breadcrumb\",\"itemListElement\":[{\"@type\":\"ListItem\",\"position\":1,\"name\":\"Sat\u0131n almak\",\"item\":\"https:\/\/sdmcrafts.com\/tr\/shop\/\"},{\"@type\":\"ListItem\",\"position\":2,\"name\":\"Irak&#8217;\u0131n yedi delikli tarihleri\"}]},{\"@type\":\"WebSite\",\"@id\":\"https:\/\/sdmcrafts.com\/tr\/#website\",\"url\":\"https:\/\/sdmcrafts.com\/tr\/\",\"name\":\"saadatmand el sanatlar\u0131\",\"description\":\"nazar boncu\u011fu,kharmohre\",\"publisher\":{\"@id\":\"https:\/\/sdmcrafts.com\/tr\/#organization\"},\"potentialAction\":[{\"@type\":\"SearchAction\",\"target\":{\"@type\":\"EntryPoint\",\"urlTemplate\":\"https:\/\/sdmcrafts.com\/tr\/?s={search_term_string}\"},\"query-input\":\"required name=search_term_string\"}],\"inLanguage\":\"fa-IR\"},{\"@type\":\"Organization\",\"@id\":\"https:\/\/sdmcrafts.com\/tr\/#organization\",\"name\":\"saadatmand el sanatlar\u0131\",\"url\":\"https:\/\/sdmcrafts.com\/tr\/\",\"logo\":{\"@type\":\"ImageObject\",\"inLanguage\":\"fa-IR\",\"@id\":\"https:\/\/sdmcrafts.com\/tr\/#\/schema\/logo\/image\/\",\"url\":\"https:\/\/sdmcrafts.com\/tr\/wp-content\/uploads\/2023\/04\/cropped-logosdm-1.png\",\"contentUrl\":\"https:\/\/sdmcrafts.com\/tr\/wp-content\/uploads\/2023\/04\/cropped-logosdm-1.png\",\"width\":300,\"height\":96,\"caption\":\"saadatmand el sanatlar\u0131\"},\"image\":{\"@id\":\"https:\/\/sdmcrafts.com\/tr\/#\/schema\/logo\/image\/\"}}]}<\/script>\n<!-- \/ Yoast SEO plugin. -->","yoast_head_json":{"title":"Irak'\u0131n yedi delikli tarihleri - saadatmand el sanatlar\u0131","description":"Irak'\u0131n yedi delikli KhurmarehIrak'\u0131n yedi delikli Khurmareh:Khurmareh, Kum-\u0130ran'\u0131n el sanatlar\u0131 ve sanatlar\u0131 olan g\u00fczel turkuaz mavisi boncuklard\u0131r.","robots":{"index":"index","follow":"follow","max-snippet":"max-snippet:-1","max-image-preview":"max-image-preview:large","max-video-preview":"max-video-preview:-1"},"canonical":"https:\/\/sdmcrafts.com\/tr\/product\/irakin-yedi-delikli-tarihleri\/","og_locale":"fa_IR","og_type":"article","og_title":"Irak'\u0131n yedi delikli tarihleri - saadatmand el sanatlar\u0131","og_description":"Irak'\u0131n yedi delikli KhurmarehIrak'\u0131n yedi delikli Khurmareh:Khurmareh, Kum-\u0130ran'\u0131n el sanatlar\u0131 ve sanatlar\u0131 olan g\u00fczel turkuaz mavisi boncuklard\u0131r.","og_url":"https:\/\/sdmcrafts.com\/tr\/product\/irakin-yedi-delikli-tarihleri\/","og_site_name":"saadatmand el sanatlar\u0131","article_modified_time":"2024-03-13T12:20:12+00:00","og_image":[{"width":597,"height":556,"url":"https:\/\/sdmcrafts.com\/tr\/wp-content\/uploads\/2022\/07\/kh38.jpg","type":"image\/jpeg"}],"twitter_card":"summary_large_image","twitter_misc":{"\u0632\u0645\u0627\u0646 \u062a\u0642\u0631\u06cc\u0628\u06cc \u0628\u0631\u0627\u06cc \u062e\u0648\u0627\u0646\u062f\u0646":"2 \u062f\u0642\u06cc\u0642\u0647"},"schema":{"@context":"https:\/\/schema.org","@graph":[{"@type":"WebPage","@id":"https:\/\/sdmcrafts.com\/tr\/product\/irakin-yedi-delikli-tarihleri\/","url":"https:\/\/sdmcrafts.com\/tr\/product\/irakin-yedi-delikli-tarihleri\/","name":"Irak'\u0131n yedi delikli tarihleri - saadatmand el sanatlar\u0131","isPartOf":{"@id":"https:\/\/sdmcrafts.com\/tr\/#website"},"datePublished":"2022-07-12T07:55:39+00:00","dateModified":"2024-03-13T12:20:12+00:00","description":"Irak'\u0131n yedi delikli KhurmarehIrak'\u0131n yedi delikli Khurmareh:Khurmareh, Kum-\u0130ran'\u0131n el sanatlar\u0131 ve sanatlar\u0131 olan g\u00fczel turkuaz mavisi boncuklard\u0131r.","breadcrumb":{"@id":"https:\/\/sdmcrafts.com\/tr\/product\/irakin-yedi-delikli-tarihleri\/#breadcrumb"},"inLanguage":"fa-IR","potentialAction":[{"@type":"ReadAction","target":["https:\/\/sdmcrafts.com\/tr\/product\/irakin-yedi-delikli-tarihleri\/"]}]},{"@type":"BreadcrumbList","@id":"https:\/\/sdmcrafts.com\/tr\/product\/irakin-yedi-delikli-tarihleri\/#breadcrumb","itemListElement":[{"@type":"ListItem","position":1,"name":"Sat\u0131n almak","item":"https:\/\/sdmcrafts.com\/tr\/shop\/"},{"@type":"ListItem","position":2,"name":"Irak&#8217;\u0131n yedi delikli tarihleri"}]},{"@type":"WebSite","@id":"https:\/\/sdmcrafts.com\/tr\/#website","url":"https:\/\/sdmcrafts.com\/tr\/","name":"saadatmand el sanatlar\u0131","description":"nazar boncu\u011fu,kharmohre","publisher":{"@id":"https:\/\/sdmcrafts.com\/tr\/#organization"},"potentialAction":[{"@type":"SearchAction","target":{"@type":"EntryPoint","urlTemplate":"https:\/\/sdmcrafts.com\/tr\/?s={search_term_string}"},"query-input":"required name=search_term_string"}],"inLanguage":"fa-IR"},{"@type":"Organization","@id":"https:\/\/sdmcrafts.com\/tr\/#organization","name":"saadatmand el sanatlar\u0131","url":"https:\/\/sdmcrafts.com\/tr\/","logo":{"@type":"ImageObject","inLanguage":"fa-IR","@id":"https:\/\/sdmcrafts.com\/tr\/#\/schema\/logo\/image\/","url":"https:\/\/sdmcrafts.com\/tr\/wp-content\/uploads\/2023\/04\/cropped-logosdm-1.png","contentUrl":"https:\/\/sdmcrafts.com\/tr\/wp-content\/uploads\/2023\/04\/cropped-logosdm-1.png","width":300,"height":96,"caption":"saadatmand el sanatlar\u0131"},"image":{"@id":"https:\/\/sdmcrafts.com\/tr\/#\/schema\/logo\/image\/"}}]}},"_links":{"self":[{"href":"https:\/\/sdmcrafts.com\/tr\/wp-json\/wp\/v2\/product\/2320"}],"collection":[{"href":"https:\/\/sdmcrafts.com\/tr\/wp-json\/wp\/v2\/product"}],"about":[{"href":"https:\/\/sdmcrafts.com\/tr\/wp-json\/wp\/v2\/types\/product"}],"replies":[{"embeddable":true,"href":"https:\/\/sdmcrafts.com\/tr\/wp-json\/wp\/v2\/comments?post=2320"}],"wp:featuredmedia":[{"embeddable":true,"href":"https:\/\/sdmcrafts.com\/tr\/wp-json\/wp\/v2\/media\/2318"}],"wp:attachment":[{"href":"https:\/\/sdmcrafts.com\/tr\/wp-json\/wp\/v2\/media?parent=2320"}],"wp:term":[{"taxonomy":"product_cat","embeddable":true,"href":"https:\/\/sdmcrafts.com\/tr\/wp-json\/wp\/v2\/product_cat?post=2320"},{"taxonomy":"product_tag","embeddable":true,"href":"https:\/\/sdmcrafts.com\/tr\/wp-json\/wp\/v2\/product_tag?post=2320"}],"curies":[{"name":"wp","href":"https:\/\/api.w.org\/{rel}","templated":true}]}}