{"id":2312,"date":"2022-07-11T07:19:50","date_gmt":"2022-07-11T07:19:50","guid":{"rendered":"https:\/\/sdmcrafts.com\/fa\/?post_type=product&#038;p=2312"},"modified":"2024-03-13T12:21:48","modified_gmt":"2024-03-13T12:21:48","slug":"bes-tuylu-cicek-kharmohre","status":"publish","type":"product","link":"https:\/\/sdmcrafts.com\/tr\/product\/bes-tuylu-cicek-kharmohre\/","title":{"rendered":"Be\u015f t\u00fcyl\u00fc \u00e7i\u00e7ek kharmohre"},"content":{"rendered":"<h2><\/h2>\n<h2 style=\"text-align: left;\">Be\u015f t\u00fcyl\u00fc \u00e7i\u00e7ek kharmohre<\/h2>\n<p style=\"text-align: left;\">kharmohrelarin farkl\u0131 \u015fekilleri vard\u0131r ve Be\u015f t\u00fcyl\u00fc \u00e7i\u00e7ek kharmohrasi Bu onlar\u0131n t\u00fcrlerinden biridir. kharmohre \u0130ran&#8217;\u0131n en eski el sanatlar\u0131ndan biridir.kharmohrelar Asl\u0131nda silikon g\u00f6vdeli ve turkuaz mavisi s\u0131rl\u0131 kapakl\u0131 m\u00fch\u00fcrlerdir ve Ge\u00e7mi\u015ften g\u00fcn\u00fcm\u00fcze\u00a0 \u0130ranl\u0131lar\u0131n ilgi oda\u011f\u0131 olmu\u015ftur. gozlok ilgili halk inan\u0131\u015flar\u0131nda kharmohre bulunabilir ve Ayn\u0131 zamanda pop\u00fcler k\u00fclt\u00fcrle ilgili daha \u00f6nceki bir\u00e7ok edebi eserde ve kaynakta da bulundu .kharmohre Fars\u00e7a \u015fiirlerde \u00e7ok\u00e7a konu\u015fulan g\u00f6zlok ge\u00e7irme arac\u0131 olmas\u0131n\u0131n yan\u0131 s\u0131ra, baz\u0131 d\u00f6nemlerde ticaret amac\u0131yla da kullan\u0131lm\u0131\u015f ve ticaret arac\u0131 rol\u00fcn\u00fc \u00fcstlenmi\u015ftir..<\/p>\n<p>&nbsp;<\/p>\n<p>&nbsp;<\/p>\n<h2 style=\"text-align: left;\">kharmohre tan\u0131mlar\u0131<\/h2>\n<p style=\"text-align: left; padding-right: 40px;\">Khormahreh&#8217;in tan\u0131mlar\u0131ndan biri \u015fu \u015fekilde ifade edilir :&lt; Kola ba\u011flanan boncuklar a\u011fr\u0131l\u0131 g\u00f6zleri uzakla\u015ft\u0131r\u0131r&gt;Muska tan\u0131m\u0131nda da ge\u00e7iyor &lt;K\u00f6t\u00fcl\u00fckten korunmak i\u00e7in bo\u011faza ve kola ba\u011flanan dualar, kameha ve panam ve nazardan ve k\u00f6t\u00fcl\u00fckten korunmak i\u00e7in kola ba\u011flanan ve boyna as\u0131lan her \u015fey.&gt; Abulqasem Ferdowsi Shahnameh&#8217;de \u015funlar\u0131 yazd\u0131:1<\/p>\n<p style=\"text-align: left;\">hamijanash az raftan man bekhast\u00a0 \u00a0 \u00a0 \u00a0 \u00a0 \u00a0 \u00a0 \u00a0 yeki mihre bar bazoye man bebast<\/p>\n<p>&nbsp;<\/p>\n<p>&nbsp;<\/p>\n<h2 style=\"text-align: left;\">Antik M\u0131s\u0131r&#8217;daki kharmohre<\/h2>\n<p style=\"text-align: left;\">Son y\u0131llarda ve arkeologlar\u0131n ke\u015fiflerinin ard\u0131ndan Kum&#8217;un (\u0130ran) Khurmohra&#8217;s\u0131 ve eski M\u0131s\u0131r&#8217;daki benzer \u00e7al\u0131\u015fmalar\u0131 ara\u015ft\u0131rmac\u0131lar taraf\u0131ndan giderek daha fazla fark ediliyor. \u015eu ana kadar M\u0131s\u0131r ve \u0130ran&#8217;da bulunan par\u00e7alar aras\u0131nda detayl\u0131 bir kar\u015f\u0131la\u015ft\u0131rma yap\u0131lmad\u0131 ancak mevcut \u00e7al\u0131\u015fmalar, bunlar\u0131n k\u00f6kenlerinin her iki medeniyette de uzun bir ge\u00e7mi\u015fe sahip oldu\u011funu g\u00f6steriyor.<\/p>\n<p>&nbsp;<\/p>\n","protected":false},"excerpt":{"rendered":"<p>Be\u015f t\u00fcyl\u00fc \u00e7i\u00e7ek kharmohre kharmohrelarin farkl\u0131 \u015fekilleri vard\u0131r ve Be\u015f t\u00fcyl\u00fc \u00e7i\u00e7ek kharmohrasi Bu onlar\u0131n t\u00fcrlerinden biridir. kharmohre \u0130ran&#8217;\u0131n en eski el sanatlar\u0131ndan biridir.kharmohrelar Asl\u0131nda silikon<span class=\"excerpt-hellip\"> [\u2026]<\/span><\/p>\n","protected":false},"featured_media":652,"comment_status":"open","ping_status":"closed","template":"","meta":[],"product_cat":[52],"product_tag":[671,669,670],"yoast_head":"<!-- This site is optimized with the Yoast SEO plugin v20.6 - https:\/\/yoast.com\/wordpress\/plugins\/seo\/ -->\n<title>Be\u015f t\u00fcyl\u00fc \u00e7i\u00e7ek kharmohre - saadatmand el sanatlar\u0131<\/title>\n<meta name=\"description\" content=\"Be\u015f t\u00fcyl\u00fc \u00e7i\u00e7ek kharmohrekharmohrelarin farkl\u0131 \u015fekilleri vard\u0131r ve Be\u015f t\u00fcyl\u00fc \u00e7i\u00e7ek kharmohrasi Bu onlar\u0131n t\u00fcrlerinden biridir.\" \/>\n<meta name=\"robots\" content=\"index, follow, max-snippet:-1, max-image-preview:large, max-video-preview:-1\" \/>\n<link rel=\"canonical\" href=\"https:\/\/sdmcrafts.com\/tr\/product\/bes-tuylu-cicek-kharmohre\/\" \/>\n<meta property=\"og:locale\" content=\"fa_IR\" \/>\n<meta property=\"og:type\" content=\"article\" \/>\n<meta property=\"og:title\" content=\"Be\u015f t\u00fcyl\u00fc \u00e7i\u00e7ek kharmohre - saadatmand el sanatlar\u0131\" \/>\n<meta property=\"og:description\" content=\"Be\u015f t\u00fcyl\u00fc \u00e7i\u00e7ek kharmohrekharmohrelarin farkl\u0131 \u015fekilleri vard\u0131r ve Be\u015f t\u00fcyl\u00fc \u00e7i\u00e7ek kharmohrasi Bu onlar\u0131n t\u00fcrlerinden biridir.\" \/>\n<meta property=\"og:url\" content=\"https:\/\/sdmcrafts.com\/tr\/product\/bes-tuylu-cicek-kharmohre\/\" \/>\n<meta property=\"og:site_name\" content=\"saadatmand el sanatlar\u0131\" \/>\n<meta property=\"article:modified_time\" content=\"2024-03-13T12:21:48+00:00\" \/>\n<meta property=\"og:image\" content=\"https:\/\/sdmcrafts.com\/tr\/wp-content\/uploads\/2017\/03\/kh23.jpg\" \/>\n\t<meta property=\"og:image:width\" content=\"597\" \/>\n\t<meta property=\"og:image:height\" content=\"556\" \/>\n\t<meta property=\"og:image:type\" content=\"image\/jpeg\" \/>\n<meta name=\"twitter:card\" content=\"summary_large_image\" \/>\n<meta name=\"twitter:label1\" content=\"\u0632\u0645\u0627\u0646 \u062a\u0642\u0631\u06cc\u0628\u06cc \u0628\u0631\u0627\u06cc \u062e\u0648\u0627\u0646\u062f\u0646\" \/>\n\t<meta name=\"twitter:data1\" content=\"2 \u062f\u0642\u06cc\u0642\u0647\" \/>\n<script type=\"application\/ld+json\" class=\"yoast-schema-graph\">{\"@context\":\"https:\/\/schema.org\",\"@graph\":[{\"@type\":\"WebPage\",\"@id\":\"https:\/\/sdmcrafts.com\/tr\/product\/bes-tuylu-cicek-kharmohre\/\",\"url\":\"https:\/\/sdmcrafts.com\/tr\/product\/bes-tuylu-cicek-kharmohre\/\",\"name\":\"Be\u015f t\u00fcyl\u00fc \u00e7i\u00e7ek kharmohre - saadatmand el sanatlar\u0131\",\"isPartOf\":{\"@id\":\"https:\/\/sdmcrafts.com\/tr\/#website\"},\"datePublished\":\"2022-07-11T07:19:50+00:00\",\"dateModified\":\"2024-03-13T12:21:48+00:00\",\"description\":\"Be\u015f t\u00fcyl\u00fc \u00e7i\u00e7ek kharmohrekharmohrelarin farkl\u0131 \u015fekilleri vard\u0131r ve Be\u015f t\u00fcyl\u00fc \u00e7i\u00e7ek kharmohrasi Bu onlar\u0131n t\u00fcrlerinden biridir.\",\"breadcrumb\":{\"@id\":\"https:\/\/sdmcrafts.com\/tr\/product\/bes-tuylu-cicek-kharmohre\/#breadcrumb\"},\"inLanguage\":\"fa-IR\",\"potentialAction\":[{\"@type\":\"ReadAction\",\"target\":[\"https:\/\/sdmcrafts.com\/tr\/product\/bes-tuylu-cicek-kharmohre\/\"]}]},{\"@type\":\"BreadcrumbList\",\"@id\":\"https:\/\/sdmcrafts.com\/tr\/product\/bes-tuylu-cicek-kharmohre\/#breadcrumb\",\"itemListElement\":[{\"@type\":\"ListItem\",\"position\":1,\"name\":\"Sat\u0131n almak\",\"item\":\"https:\/\/sdmcrafts.com\/tr\/shop\/\"},{\"@type\":\"ListItem\",\"position\":2,\"name\":\"Be\u015f t\u00fcyl\u00fc \u00e7i\u00e7ek kharmohre\"}]},{\"@type\":\"WebSite\",\"@id\":\"https:\/\/sdmcrafts.com\/tr\/#website\",\"url\":\"https:\/\/sdmcrafts.com\/tr\/\",\"name\":\"saadatmand el sanatlar\u0131\",\"description\":\"nazar boncu\u011fu,kharmohre\",\"publisher\":{\"@id\":\"https:\/\/sdmcrafts.com\/tr\/#organization\"},\"potentialAction\":[{\"@type\":\"SearchAction\",\"target\":{\"@type\":\"EntryPoint\",\"urlTemplate\":\"https:\/\/sdmcrafts.com\/tr\/?s={search_term_string}\"},\"query-input\":\"required name=search_term_string\"}],\"inLanguage\":\"fa-IR\"},{\"@type\":\"Organization\",\"@id\":\"https:\/\/sdmcrafts.com\/tr\/#organization\",\"name\":\"saadatmand el sanatlar\u0131\",\"url\":\"https:\/\/sdmcrafts.com\/tr\/\",\"logo\":{\"@type\":\"ImageObject\",\"inLanguage\":\"fa-IR\",\"@id\":\"https:\/\/sdmcrafts.com\/tr\/#\/schema\/logo\/image\/\",\"url\":\"https:\/\/sdmcrafts.com\/tr\/wp-content\/uploads\/2023\/04\/cropped-logosdm-1.png\",\"contentUrl\":\"https:\/\/sdmcrafts.com\/tr\/wp-content\/uploads\/2023\/04\/cropped-logosdm-1.png\",\"width\":300,\"height\":96,\"caption\":\"saadatmand el sanatlar\u0131\"},\"image\":{\"@id\":\"https:\/\/sdmcrafts.com\/tr\/#\/schema\/logo\/image\/\"}}]}<\/script>\n<!-- \/ Yoast SEO plugin. -->","yoast_head_json":{"title":"Be\u015f t\u00fcyl\u00fc \u00e7i\u00e7ek kharmohre - saadatmand el sanatlar\u0131","description":"Be\u015f t\u00fcyl\u00fc \u00e7i\u00e7ek kharmohrekharmohrelarin farkl\u0131 \u015fekilleri vard\u0131r ve Be\u015f t\u00fcyl\u00fc \u00e7i\u00e7ek kharmohrasi Bu onlar\u0131n t\u00fcrlerinden biridir.","robots":{"index":"index","follow":"follow","max-snippet":"max-snippet:-1","max-image-preview":"max-image-preview:large","max-video-preview":"max-video-preview:-1"},"canonical":"https:\/\/sdmcrafts.com\/tr\/product\/bes-tuylu-cicek-kharmohre\/","og_locale":"fa_IR","og_type":"article","og_title":"Be\u015f t\u00fcyl\u00fc \u00e7i\u00e7ek kharmohre - saadatmand el sanatlar\u0131","og_description":"Be\u015f t\u00fcyl\u00fc \u00e7i\u00e7ek kharmohrekharmohrelarin farkl\u0131 \u015fekilleri vard\u0131r ve Be\u015f t\u00fcyl\u00fc \u00e7i\u00e7ek kharmohrasi Bu onlar\u0131n t\u00fcrlerinden biridir.","og_url":"https:\/\/sdmcrafts.com\/tr\/product\/bes-tuylu-cicek-kharmohre\/","og_site_name":"saadatmand el sanatlar\u0131","article_modified_time":"2024-03-13T12:21:48+00:00","og_image":[{"width":597,"height":556,"url":"https:\/\/sdmcrafts.com\/tr\/wp-content\/uploads\/2017\/03\/kh23.jpg","type":"image\/jpeg"}],"twitter_card":"summary_large_image","twitter_misc":{"\u0632\u0645\u0627\u0646 \u062a\u0642\u0631\u06cc\u0628\u06cc \u0628\u0631\u0627\u06cc \u062e\u0648\u0627\u0646\u062f\u0646":"2 \u062f\u0642\u06cc\u0642\u0647"},"schema":{"@context":"https:\/\/schema.org","@graph":[{"@type":"WebPage","@id":"https:\/\/sdmcrafts.com\/tr\/product\/bes-tuylu-cicek-kharmohre\/","url":"https:\/\/sdmcrafts.com\/tr\/product\/bes-tuylu-cicek-kharmohre\/","name":"Be\u015f t\u00fcyl\u00fc \u00e7i\u00e7ek kharmohre - saadatmand el sanatlar\u0131","isPartOf":{"@id":"https:\/\/sdmcrafts.com\/tr\/#website"},"datePublished":"2022-07-11T07:19:50+00:00","dateModified":"2024-03-13T12:21:48+00:00","description":"Be\u015f t\u00fcyl\u00fc \u00e7i\u00e7ek kharmohrekharmohrelarin farkl\u0131 \u015fekilleri vard\u0131r ve Be\u015f t\u00fcyl\u00fc \u00e7i\u00e7ek kharmohrasi Bu onlar\u0131n t\u00fcrlerinden biridir.","breadcrumb":{"@id":"https:\/\/sdmcrafts.com\/tr\/product\/bes-tuylu-cicek-kharmohre\/#breadcrumb"},"inLanguage":"fa-IR","potentialAction":[{"@type":"ReadAction","target":["https:\/\/sdmcrafts.com\/tr\/product\/bes-tuylu-cicek-kharmohre\/"]}]},{"@type":"BreadcrumbList","@id":"https:\/\/sdmcrafts.com\/tr\/product\/bes-tuylu-cicek-kharmohre\/#breadcrumb","itemListElement":[{"@type":"ListItem","position":1,"name":"Sat\u0131n almak","item":"https:\/\/sdmcrafts.com\/tr\/shop\/"},{"@type":"ListItem","position":2,"name":"Be\u015f t\u00fcyl\u00fc \u00e7i\u00e7ek kharmohre"}]},{"@type":"WebSite","@id":"https:\/\/sdmcrafts.com\/tr\/#website","url":"https:\/\/sdmcrafts.com\/tr\/","name":"saadatmand el sanatlar\u0131","description":"nazar boncu\u011fu,kharmohre","publisher":{"@id":"https:\/\/sdmcrafts.com\/tr\/#organization"},"potentialAction":[{"@type":"SearchAction","target":{"@type":"EntryPoint","urlTemplate":"https:\/\/sdmcrafts.com\/tr\/?s={search_term_string}"},"query-input":"required name=search_term_string"}],"inLanguage":"fa-IR"},{"@type":"Organization","@id":"https:\/\/sdmcrafts.com\/tr\/#organization","name":"saadatmand el sanatlar\u0131","url":"https:\/\/sdmcrafts.com\/tr\/","logo":{"@type":"ImageObject","inLanguage":"fa-IR","@id":"https:\/\/sdmcrafts.com\/tr\/#\/schema\/logo\/image\/","url":"https:\/\/sdmcrafts.com\/tr\/wp-content\/uploads\/2023\/04\/cropped-logosdm-1.png","contentUrl":"https:\/\/sdmcrafts.com\/tr\/wp-content\/uploads\/2023\/04\/cropped-logosdm-1.png","width":300,"height":96,"caption":"saadatmand el sanatlar\u0131"},"image":{"@id":"https:\/\/sdmcrafts.com\/tr\/#\/schema\/logo\/image\/"}}]}},"_links":{"self":[{"href":"https:\/\/sdmcrafts.com\/tr\/wp-json\/wp\/v2\/product\/2312"}],"collection":[{"href":"https:\/\/sdmcrafts.com\/tr\/wp-json\/wp\/v2\/product"}],"about":[{"href":"https:\/\/sdmcrafts.com\/tr\/wp-json\/wp\/v2\/types\/product"}],"replies":[{"embeddable":true,"href":"https:\/\/sdmcrafts.com\/tr\/wp-json\/wp\/v2\/comments?post=2312"}],"wp:featuredmedia":[{"embeddable":true,"href":"https:\/\/sdmcrafts.com\/tr\/wp-json\/wp\/v2\/media\/652"}],"wp:attachment":[{"href":"https:\/\/sdmcrafts.com\/tr\/wp-json\/wp\/v2\/media?parent=2312"}],"wp:term":[{"taxonomy":"product_cat","embeddable":true,"href":"https:\/\/sdmcrafts.com\/tr\/wp-json\/wp\/v2\/product_cat?post=2312"},{"taxonomy":"product_tag","embeddable":true,"href":"https:\/\/sdmcrafts.com\/tr\/wp-json\/wp\/v2\/product_tag?post=2312"}],"curies":[{"name":"wp","href":"https:\/\/api.w.org\/{rel}","templated":true}]}}