{"id":2286,"date":"2022-02-09T18:00:58","date_gmt":"2022-02-09T18:00:58","guid":{"rendered":"https:\/\/sdmcrafts.com\/fa\/?post_type=product&#038;p=2286"},"modified":"2024-03-13T12:23:21","modified_gmt":"2024-03-13T12:23:21","slug":"at-nali-kharmohrasi","status":"publish","type":"product","link":"https:\/\/sdmcrafts.com\/tr\/product\/at-nali-kharmohrasi\/","title":{"rendered":"At nal\u0131 kharmohrasi"},"content":{"rendered":"<h2 style=\"text-align: left;\">At nal\u0131 kharmohrasi<\/h2>\n<p style=\"text-align: left;\">At nal\u0131 kharmohrasi en \u00f6zel ve g\u00fczel el sanatlar\u0131ndan biridir. At nal\u0131, \u0130ran k\u00fclt\u00fcr\u00fcnde ge\u00e7mi\u015ften g\u00fcn\u00fcm\u00fcze kadar g\u00f6z a\u011fr\u0131lar\u0131na \u015fifa olarak kullan\u0131lm\u0131\u015ft\u0131r. Trabzon kharmohrasi ise koyu mavi rengiyle Ortado\u011fu k\u00fclt\u00fcr\u00fcnde nazar giderici olarak kabul edilmi\u015ftir ve bunu a\u015fa\u011f\u0131da anlataca\u011f\u0131z. \u00c7e\u015fitli tasar\u0131mlardaki kharmohralar art\u0131k Saadatmand ailesi taraf\u0131ndan yayg\u0131n olarak \u00fcretilmekte ve di\u011fer \u00fclkelere ihra\u00e7 edilmektedir.<\/p>\n<p>&nbsp;<\/p>\n<h2 style=\"text-align: left;\">Yazarlar Khurmareh&#8217;e at\u0131fta bulunuyor<\/h2>\n<p style=\"text-align: left;\">Johar Nishaburi, Hicri altiminji y\u00fczy\u0131l\u0131n sonlar\u0131na ait Javahernameh Nizami kitab\u0131nda, modernkharmohre\u00a0 t\u00fcrlerinden biri olan end\u00fcstriyel turkuaz\u0131n yap\u0131lma y\u00f6nteminden bahsetmektedir. Yakla\u015f\u0131k y\u00fcz y\u0131l sonra Ebul Kas\u0131m Abdullah Ka\u015fani de Arais el-Cevahir ve Nafais el-Ataib adl\u0131 kitab\u0131nda \u015fu ba\u015fl\u0131klarla b\u00f6l\u00fcmler yazm\u0131\u015ft\u0131r:&#8221;Firuze&#8217;yi ustal\u0131kla kim yapt\u0131&#8221; ve &#8220;Firoze&#8217;nin ihaneti ve H\u0131z\u0131r&#8217;\u0131n ilmi&#8221; kharmohre\u00a0yap\u0131m y\u00f6ntemini a\u00e7\u0131kl\u0131yor. \u0130ran&#8217;da son y\u0131llarda hammadde ve kharmohre s\u0131rlama tekni\u011fi ile ilgili bilim \u00e7evrelerinde \u00e7e\u015fitli konular g\u00fcndeme geliyor.<\/p>\n<p style=\"text-align: left;\">Wolf, alkali mavi s\u0131rlar\u0131n M\u0131s\u0131r&#8217;daki ve ard\u0131ndan Mezopotamya&#8217;daki k\u00f6keninden bahseder. Kum&#8217;daki bir \u00fcretim at\u00f6lyesini ziyaret ederek \u0130ran&#8217;da kharmohre \u00fcretimi ve arkeologlar\u0131n ke\u015fiflerinden yararlanarak M\u0131s\u0131r ezmesi \u00fcretimi hakk\u0131nda bilgi alabilirsiniz. O zamana kadar bat\u0131 d\u00fcnyas\u0131nda bilinmeyen kharmohre s\u0131rlama y\u00f6ntemi hakk\u0131nda ilk kez 1968 y\u0131l\u0131nda makale yazd\u0131. Glock ve Glock ayr\u0131ca Kum&#8217;un eteklerindeki ba\u015fka bir kharmohre imalat\u00e7\u0131s\u0131n\u0131 da ziyaret etti. Bu \u00fcreticilerin &#8220;s\u0131r saklayarak ve yanl\u0131\u015f bilgi yayarak \u00fcr\u00fcnlerinin tekelini koruduklar\u0131n\u0131&#8221; belirttiler.<\/p>\n","protected":false},"excerpt":{"rendered":"<p>\u062e\u0631\u0645\u0647\u0631\u0647 \u0646\u0639\u0644 \u062e\u06cc\u0644\u06cc \u0628\u0632\u0631\u06af \u2013 \u0628\u0633\u062a\u0647 \u06f2\u06f5 \u0639\u062f\u062f\u06cc \u062f\u0631\u062c\u0647 \u06f1<\/p>\n","protected":false},"featured_media":629,"comment_status":"open","ping_status":"closed","template":"","meta":[],"product_cat":[52],"product_tag":[672,673],"yoast_head":"<!-- This site is optimized with the Yoast SEO plugin v20.6 - https:\/\/yoast.com\/wordpress\/plugins\/seo\/ -->\n<title>At nal\u0131 kharmohrasi - saadatmand el sanatlar\u0131<\/title>\n<meta name=\"description\" content=\"At nal\u0131 kharmohrasiAt nal\u0131 kharmohrasi en \u00f6zel ve g\u00fczel el sanatlar\u0131ndan biridir. At nal\u0131, \u0130ran k\u00fclt\u00fcr\u00fcnde ge\u00e7mi\u015ften........\" \/>\n<meta name=\"robots\" content=\"index, follow, max-snippet:-1, max-image-preview:large, max-video-preview:-1\" \/>\n<link rel=\"canonical\" href=\"https:\/\/sdmcrafts.com\/tr\/product\/at-nali-kharmohrasi\/\" \/>\n<meta property=\"og:locale\" content=\"fa_IR\" \/>\n<meta property=\"og:type\" content=\"article\" \/>\n<meta property=\"og:title\" content=\"At nal\u0131 kharmohrasi - saadatmand el sanatlar\u0131\" \/>\n<meta property=\"og:description\" content=\"At nal\u0131 kharmohrasiAt nal\u0131 kharmohrasi en \u00f6zel ve g\u00fczel el sanatlar\u0131ndan biridir. At nal\u0131, \u0130ran k\u00fclt\u00fcr\u00fcnde ge\u00e7mi\u015ften........\" \/>\n<meta property=\"og:url\" content=\"https:\/\/sdmcrafts.com\/tr\/product\/at-nali-kharmohrasi\/\" \/>\n<meta property=\"og:site_name\" content=\"saadatmand el sanatlar\u0131\" \/>\n<meta property=\"article:modified_time\" content=\"2024-03-13T12:23:21+00:00\" \/>\n<meta property=\"og:image\" content=\"https:\/\/sdmcrafts.com\/tr\/wp-content\/uploads\/2017\/03\/kh12.jpg\" \/>\n\t<meta property=\"og:image:width\" content=\"597\" \/>\n\t<meta property=\"og:image:height\" content=\"556\" \/>\n\t<meta property=\"og:image:type\" content=\"image\/jpeg\" \/>\n<meta name=\"twitter:card\" content=\"summary_large_image\" \/>\n<meta name=\"twitter:label1\" content=\"\u0632\u0645\u0627\u0646 \u062a\u0642\u0631\u06cc\u0628\u06cc \u0628\u0631\u0627\u06cc \u062e\u0648\u0627\u0646\u062f\u0646\" \/>\n\t<meta name=\"twitter:data1\" content=\"2 \u062f\u0642\u06cc\u0642\u0647\" \/>\n<script type=\"application\/ld+json\" class=\"yoast-schema-graph\">{\"@context\":\"https:\/\/schema.org\",\"@graph\":[{\"@type\":\"WebPage\",\"@id\":\"https:\/\/sdmcrafts.com\/tr\/product\/at-nali-kharmohrasi\/\",\"url\":\"https:\/\/sdmcrafts.com\/tr\/product\/at-nali-kharmohrasi\/\",\"name\":\"At nal\u0131 kharmohrasi - saadatmand el sanatlar\u0131\",\"isPartOf\":{\"@id\":\"https:\/\/sdmcrafts.com\/tr\/#website\"},\"datePublished\":\"2022-02-09T18:00:58+00:00\",\"dateModified\":\"2024-03-13T12:23:21+00:00\",\"description\":\"At nal\u0131 kharmohrasiAt nal\u0131 kharmohrasi en \u00f6zel ve g\u00fczel el sanatlar\u0131ndan biridir. At nal\u0131, \u0130ran k\u00fclt\u00fcr\u00fcnde ge\u00e7mi\u015ften........\",\"breadcrumb\":{\"@id\":\"https:\/\/sdmcrafts.com\/tr\/product\/at-nali-kharmohrasi\/#breadcrumb\"},\"inLanguage\":\"fa-IR\",\"potentialAction\":[{\"@type\":\"ReadAction\",\"target\":[\"https:\/\/sdmcrafts.com\/tr\/product\/at-nali-kharmohrasi\/\"]}]},{\"@type\":\"BreadcrumbList\",\"@id\":\"https:\/\/sdmcrafts.com\/tr\/product\/at-nali-kharmohrasi\/#breadcrumb\",\"itemListElement\":[{\"@type\":\"ListItem\",\"position\":1,\"name\":\"Sat\u0131n almak\",\"item\":\"https:\/\/sdmcrafts.com\/tr\/shop\/\"},{\"@type\":\"ListItem\",\"position\":2,\"name\":\"At nal\u0131 kharmohrasi\"}]},{\"@type\":\"WebSite\",\"@id\":\"https:\/\/sdmcrafts.com\/tr\/#website\",\"url\":\"https:\/\/sdmcrafts.com\/tr\/\",\"name\":\"saadatmand el sanatlar\u0131\",\"description\":\"nazar boncu\u011fu,kharmohre\",\"publisher\":{\"@id\":\"https:\/\/sdmcrafts.com\/tr\/#organization\"},\"potentialAction\":[{\"@type\":\"SearchAction\",\"target\":{\"@type\":\"EntryPoint\",\"urlTemplate\":\"https:\/\/sdmcrafts.com\/tr\/?s={search_term_string}\"},\"query-input\":\"required name=search_term_string\"}],\"inLanguage\":\"fa-IR\"},{\"@type\":\"Organization\",\"@id\":\"https:\/\/sdmcrafts.com\/tr\/#organization\",\"name\":\"saadatmand el sanatlar\u0131\",\"url\":\"https:\/\/sdmcrafts.com\/tr\/\",\"logo\":{\"@type\":\"ImageObject\",\"inLanguage\":\"fa-IR\",\"@id\":\"https:\/\/sdmcrafts.com\/tr\/#\/schema\/logo\/image\/\",\"url\":\"https:\/\/sdmcrafts.com\/tr\/wp-content\/uploads\/2023\/04\/cropped-logosdm-1.png\",\"contentUrl\":\"https:\/\/sdmcrafts.com\/tr\/wp-content\/uploads\/2023\/04\/cropped-logosdm-1.png\",\"width\":300,\"height\":96,\"caption\":\"saadatmand el sanatlar\u0131\"},\"image\":{\"@id\":\"https:\/\/sdmcrafts.com\/tr\/#\/schema\/logo\/image\/\"}}]}<\/script>\n<!-- \/ Yoast SEO plugin. -->","yoast_head_json":{"title":"At nal\u0131 kharmohrasi - saadatmand el sanatlar\u0131","description":"At nal\u0131 kharmohrasiAt nal\u0131 kharmohrasi en \u00f6zel ve g\u00fczel el sanatlar\u0131ndan biridir. At nal\u0131, \u0130ran k\u00fclt\u00fcr\u00fcnde ge\u00e7mi\u015ften........","robots":{"index":"index","follow":"follow","max-snippet":"max-snippet:-1","max-image-preview":"max-image-preview:large","max-video-preview":"max-video-preview:-1"},"canonical":"https:\/\/sdmcrafts.com\/tr\/product\/at-nali-kharmohrasi\/","og_locale":"fa_IR","og_type":"article","og_title":"At nal\u0131 kharmohrasi - saadatmand el sanatlar\u0131","og_description":"At nal\u0131 kharmohrasiAt nal\u0131 kharmohrasi en \u00f6zel ve g\u00fczel el sanatlar\u0131ndan biridir. At nal\u0131, \u0130ran k\u00fclt\u00fcr\u00fcnde ge\u00e7mi\u015ften........","og_url":"https:\/\/sdmcrafts.com\/tr\/product\/at-nali-kharmohrasi\/","og_site_name":"saadatmand el sanatlar\u0131","article_modified_time":"2024-03-13T12:23:21+00:00","og_image":[{"width":597,"height":556,"url":"https:\/\/sdmcrafts.com\/tr\/wp-content\/uploads\/2017\/03\/kh12.jpg","type":"image\/jpeg"}],"twitter_card":"summary_large_image","twitter_misc":{"\u0632\u0645\u0627\u0646 \u062a\u0642\u0631\u06cc\u0628\u06cc \u0628\u0631\u0627\u06cc \u062e\u0648\u0627\u0646\u062f\u0646":"2 \u062f\u0642\u06cc\u0642\u0647"},"schema":{"@context":"https:\/\/schema.org","@graph":[{"@type":"WebPage","@id":"https:\/\/sdmcrafts.com\/tr\/product\/at-nali-kharmohrasi\/","url":"https:\/\/sdmcrafts.com\/tr\/product\/at-nali-kharmohrasi\/","name":"At nal\u0131 kharmohrasi - saadatmand el sanatlar\u0131","isPartOf":{"@id":"https:\/\/sdmcrafts.com\/tr\/#website"},"datePublished":"2022-02-09T18:00:58+00:00","dateModified":"2024-03-13T12:23:21+00:00","description":"At nal\u0131 kharmohrasiAt nal\u0131 kharmohrasi en \u00f6zel ve g\u00fczel el sanatlar\u0131ndan biridir. At nal\u0131, \u0130ran k\u00fclt\u00fcr\u00fcnde ge\u00e7mi\u015ften........","breadcrumb":{"@id":"https:\/\/sdmcrafts.com\/tr\/product\/at-nali-kharmohrasi\/#breadcrumb"},"inLanguage":"fa-IR","potentialAction":[{"@type":"ReadAction","target":["https:\/\/sdmcrafts.com\/tr\/product\/at-nali-kharmohrasi\/"]}]},{"@type":"BreadcrumbList","@id":"https:\/\/sdmcrafts.com\/tr\/product\/at-nali-kharmohrasi\/#breadcrumb","itemListElement":[{"@type":"ListItem","position":1,"name":"Sat\u0131n almak","item":"https:\/\/sdmcrafts.com\/tr\/shop\/"},{"@type":"ListItem","position":2,"name":"At nal\u0131 kharmohrasi"}]},{"@type":"WebSite","@id":"https:\/\/sdmcrafts.com\/tr\/#website","url":"https:\/\/sdmcrafts.com\/tr\/","name":"saadatmand el sanatlar\u0131","description":"nazar boncu\u011fu,kharmohre","publisher":{"@id":"https:\/\/sdmcrafts.com\/tr\/#organization"},"potentialAction":[{"@type":"SearchAction","target":{"@type":"EntryPoint","urlTemplate":"https:\/\/sdmcrafts.com\/tr\/?s={search_term_string}"},"query-input":"required name=search_term_string"}],"inLanguage":"fa-IR"},{"@type":"Organization","@id":"https:\/\/sdmcrafts.com\/tr\/#organization","name":"saadatmand el sanatlar\u0131","url":"https:\/\/sdmcrafts.com\/tr\/","logo":{"@type":"ImageObject","inLanguage":"fa-IR","@id":"https:\/\/sdmcrafts.com\/tr\/#\/schema\/logo\/image\/","url":"https:\/\/sdmcrafts.com\/tr\/wp-content\/uploads\/2023\/04\/cropped-logosdm-1.png","contentUrl":"https:\/\/sdmcrafts.com\/tr\/wp-content\/uploads\/2023\/04\/cropped-logosdm-1.png","width":300,"height":96,"caption":"saadatmand el sanatlar\u0131"},"image":{"@id":"https:\/\/sdmcrafts.com\/tr\/#\/schema\/logo\/image\/"}}]}},"_links":{"self":[{"href":"https:\/\/sdmcrafts.com\/tr\/wp-json\/wp\/v2\/product\/2286"}],"collection":[{"href":"https:\/\/sdmcrafts.com\/tr\/wp-json\/wp\/v2\/product"}],"about":[{"href":"https:\/\/sdmcrafts.com\/tr\/wp-json\/wp\/v2\/types\/product"}],"replies":[{"embeddable":true,"href":"https:\/\/sdmcrafts.com\/tr\/wp-json\/wp\/v2\/comments?post=2286"}],"wp:featuredmedia":[{"embeddable":true,"href":"https:\/\/sdmcrafts.com\/tr\/wp-json\/wp\/v2\/media\/629"}],"wp:attachment":[{"href":"https:\/\/sdmcrafts.com\/tr\/wp-json\/wp\/v2\/media?parent=2286"}],"wp:term":[{"taxonomy":"product_cat","embeddable":true,"href":"https:\/\/sdmcrafts.com\/tr\/wp-json\/wp\/v2\/product_cat?post=2286"},{"taxonomy":"product_tag","embeddable":true,"href":"https:\/\/sdmcrafts.com\/tr\/wp-json\/wp\/v2\/product_tag?post=2286"}],"curies":[{"name":"wp","href":"https:\/\/api.w.org\/{rel}","templated":true}]}}