{"id":2285,"date":"2022-02-09T17:59:13","date_gmt":"2022-02-09T17:59:13","guid":{"rendered":"https:\/\/sdmcrafts.com\/fa\/?post_type=product&#038;p=2285"},"modified":"2024-03-13T12:23:42","modified_gmt":"2024-03-13T12:23:42","slug":"orta-boy-at-nali-kharmohre","status":"publish","type":"product","link":"https:\/\/sdmcrafts.com\/tr\/product\/orta-boy-at-nali-kharmohre\/","title":{"rendered":"Orta boy at nal\u0131 kharmohre"},"content":{"rendered":"<h2 style=\"text-align: left;\">Orta boy at nal\u0131 kharmohre<\/h2>\n<p style=\"text-align: left;\">Orta boy at nal\u0131 kharmohre: kharmohre, 6 bin y\u0131ll\u0131k Kum&#8217;un tarihi el sanatlar\u0131ndan biridir. Bu kharmohrenin rengi turkuaz mavisidir ve bu end\u00fcstrinin do\u011fum yeri \u0130ran&#8217;\u0131n Kum \u015fehri olarak kabul edilmektedir. Ge\u00e7mi\u015fte Araplar, \u00e7ocuklar\u0131n\u0131n yaralanmamas\u0131 i\u00e7in \u00fczerlerine kharmohre asarlard\u0131. O d\u00f6nemde kharmohrenin ba\u015fl\u0131ca kullan\u0131m alanlar\u0131ndan biri de g\u00f6z damlas\u0131 olarak kullan\u0131lmas\u0131 ve g\u00f6z a\u011fr\u0131lar\u0131n\u0131n giderilmesiydi. O d\u00f6nemde kharmohrenin ba\u015fl\u0131ca kullan\u0131m alanlar\u0131ndan biri de g\u00f6z damlas\u0131 olarak kullan\u0131lmas\u0131 ve g\u00f6z a\u011fr\u0131lar\u0131n\u0131n giderilmesiydi.<\/p>\n<p>&nbsp;<\/p>\n<h2 style=\"text-align: left;\">kharmohrenin kullan\u0131m\u0131 nedir?<\/h2>\n<p style=\"text-align: left;\">kharmohrenin en eski kullan\u0131mlar\u0131ndan biri de g\u00f6z a\u011fr\u0131s\u0131 olarak kullan\u0131lmas\u0131d\u0131r. Hurman\u0131n en eski kullan\u0131mlar\u0131ndan biri de g\u00f6z a\u011fr\u0131s\u0131 olarak kullan\u0131lmas\u0131d\u0131r. Kharmohre&#8217;in \u00f6zel mavi rengi bir\u00e7ok kuyumcunun onu kolye, y\u00fcz\u00fck, k\u00fcpe vb. i\u00e7in m\u00fccevher olarak kullanmas\u0131na neden olmu\u015ftur. Son y\u0131llarda Kharmohre&#8217;in g\u00f6z al\u0131c\u0131 bir par\u00e7a olarak duvar s\u00fcslerinde kullan\u0131lmas\u0131 \u00fcreticilerin de ilgisini \u00e7ekmektedir.<\/p>\n<p>&nbsp;<\/p>\n<h2 style=\"text-align: left;\">Kum kharmohresi<\/h2>\n<p style=\"text-align: left;\">Saadatmand ailesi d\u00fcnyadaki tek khurmohra el sanatlar\u0131n\u0131n seri \u00fcreticisidir. Ara\u015ft\u0131rmac\u0131lar Kharmohra&#8217;n\u0131n tarihi ge\u00e7mi\u015finin yakla\u015f\u0131k alt\u0131 bin y\u0131l oldu\u011funu tahmin ediyor. Bu g\u00fczel boncuklar antik \u00e7a\u011flardan beri ve g\u00fcn\u00fcm\u00fczde a\u011fr\u0131yan g\u00f6zleri gidermek i\u00e7in veya tekstil gibi di\u011fer el sanatlar\u0131nda kullan\u0131lmaktad\u0131r. Kharmohra&#8217;n\u0131n \u00f6zel mavi rengi d\u00fcnyada \u0130ran mavisi olarak bilinmektedir. \u0130ran&#8217;\u0131n orta kesimlerinde \u00e7ok say\u0131da bak\u0131r madeni bulunmaktad\u0131r ve \u0130ran mavisi rengi, \u0130ran&#8217;\u0131n orta kesimlerindeki bak\u0131r kaynaklar\u0131n\u0131n bollu\u011fu ile yak\u0131ndan ilgilidir.<\/p>\n<p>&nbsp;<\/p>\n<p>&nbsp;<\/p>\n","protected":false},"excerpt":{"rendered":"<p>\u062e\u0631\u0645\u0647\u0631\u0647 \u0646\u0639\u0644 \u0645\u062a\u0648\u0633\u0637 \u2013 \u0628\u0633\u062a\u0647 \u06f2\u06f5 \u0639\u062f\u062f\u06cc \u062f\u0631\u062c\u0647 \u06f1<\/p>\n","protected":false},"featured_media":629,"comment_status":"open","ping_status":"closed","template":"","meta":[],"product_cat":[52],"product_tag":[678,679,677],"yoast_head":"<!-- This site is optimized with the Yoast SEO plugin v20.6 - https:\/\/yoast.com\/wordpress\/plugins\/seo\/ -->\n<title>Orta boy at nal\u0131 kharmohre - saadatmand el sanatlar\u0131<\/title>\n<meta name=\"description\" content=\"Orta boy at nal\u0131 kharmohre: kharmohre, 6 bin y\u0131ll\u0131k Kum&#039;un tarihi el sanatlar\u0131ndan biridir. Bu kharmohrenin rengi turkuaz mavisidir ve bu\" \/>\n<meta name=\"robots\" content=\"index, follow, max-snippet:-1, max-image-preview:large, max-video-preview:-1\" \/>\n<link rel=\"canonical\" href=\"https:\/\/sdmcrafts.com\/tr\/product\/orta-boy-at-nali-kharmohre\/\" \/>\n<meta property=\"og:locale\" content=\"fa_IR\" \/>\n<meta property=\"og:type\" content=\"article\" \/>\n<meta property=\"og:title\" content=\"Orta boy at nal\u0131 kharmohre - saadatmand el sanatlar\u0131\" \/>\n<meta property=\"og:description\" content=\"Orta boy at nal\u0131 kharmohre: kharmohre, 6 bin y\u0131ll\u0131k Kum&#039;un tarihi el sanatlar\u0131ndan biridir. Bu kharmohrenin rengi turkuaz mavisidir ve bu\" \/>\n<meta property=\"og:url\" content=\"https:\/\/sdmcrafts.com\/tr\/product\/orta-boy-at-nali-kharmohre\/\" \/>\n<meta property=\"og:site_name\" content=\"saadatmand el sanatlar\u0131\" \/>\n<meta property=\"article:modified_time\" content=\"2024-03-13T12:23:42+00:00\" \/>\n<meta property=\"og:image\" content=\"https:\/\/sdmcrafts.com\/tr\/wp-content\/uploads\/2017\/03\/kh12.jpg\" \/>\n\t<meta property=\"og:image:width\" content=\"597\" \/>\n\t<meta property=\"og:image:height\" content=\"556\" \/>\n\t<meta property=\"og:image:type\" content=\"image\/jpeg\" \/>\n<meta name=\"twitter:card\" content=\"summary_large_image\" \/>\n<meta name=\"twitter:label1\" content=\"\u0632\u0645\u0627\u0646 \u062a\u0642\u0631\u06cc\u0628\u06cc \u0628\u0631\u0627\u06cc \u062e\u0648\u0627\u0646\u062f\u0646\" \/>\n\t<meta name=\"twitter:data1\" content=\"2 \u062f\u0642\u06cc\u0642\u0647\" \/>\n<script type=\"application\/ld+json\" class=\"yoast-schema-graph\">{\"@context\":\"https:\/\/schema.org\",\"@graph\":[{\"@type\":\"WebPage\",\"@id\":\"https:\/\/sdmcrafts.com\/tr\/product\/orta-boy-at-nali-kharmohre\/\",\"url\":\"https:\/\/sdmcrafts.com\/tr\/product\/orta-boy-at-nali-kharmohre\/\",\"name\":\"Orta boy at nal\u0131 kharmohre - saadatmand el sanatlar\u0131\",\"isPartOf\":{\"@id\":\"https:\/\/sdmcrafts.com\/tr\/#website\"},\"datePublished\":\"2022-02-09T17:59:13+00:00\",\"dateModified\":\"2024-03-13T12:23:42+00:00\",\"description\":\"Orta boy at nal\u0131 kharmohre: kharmohre, 6 bin y\u0131ll\u0131k Kum'un tarihi el sanatlar\u0131ndan biridir. Bu kharmohrenin rengi turkuaz mavisidir ve bu\",\"breadcrumb\":{\"@id\":\"https:\/\/sdmcrafts.com\/tr\/product\/orta-boy-at-nali-kharmohre\/#breadcrumb\"},\"inLanguage\":\"fa-IR\",\"potentialAction\":[{\"@type\":\"ReadAction\",\"target\":[\"https:\/\/sdmcrafts.com\/tr\/product\/orta-boy-at-nali-kharmohre\/\"]}]},{\"@type\":\"BreadcrumbList\",\"@id\":\"https:\/\/sdmcrafts.com\/tr\/product\/orta-boy-at-nali-kharmohre\/#breadcrumb\",\"itemListElement\":[{\"@type\":\"ListItem\",\"position\":1,\"name\":\"Sat\u0131n almak\",\"item\":\"https:\/\/sdmcrafts.com\/tr\/shop\/\"},{\"@type\":\"ListItem\",\"position\":2,\"name\":\"Orta boy at nal\u0131 kharmohre\"}]},{\"@type\":\"WebSite\",\"@id\":\"https:\/\/sdmcrafts.com\/tr\/#website\",\"url\":\"https:\/\/sdmcrafts.com\/tr\/\",\"name\":\"saadatmand el sanatlar\u0131\",\"description\":\"nazar boncu\u011fu,kharmohre\",\"publisher\":{\"@id\":\"https:\/\/sdmcrafts.com\/tr\/#organization\"},\"potentialAction\":[{\"@type\":\"SearchAction\",\"target\":{\"@type\":\"EntryPoint\",\"urlTemplate\":\"https:\/\/sdmcrafts.com\/tr\/?s={search_term_string}\"},\"query-input\":\"required name=search_term_string\"}],\"inLanguage\":\"fa-IR\"},{\"@type\":\"Organization\",\"@id\":\"https:\/\/sdmcrafts.com\/tr\/#organization\",\"name\":\"saadatmand el sanatlar\u0131\",\"url\":\"https:\/\/sdmcrafts.com\/tr\/\",\"logo\":{\"@type\":\"ImageObject\",\"inLanguage\":\"fa-IR\",\"@id\":\"https:\/\/sdmcrafts.com\/tr\/#\/schema\/logo\/image\/\",\"url\":\"https:\/\/sdmcrafts.com\/tr\/wp-content\/uploads\/2023\/04\/cropped-logosdm-1.png\",\"contentUrl\":\"https:\/\/sdmcrafts.com\/tr\/wp-content\/uploads\/2023\/04\/cropped-logosdm-1.png\",\"width\":300,\"height\":96,\"caption\":\"saadatmand el sanatlar\u0131\"},\"image\":{\"@id\":\"https:\/\/sdmcrafts.com\/tr\/#\/schema\/logo\/image\/\"}}]}<\/script>\n<!-- \/ Yoast SEO plugin. -->","yoast_head_json":{"title":"Orta boy at nal\u0131 kharmohre - saadatmand el sanatlar\u0131","description":"Orta boy at nal\u0131 kharmohre: kharmohre, 6 bin y\u0131ll\u0131k Kum'un tarihi el sanatlar\u0131ndan biridir. Bu kharmohrenin rengi turkuaz mavisidir ve bu","robots":{"index":"index","follow":"follow","max-snippet":"max-snippet:-1","max-image-preview":"max-image-preview:large","max-video-preview":"max-video-preview:-1"},"canonical":"https:\/\/sdmcrafts.com\/tr\/product\/orta-boy-at-nali-kharmohre\/","og_locale":"fa_IR","og_type":"article","og_title":"Orta boy at nal\u0131 kharmohre - saadatmand el sanatlar\u0131","og_description":"Orta boy at nal\u0131 kharmohre: kharmohre, 6 bin y\u0131ll\u0131k Kum'un tarihi el sanatlar\u0131ndan biridir. Bu kharmohrenin rengi turkuaz mavisidir ve bu","og_url":"https:\/\/sdmcrafts.com\/tr\/product\/orta-boy-at-nali-kharmohre\/","og_site_name":"saadatmand el sanatlar\u0131","article_modified_time":"2024-03-13T12:23:42+00:00","og_image":[{"width":597,"height":556,"url":"https:\/\/sdmcrafts.com\/tr\/wp-content\/uploads\/2017\/03\/kh12.jpg","type":"image\/jpeg"}],"twitter_card":"summary_large_image","twitter_misc":{"\u0632\u0645\u0627\u0646 \u062a\u0642\u0631\u06cc\u0628\u06cc \u0628\u0631\u0627\u06cc \u062e\u0648\u0627\u0646\u062f\u0646":"2 \u062f\u0642\u06cc\u0642\u0647"},"schema":{"@context":"https:\/\/schema.org","@graph":[{"@type":"WebPage","@id":"https:\/\/sdmcrafts.com\/tr\/product\/orta-boy-at-nali-kharmohre\/","url":"https:\/\/sdmcrafts.com\/tr\/product\/orta-boy-at-nali-kharmohre\/","name":"Orta boy at nal\u0131 kharmohre - saadatmand el sanatlar\u0131","isPartOf":{"@id":"https:\/\/sdmcrafts.com\/tr\/#website"},"datePublished":"2022-02-09T17:59:13+00:00","dateModified":"2024-03-13T12:23:42+00:00","description":"Orta boy at nal\u0131 kharmohre: kharmohre, 6 bin y\u0131ll\u0131k Kum'un tarihi el sanatlar\u0131ndan biridir. Bu kharmohrenin rengi turkuaz mavisidir ve bu","breadcrumb":{"@id":"https:\/\/sdmcrafts.com\/tr\/product\/orta-boy-at-nali-kharmohre\/#breadcrumb"},"inLanguage":"fa-IR","potentialAction":[{"@type":"ReadAction","target":["https:\/\/sdmcrafts.com\/tr\/product\/orta-boy-at-nali-kharmohre\/"]}]},{"@type":"BreadcrumbList","@id":"https:\/\/sdmcrafts.com\/tr\/product\/orta-boy-at-nali-kharmohre\/#breadcrumb","itemListElement":[{"@type":"ListItem","position":1,"name":"Sat\u0131n almak","item":"https:\/\/sdmcrafts.com\/tr\/shop\/"},{"@type":"ListItem","position":2,"name":"Orta boy at nal\u0131 kharmohre"}]},{"@type":"WebSite","@id":"https:\/\/sdmcrafts.com\/tr\/#website","url":"https:\/\/sdmcrafts.com\/tr\/","name":"saadatmand el sanatlar\u0131","description":"nazar boncu\u011fu,kharmohre","publisher":{"@id":"https:\/\/sdmcrafts.com\/tr\/#organization"},"potentialAction":[{"@type":"SearchAction","target":{"@type":"EntryPoint","urlTemplate":"https:\/\/sdmcrafts.com\/tr\/?s={search_term_string}"},"query-input":"required name=search_term_string"}],"inLanguage":"fa-IR"},{"@type":"Organization","@id":"https:\/\/sdmcrafts.com\/tr\/#organization","name":"saadatmand el sanatlar\u0131","url":"https:\/\/sdmcrafts.com\/tr\/","logo":{"@type":"ImageObject","inLanguage":"fa-IR","@id":"https:\/\/sdmcrafts.com\/tr\/#\/schema\/logo\/image\/","url":"https:\/\/sdmcrafts.com\/tr\/wp-content\/uploads\/2023\/04\/cropped-logosdm-1.png","contentUrl":"https:\/\/sdmcrafts.com\/tr\/wp-content\/uploads\/2023\/04\/cropped-logosdm-1.png","width":300,"height":96,"caption":"saadatmand el sanatlar\u0131"},"image":{"@id":"https:\/\/sdmcrafts.com\/tr\/#\/schema\/logo\/image\/"}}]}},"_links":{"self":[{"href":"https:\/\/sdmcrafts.com\/tr\/wp-json\/wp\/v2\/product\/2285"}],"collection":[{"href":"https:\/\/sdmcrafts.com\/tr\/wp-json\/wp\/v2\/product"}],"about":[{"href":"https:\/\/sdmcrafts.com\/tr\/wp-json\/wp\/v2\/types\/product"}],"replies":[{"embeddable":true,"href":"https:\/\/sdmcrafts.com\/tr\/wp-json\/wp\/v2\/comments?post=2285"}],"wp:featuredmedia":[{"embeddable":true,"href":"https:\/\/sdmcrafts.com\/tr\/wp-json\/wp\/v2\/media\/629"}],"wp:attachment":[{"href":"https:\/\/sdmcrafts.com\/tr\/wp-json\/wp\/v2\/media?parent=2285"}],"wp:term":[{"taxonomy":"product_cat","embeddable":true,"href":"https:\/\/sdmcrafts.com\/tr\/wp-json\/wp\/v2\/product_cat?post=2285"},{"taxonomy":"product_tag","embeddable":true,"href":"https:\/\/sdmcrafts.com\/tr\/wp-json\/wp\/v2\/product_tag?post=2285"}],"curies":[{"name":"wp","href":"https:\/\/api.w.org\/{rel}","templated":true}]}}