{"id":2284,"date":"2022-02-09T17:59:55","date_gmt":"2022-02-09T17:59:55","guid":{"rendered":"https:\/\/sdmcrafts.com\/fa\/?post_type=product&#038;p=2284"},"modified":"2024-03-13T12:23:31","modified_gmt":"2024-03-13T12:23:31","slug":"buyuk-at-nali-kharmohre","status":"publish","type":"product","link":"https:\/\/sdmcrafts.com\/tr\/product\/buyuk-at-nali-kharmohre\/","title":{"rendered":"B\u00fcy\u00fck at nal\u0131 kharmohre"},"content":{"rendered":"<h2 style=\"text-align: left;\">B\u00fcy\u00fck at nal\u0131 kharmohre<\/h2>\n<p style=\"text-align: left;\">\u00a0 kharmohre genellikle mavi veya turkuaz renkte ve farkl\u0131 \u015fekillerde \u00fcretilir. B\u00fcy\u00fck kharmohre par\u00e7alar\u0131n\u0131n \u00fcretimi zorluklarla ili\u015fkilidir. Form\u00fclasyon de\u011fi\u015ftirilmedi\u011fi takdirde b\u00fcy\u00fck kharmohranin orta k\u0131sm\u0131n\u0131n s\u0131rlanmas\u0131 zorla\u015facak ve kharmohranin s\u0131rlamas\u0131 p\u00fcr\u00fczl\u00fc hale gelecektir. B\u00fcy\u00fck at nal\u0131 kharmohre, \u00fcretimi \u00f6zel bilgi ve beceri gerektiren b\u00fcy\u00fck kharmohredan biridir.<\/p>\n<p>&nbsp;<\/p>\n<h2 style=\"text-align: left;\">Khormahreh s\u0131r\u0131n\u0131n tekni\u011fi ve formalizasyonu<\/h2>\n<p style=\"text-align: left;\">kharmohren&#8217;in Saadatmand ailesi taraf\u0131ndan d\u00fcnyaya tan\u0131t\u0131lmas\u0131n\u0131n ard\u0131ndan, s\u0131rlama tekni\u011fini ve bi\u00e7imlendirmesini anlamak i\u00e7in \u00e7e\u015fitli giri\u015fimlerde bulunuldu. Bu ba\u011flamda Mirhadi, ilgili Avrupa ara\u015ft\u0131rmalar\u0131n\u0131 ve sonu\u00e7lar\u0131n\u0131 g\u00f6zden ge\u00e7irdi. Yaori, Saadatmand ve Abdi, \u0130ran sanat\u0131nda turkuaz\u0131n muhte\u015fem bir tezah\u00fcr\u00fc olan Khormahreh adl\u0131 kitab\u0131 alt\u0131 b\u00f6l\u00fcmde derlediler.Y\u0131llar ge\u00e7tik\u00e7e \u0130ranl\u0131 olmayan bir\u00e7ok ara\u015ft\u0131rmac\u0131 kharmohre s\u0131r\u0131n\u0131n olu\u015fumuyla ilgili \u00e7e\u015fitli makaleler yay\u0131nlad\u0131. Ancak kharmohrenin kuru s\u0131r meselesinin hala daha fazla ara\u015ft\u0131rma gerektiren gizli boyutlar\u0131 var.<\/p>\n<p>&nbsp;<\/p>\n<h2 style=\"text-align: left;\">kharmohrelar hakk\u0131nda makaleler<\/h2>\n<p style=\"text-align: left;\">Dr. Yadgar, &#8220;Khormahreh: \u0130ran&#8217;\u0131n kadim turkuaz incisi&#8221; ba\u015fl\u0131kl\u0131 makalesinde, Kum khormahreh&#8217;in tarihi ve sanatsal konseptini a\u00e7\u0131klad\u0131ktan sonra, kharmahreh bazl\u0131 hamurun hammaddelerini ve g\u00f6vdesini, s\u0131rlanmas\u0131n\u0131 ve pi\u015firilme y\u00f6ntemini tart\u0131\u015ft\u0131. Profes\u00f6r Mohammad Saadatmand&#8217;\u0131n s\u00f6zlerine g\u00f6re. Daha sonra 1999 y\u0131l\u0131nda Dr. Yadgar, Seyyed Abulqasem Saadatmand ve Dr. Khosro Adalatian ile Almanya&#8217;daki Kassel \u00dcniversitesi&#8217;nden birka\u00e7 profes\u00f6r\u00fcn i\u015fbirli\u011fi, bu \u00fcniversitede kharmohre a\u011fac\u0131 \u00fczerine \u00e7e\u015fitli \u00e7al\u0131\u015ftaylar\u0131n d\u00fczenlenmesine yol a\u00e7t\u0131. D\u00fcnyadaki tek kuru s\u0131r ustas\u0131 Seyed Abulqasem Saadatmand&#8217;\u0131n varl\u0131\u011f\u0131 ve Kassel \u00dcniversitesi&#8217;nde kald\u0131\u011f\u0131 s\u00fcre boyunca edindi\u011fi bilgi ve tecr\u00fcbe, kharmohera s\u0131r alan\u0131nda bir dizi ara\u015ft\u0131rman\u0131n planlanmas\u0131na neden olmu\u015ftur.<\/p>\n<p>&nbsp;<\/p>\n","protected":false},"excerpt":{"rendered":"<p>\u062e\u0631\u0645\u0647\u0631\u0647 \u0646\u0639\u0644 \u0628\u0632\u0631\u06af \u2013 \u0628\u0633\u062a\u0647 \u06f2\u06f5 \u0639\u062f\u062f\u06cc \u062f\u0631\u062c\u0647 \u06f1<\/p>\n","protected":false},"featured_media":627,"comment_status":"open","ping_status":"closed","template":"","meta":[],"product_cat":[52],"product_tag":[674,676,675],"yoast_head":"<!-- This site is optimized with the Yoast SEO plugin v20.6 - https:\/\/yoast.com\/wordpress\/plugins\/seo\/ -->\n<title>B\u00fcy\u00fck at nal\u0131 kharmohre - saadatmand el sanatlar\u0131<\/title>\n<meta name=\"description\" content=\"B\u00fcy\u00fck at nal\u0131 kharmohre\u00a0 kharmohre genellikle mavi veya turkuaz renkte ve farkl\u0131 \u015fekillerde \u00fcretilir. B\u00fcy\u00fck kharmohre par\u00e7alar\u0131n\u0131n \u00fcretimi zorluklarla ...\" \/>\n<meta name=\"robots\" content=\"index, follow, max-snippet:-1, max-image-preview:large, max-video-preview:-1\" \/>\n<link rel=\"canonical\" href=\"https:\/\/sdmcrafts.com\/tr\/product\/buyuk-at-nali-kharmohre\/\" \/>\n<meta property=\"og:locale\" content=\"fa_IR\" \/>\n<meta property=\"og:type\" content=\"article\" \/>\n<meta property=\"og:title\" content=\"B\u00fcy\u00fck at nal\u0131 kharmohre - saadatmand el sanatlar\u0131\" \/>\n<meta property=\"og:description\" content=\"B\u00fcy\u00fck at nal\u0131 kharmohre\u00a0 kharmohre genellikle mavi veya turkuaz renkte ve farkl\u0131 \u015fekillerde \u00fcretilir. B\u00fcy\u00fck kharmohre par\u00e7alar\u0131n\u0131n \u00fcretimi zorluklarla ...\" \/>\n<meta property=\"og:url\" content=\"https:\/\/sdmcrafts.com\/tr\/product\/buyuk-at-nali-kharmohre\/\" \/>\n<meta property=\"og:site_name\" content=\"saadatmand el sanatlar\u0131\" \/>\n<meta property=\"article:modified_time\" content=\"2024-03-13T12:23:31+00:00\" \/>\n<meta property=\"og:image\" content=\"https:\/\/sdmcrafts.com\/tr\/wp-content\/uploads\/2017\/03\/kh11.jpg\" \/>\n\t<meta property=\"og:image:width\" content=\"597\" \/>\n\t<meta property=\"og:image:height\" content=\"556\" \/>\n\t<meta property=\"og:image:type\" content=\"image\/jpeg\" \/>\n<meta name=\"twitter:card\" content=\"summary_large_image\" \/>\n<meta name=\"twitter:label1\" content=\"\u0632\u0645\u0627\u0646 \u062a\u0642\u0631\u06cc\u0628\u06cc \u0628\u0631\u0627\u06cc \u062e\u0648\u0627\u0646\u062f\u0646\" \/>\n\t<meta name=\"twitter:data1\" content=\"2 \u062f\u0642\u06cc\u0642\u0647\" \/>\n<script type=\"application\/ld+json\" class=\"yoast-schema-graph\">{\"@context\":\"https:\/\/schema.org\",\"@graph\":[{\"@type\":\"WebPage\",\"@id\":\"https:\/\/sdmcrafts.com\/tr\/product\/buyuk-at-nali-kharmohre\/\",\"url\":\"https:\/\/sdmcrafts.com\/tr\/product\/buyuk-at-nali-kharmohre\/\",\"name\":\"B\u00fcy\u00fck at nal\u0131 kharmohre - saadatmand el sanatlar\u0131\",\"isPartOf\":{\"@id\":\"https:\/\/sdmcrafts.com\/tr\/#website\"},\"datePublished\":\"2022-02-09T17:59:55+00:00\",\"dateModified\":\"2024-03-13T12:23:31+00:00\",\"description\":\"B\u00fcy\u00fck at nal\u0131 kharmohre\u00a0 kharmohre genellikle mavi veya turkuaz renkte ve farkl\u0131 \u015fekillerde \u00fcretilir. B\u00fcy\u00fck kharmohre par\u00e7alar\u0131n\u0131n \u00fcretimi zorluklarla ...\",\"breadcrumb\":{\"@id\":\"https:\/\/sdmcrafts.com\/tr\/product\/buyuk-at-nali-kharmohre\/#breadcrumb\"},\"inLanguage\":\"fa-IR\",\"potentialAction\":[{\"@type\":\"ReadAction\",\"target\":[\"https:\/\/sdmcrafts.com\/tr\/product\/buyuk-at-nali-kharmohre\/\"]}]},{\"@type\":\"BreadcrumbList\",\"@id\":\"https:\/\/sdmcrafts.com\/tr\/product\/buyuk-at-nali-kharmohre\/#breadcrumb\",\"itemListElement\":[{\"@type\":\"ListItem\",\"position\":1,\"name\":\"Sat\u0131n almak\",\"item\":\"https:\/\/sdmcrafts.com\/tr\/shop\/\"},{\"@type\":\"ListItem\",\"position\":2,\"name\":\"B\u00fcy\u00fck at nal\u0131 kharmohre\"}]},{\"@type\":\"WebSite\",\"@id\":\"https:\/\/sdmcrafts.com\/tr\/#website\",\"url\":\"https:\/\/sdmcrafts.com\/tr\/\",\"name\":\"saadatmand el sanatlar\u0131\",\"description\":\"nazar boncu\u011fu,kharmohre\",\"publisher\":{\"@id\":\"https:\/\/sdmcrafts.com\/tr\/#organization\"},\"potentialAction\":[{\"@type\":\"SearchAction\",\"target\":{\"@type\":\"EntryPoint\",\"urlTemplate\":\"https:\/\/sdmcrafts.com\/tr\/?s={search_term_string}\"},\"query-input\":\"required name=search_term_string\"}],\"inLanguage\":\"fa-IR\"},{\"@type\":\"Organization\",\"@id\":\"https:\/\/sdmcrafts.com\/tr\/#organization\",\"name\":\"saadatmand el sanatlar\u0131\",\"url\":\"https:\/\/sdmcrafts.com\/tr\/\",\"logo\":{\"@type\":\"ImageObject\",\"inLanguage\":\"fa-IR\",\"@id\":\"https:\/\/sdmcrafts.com\/tr\/#\/schema\/logo\/image\/\",\"url\":\"https:\/\/sdmcrafts.com\/tr\/wp-content\/uploads\/2023\/04\/cropped-logosdm-1.png\",\"contentUrl\":\"https:\/\/sdmcrafts.com\/tr\/wp-content\/uploads\/2023\/04\/cropped-logosdm-1.png\",\"width\":300,\"height\":96,\"caption\":\"saadatmand el sanatlar\u0131\"},\"image\":{\"@id\":\"https:\/\/sdmcrafts.com\/tr\/#\/schema\/logo\/image\/\"}}]}<\/script>\n<!-- \/ Yoast SEO plugin. -->","yoast_head_json":{"title":"B\u00fcy\u00fck at nal\u0131 kharmohre - saadatmand el sanatlar\u0131","description":"B\u00fcy\u00fck at nal\u0131 kharmohre\u00a0 kharmohre genellikle mavi veya turkuaz renkte ve farkl\u0131 \u015fekillerde \u00fcretilir. B\u00fcy\u00fck kharmohre par\u00e7alar\u0131n\u0131n \u00fcretimi zorluklarla ...","robots":{"index":"index","follow":"follow","max-snippet":"max-snippet:-1","max-image-preview":"max-image-preview:large","max-video-preview":"max-video-preview:-1"},"canonical":"https:\/\/sdmcrafts.com\/tr\/product\/buyuk-at-nali-kharmohre\/","og_locale":"fa_IR","og_type":"article","og_title":"B\u00fcy\u00fck at nal\u0131 kharmohre - saadatmand el sanatlar\u0131","og_description":"B\u00fcy\u00fck at nal\u0131 kharmohre\u00a0 kharmohre genellikle mavi veya turkuaz renkte ve farkl\u0131 \u015fekillerde \u00fcretilir. B\u00fcy\u00fck kharmohre par\u00e7alar\u0131n\u0131n \u00fcretimi zorluklarla ...","og_url":"https:\/\/sdmcrafts.com\/tr\/product\/buyuk-at-nali-kharmohre\/","og_site_name":"saadatmand el sanatlar\u0131","article_modified_time":"2024-03-13T12:23:31+00:00","og_image":[{"width":597,"height":556,"url":"https:\/\/sdmcrafts.com\/tr\/wp-content\/uploads\/2017\/03\/kh11.jpg","type":"image\/jpeg"}],"twitter_card":"summary_large_image","twitter_misc":{"\u0632\u0645\u0627\u0646 \u062a\u0642\u0631\u06cc\u0628\u06cc \u0628\u0631\u0627\u06cc \u062e\u0648\u0627\u0646\u062f\u0646":"2 \u062f\u0642\u06cc\u0642\u0647"},"schema":{"@context":"https:\/\/schema.org","@graph":[{"@type":"WebPage","@id":"https:\/\/sdmcrafts.com\/tr\/product\/buyuk-at-nali-kharmohre\/","url":"https:\/\/sdmcrafts.com\/tr\/product\/buyuk-at-nali-kharmohre\/","name":"B\u00fcy\u00fck at nal\u0131 kharmohre - saadatmand el sanatlar\u0131","isPartOf":{"@id":"https:\/\/sdmcrafts.com\/tr\/#website"},"datePublished":"2022-02-09T17:59:55+00:00","dateModified":"2024-03-13T12:23:31+00:00","description":"B\u00fcy\u00fck at nal\u0131 kharmohre\u00a0 kharmohre genellikle mavi veya turkuaz renkte ve farkl\u0131 \u015fekillerde \u00fcretilir. B\u00fcy\u00fck kharmohre par\u00e7alar\u0131n\u0131n \u00fcretimi zorluklarla ...","breadcrumb":{"@id":"https:\/\/sdmcrafts.com\/tr\/product\/buyuk-at-nali-kharmohre\/#breadcrumb"},"inLanguage":"fa-IR","potentialAction":[{"@type":"ReadAction","target":["https:\/\/sdmcrafts.com\/tr\/product\/buyuk-at-nali-kharmohre\/"]}]},{"@type":"BreadcrumbList","@id":"https:\/\/sdmcrafts.com\/tr\/product\/buyuk-at-nali-kharmohre\/#breadcrumb","itemListElement":[{"@type":"ListItem","position":1,"name":"Sat\u0131n almak","item":"https:\/\/sdmcrafts.com\/tr\/shop\/"},{"@type":"ListItem","position":2,"name":"B\u00fcy\u00fck at nal\u0131 kharmohre"}]},{"@type":"WebSite","@id":"https:\/\/sdmcrafts.com\/tr\/#website","url":"https:\/\/sdmcrafts.com\/tr\/","name":"saadatmand el sanatlar\u0131","description":"nazar boncu\u011fu,kharmohre","publisher":{"@id":"https:\/\/sdmcrafts.com\/tr\/#organization"},"potentialAction":[{"@type":"SearchAction","target":{"@type":"EntryPoint","urlTemplate":"https:\/\/sdmcrafts.com\/tr\/?s={search_term_string}"},"query-input":"required name=search_term_string"}],"inLanguage":"fa-IR"},{"@type":"Organization","@id":"https:\/\/sdmcrafts.com\/tr\/#organization","name":"saadatmand el sanatlar\u0131","url":"https:\/\/sdmcrafts.com\/tr\/","logo":{"@type":"ImageObject","inLanguage":"fa-IR","@id":"https:\/\/sdmcrafts.com\/tr\/#\/schema\/logo\/image\/","url":"https:\/\/sdmcrafts.com\/tr\/wp-content\/uploads\/2023\/04\/cropped-logosdm-1.png","contentUrl":"https:\/\/sdmcrafts.com\/tr\/wp-content\/uploads\/2023\/04\/cropped-logosdm-1.png","width":300,"height":96,"caption":"saadatmand el sanatlar\u0131"},"image":{"@id":"https:\/\/sdmcrafts.com\/tr\/#\/schema\/logo\/image\/"}}]}},"_links":{"self":[{"href":"https:\/\/sdmcrafts.com\/tr\/wp-json\/wp\/v2\/product\/2284"}],"collection":[{"href":"https:\/\/sdmcrafts.com\/tr\/wp-json\/wp\/v2\/product"}],"about":[{"href":"https:\/\/sdmcrafts.com\/tr\/wp-json\/wp\/v2\/types\/product"}],"replies":[{"embeddable":true,"href":"https:\/\/sdmcrafts.com\/tr\/wp-json\/wp\/v2\/comments?post=2284"}],"wp:featuredmedia":[{"embeddable":true,"href":"https:\/\/sdmcrafts.com\/tr\/wp-json\/wp\/v2\/media\/627"}],"wp:attachment":[{"href":"https:\/\/sdmcrafts.com\/tr\/wp-json\/wp\/v2\/media?parent=2284"}],"wp:term":[{"taxonomy":"product_cat","embeddable":true,"href":"https:\/\/sdmcrafts.com\/tr\/wp-json\/wp\/v2\/product_cat?post=2284"},{"taxonomy":"product_tag","embeddable":true,"href":"https:\/\/sdmcrafts.com\/tr\/wp-json\/wp\/v2\/product_tag?post=2284"}],"curies":[{"name":"wp","href":"https:\/\/api.w.org\/{rel}","templated":true}]}}