{"id":834,"date":"2017-05-12T16:59:49","date_gmt":"2017-05-12T16:59:49","guid":{"rendered":"http:\/\/sdmcrafts.com\/?page_id=834"},"modified":"2023-05-30T07:17:38","modified_gmt":"2023-05-30T07:17:38","slug":"exhibitions","status":"publish","type":"page","link":"https:\/\/sdmcrafts.com\/tr\/exhibitions\/","title":{"rendered":"sergiler"},"content":{"rendered":"\t\t<div data-elementor-type=\"wp-page\" data-elementor-id=\"834\" class=\"elementor elementor-834\">\n\t\t\t\t\t\t\t\t\t<section class=\"elementor-section elementor-top-section elementor-element elementor-element-eddc393 elementor-section-boxed elementor-section-height-default elementor-section-height-default\" data-id=\"eddc393\" data-element_type=\"section\">\n\t\t\t\t\t\t<div class=\"elementor-container elementor-column-gap-default\">\n\t\t\t\t\t<div class=\"elementor-column elementor-col-100 elementor-top-column elementor-element elementor-element-82e3366\" data-id=\"82e3366\" data-element_type=\"column\">\n\t\t\t<div class=\"elementor-widget-wrap elementor-element-populated\">\n\t\t\t\t\t\t\t\t<div class=\"elementor-element elementor-element-b60bbe7 elementor-widget elementor-widget-text-editor\" data-id=\"b60bbe7\" data-element_type=\"widget\" data-widget_type=\"text-editor.default\">\n\t\t\t\t<div class=\"elementor-widget-container\">\n\t\t\t<style>\/*! elementor - v3.13.3 - 28-05-2023 *\/\n.elementor-widget-text-editor.elementor-drop-cap-view-stacked .elementor-drop-cap{background-color:#69727d;color:#fff}.elementor-widget-text-editor.elementor-drop-cap-view-framed .elementor-drop-cap{color:#69727d;border:3px solid;background-color:transparent}.elementor-widget-text-editor:not(.elementor-drop-cap-view-default) .elementor-drop-cap{margin-top:8px}.elementor-widget-text-editor:not(.elementor-drop-cap-view-default) .elementor-drop-cap-letter{width:1em;height:1em}.elementor-widget-text-editor .elementor-drop-cap{float:left;text-align:center;line-height:1;font-size:50px}.elementor-widget-text-editor .elementor-drop-cap-letter{display:inline-block}<\/style>\t\t\t\t<p>Saadatmand el sanatlar\u0131, yurt i\u00e7i ve yurt d\u0131\u015f\u0131 fuar ve pazarlarda her zaman aktif olarak yer alm\u0131\u015ft\u0131r. Son y\u0131llarda kharmohre at\u00f6lyelerinin a\u00e7\u0131lmas\u0131yla birlikte turizm fuarlar\u0131nda Saadatmand el sanatlar\u0131 ge\u00e7mi\u015fe g\u00f6re daha renkli bir varl\u0131k g\u00f6stermi\u015ftir. A\u015fa\u011f\u0131daki liste, bahsi ge\u00e7en baz\u0131 sergilerin bilgilerini g\u00f6stermektedir.<\/p>\t\t\t\t\t\t<\/div>\n\t\t\t\t<\/div>\n\t\t\t\t\t<\/div>\n\t\t<\/div>\n\t\t\t\t\t\t\t<\/div>\n\t\t<\/section>\n\t\t\t\t<section class=\"elementor-section elementor-top-section elementor-element elementor-element-7efa6a2 elementor-section-boxed elementor-section-height-default elementor-section-height-default\" data-id=\"7efa6a2\" data-element_type=\"section\">\n\t\t\t\t\t\t<div class=\"elementor-container elementor-column-gap-default\">\n\t\t\t\t\t<div class=\"elementor-column elementor-col-100 elementor-top-column elementor-element elementor-element-c4a1a34\" data-id=\"c4a1a34\" data-element_type=\"column\">\n\t\t\t<div class=\"elementor-widget-wrap elementor-element-populated\">\n\t\t\t\t\t\t\t\t<div class=\"elementor-element elementor-element-da15f44 elementor-widget elementor-widget-text-editor\" data-id=\"da15f44\" data-element_type=\"widget\" data-widget_type=\"text-editor.default\">\n\t\t\t\t<div class=\"elementor-widget-container\">\n\t\t\t\t\t\t\t<table><tbody><tr><td width=\"208\"><p>Ba\u015fl\u0131k<\/p><\/td><td width=\"208\"><p>Mekan<\/p><\/td><td width=\"208\"><p>Tarih<\/p><\/td><\/tr><tr><td width=\"208\"><p>\u0130ran \u0130slam Cumhuriyeti Milli Olimpiyat Komitesi ve Milli Paralimpik Akademisi Sergisi<\/p><\/td><td width=\"208\"><p>Tehran<\/p><\/td><td width=\"208\"><p>2007<\/p><\/td><\/tr><tr><td width=\"208\"><p>\u0130ran sanat\u0131n\u0131n unutulmu\u015f sanatlar\u0131n\u0131n hazinelerinin ilk bulu\u015fmas\u0131<\/p><\/td><td width=\"208\"><p>Tehran<\/p><\/td><td width=\"208\"><p>2007<\/p><\/td><\/tr><tr><td width=\"208\"><p>\u0130ran \u0130slam Cumhuriyeti Milli Olimpiyat Komitesi ve Milli Paralimpik Akademisi Sergisi<\/p><\/td><td width=\"208\"><p>Tehran<\/p><\/td><td width=\"208\"><p>2008<\/p><\/td><\/tr><tr><td width=\"208\"><p>\u0130ran \u0130slam Cumhuriyeti&#8217;nin \u00f6zel sergisi<\/p><\/td><td width=\"208\"><p>S\u00fcleymaniye, Irak<\/p><\/td><td width=\"208\"><p>2008<\/p><\/td><\/tr><tr><td width=\"208\"><p>\u0130ran \u0130slam Cumhuriyeti&#8217;nin d\u00f6rd\u00fcnc\u00fc \u00f6zel sergisi<\/p><\/td><td width=\"208\"><p>Erbil, Irak<\/p><\/td><td width=\"208\"><p>2009<\/p><\/td><\/tr><tr><td width=\"208\"><p>\u0130ran \u0130slam Cumhuriyeti&#8217;nin \u00f6zel sergisi<\/p><\/td><td width=\"208\"><p>S\u00fcleymaniye, Irak<\/p><\/td><td width=\"208\"><p>2009<\/p><\/td><\/tr><tr><td width=\"208\"><p>\u0130ran \u0130slam Cumhuriyeti&#8217;nin \u00fc\u00e7\u00fcnc\u00fc \u00f6zel sergisi<\/p><\/td><td width=\"208\"><p>Duhok Irak<\/p><\/td><td width=\"208\"><p>2009<\/p><\/td><\/tr><tr><td width=\"208\"><p>\u0130ran el sanatlar\u0131 sergisi<\/p><\/td><td width=\"208\"><p>Tehran<\/p><\/td><td width=\"208\"><p>2010<\/p><\/td><\/tr><tr><td width=\"208\"><p>\u0130ran \u0130slam Cumhuriyeti&#8217;nin \u00f6zel sergisi<\/p><\/td><td width=\"208\"><p>Bak\u00fc, Azerbaycan<\/p><\/td><td width=\"208\"><p>2010<\/p><\/td><\/tr><tr><td width=\"208\"><p>\u0130ran el sanatlar\u0131 sergisi<\/p><\/td><td width=\"208\"><p>Tehran<\/p><\/td><td width=\"208\"><p>2011<\/p><\/td><\/tr><tr><td width=\"208\"><p>\u0130ran el sanatlar\u0131 sergisi<\/p><\/td><td width=\"208\"><p>Tehran<\/p><\/td><td width=\"208\"><p>2012<\/p><\/td><\/tr><tr><td width=\"208\"><p>\u0130ran yemekleri, m\u00fczik ve el sanatlar\u0131 festivali<\/p><\/td><td width=\"208\"><p>\u0130stanbul<\/p><\/td><td width=\"208\"><p>2003<\/p><\/td><\/tr><tr><td width=\"208\"><p>Turkuaz ve lapis lazuli sergisi ve at\u00f6lye \u00e7al\u0131\u015fmas\u0131<\/p><\/td><td width=\"208\"><p>Almanya<\/p><\/td><td width=\"208\"><p>1999<\/p><\/td><\/tr><tr><td width=\"208\"><p>Expo 2000 Hannover<\/p><\/td><td width=\"208\"><p>Almanya<\/p><\/td><td width=\"208\"><p>2000<\/p><\/td><\/tr><tr><td width=\"208\"><p>Milano Uluslararas\u0131 El Sanatlar\u0131 Fuar\u0131<\/p><\/td><td width=\"208\"><p>\u0130talya<\/p><\/td><td width=\"208\"><p>2005<\/p><\/td><\/tr><tr><td width=\"208\"><p>Yerli spor festivali sergisi<\/p><\/td><td width=\"208\"><p>G\u00fcney Kore (Pusan)<\/p><\/td><td width=\"208\"><p>2008<\/p><\/td><\/tr><tr><td width=\"208\"><p>\u0130slam Cumhuriyeti K\u00fclt\u00fcr Sergisi<\/p><\/td><td width=\"208\"><p>Tanzanya (Dar es Salaam-Zanzibar)<\/p><\/td><td width=\"208\"><p>2009<\/p><\/td><\/tr><tr><td width=\"208\"><p>\u0130slam Cumhuriyeti&#8217;nin yeteneklerinin sergilenmesi<\/p><\/td><td width=\"208\"><p>Irak (Kerbela)<\/p><\/td><td width=\"208\"><p>2010<\/p><\/td><\/tr><tr><td width=\"208\"><p>Kitap ve k\u00fclt\u00fcr \u00fcr\u00fcnleri sergisi<\/p><\/td><td width=\"208\"><p>Irak (Basra)<\/p><\/td><td width=\"208\"><p>2013<\/p><\/td><\/tr><tr><td width=\"208\"><p>\u0130slam Cumhuriyeti&#8217;nin yeteneklerinin sergilenmesi<\/p><\/td><td width=\"208\"><p>Irak (Erbil)<\/p><\/td><td width=\"208\"><p>2011<\/p><\/td><\/tr><tr><td width=\"208\"><p>\u0130lk uluslararas\u0131 \u00e7i\u00e7ek ve bitki sergisi<\/p><\/td><td width=\"208\"><p>Tehran<\/p><\/td><td width=\"208\"><p>1992<\/p><\/td><\/tr><tr><td width=\"208\"><p>\u00dc\u00e7\u00fcnc\u00fc uluslararas\u0131 \u00e7i\u00e7ek ve bitki sergisi<\/p><\/td><td width=\"208\"><p>Tehran<\/p><\/td><td width=\"208\"><p>1994<\/p><\/td><\/tr><tr><td width=\"208\"><p>D\u00f6rd\u00fcnc\u00fc uluslararas\u0131 \u00e7i\u00e7ek ve bitki sergisi<\/p><\/td><td width=\"208\"><p>Tehran<\/p><\/td><td width=\"208\"><p>1995<\/p><\/td><\/tr><tr><td width=\"208\"><p>\u00dc\u00e7\u00fcnc\u00fc \u00f6zel ihracat ve ev fuar\u0131<\/p><\/td><td width=\"208\"><p>Tehran<\/p><\/td><td width=\"208\"><p>1995<\/p><\/td><\/tr><tr><td width=\"208\"><p>Porselen,cam serami\u011finin ilk sergisi<\/p><\/td><td width=\"208\"><p>Tabriz<\/p><\/td><td width=\"208\"><p>1999<\/p><\/td><\/tr><tr><td width=\"208\"><p>Porselen, seramik ve camdan olu\u015fan \u00fc\u00e7\u00fcnc\u00fc ihtisas sergisi<\/p><\/td><td width=\"208\"><p>Tabriz<\/p><\/td><td width=\"208\"><p>2000<\/p><\/td><\/tr><tr><td width=\"208\"><p>Be\u015finci el sanatlar\u0131 ve hediyelik e\u015fya sergisi<\/p><\/td><td width=\"208\"><p>Esfahan<\/p><\/td><td width=\"208\"><p>2001<\/p><\/td><\/tr><tr><td width=\"208\"><p>7. Y\u0131ll\u0131k \u00c7\u00f6mlek\u00e7ilik ve Seramik<\/p><\/td><td width=\"208\"><p>Mashhad<\/p><\/td><td width=\"208\"><p>2001<\/p><\/td><\/tr><tr><td width=\"208\"><p>\u00e7\u00f6mlek ve seramik sergisi<\/p><\/td><td width=\"208\"><p>khomein<\/p><\/td><td width=\"208\"><p>2002<\/p><\/td><\/tr><tr><td width=\"208\"><p>Ev aletleri ihracat\u0131na y\u00f6nelik d\u00f6rd\u00fcnc\u00fc ihtisas fuar\u0131<\/p><\/td><td width=\"208\"><p>Orumieh<\/p><\/td><td width=\"208\"><p>2002<\/p><\/td><\/tr><tr><td width=\"208\"><p>Uluslararas\u0131 \u0130slam sanatlar\u0131 ve zanaatlar\u0131 sergisi<\/p><\/td><td width=\"208\"><p>Esfahan<\/p><\/td><td width=\"208\"><p>2002<\/p><\/td><\/tr><tr><td width=\"208\"><p>Ulusal el sanatlar\u0131 sergisi<\/p><\/td><td width=\"208\"><p>Kerman<\/p><\/td><td width=\"208\"><p>2003<\/p><\/td><\/tr><tr><td width=\"208\"><p>Uluslararas\u0131 Kur&#8217;an-\u0131 Kerim Sergisi<\/p><\/td><td width=\"208\"><p>Tehran<\/p><\/td><td width=\"208\"><p>2003<\/p><\/td><\/tr><tr><td width=\"208\"><p>El sanatlar\u0131 konferans\u0131 ve k\u00fclt\u00fcr aktar\u0131m\u0131ndaki rol\u00fc<\/p><\/td><td width=\"208\"><p>Tehran<\/p><\/td><td width=\"208\"><p>2004<\/p><\/td><\/tr><tr><td width=\"208\"><p>Hormozgan&#8217;\u0131n ilk el sanatlar\u0131 sergisi<\/p><\/td><td width=\"208\"><p>Bandar abbas<\/p><\/td><td width=\"208\"><p>2005<\/p><\/td><\/tr><tr><td width=\"208\"><p>\u0130kinci el sanatlar\u0131 sergisi<\/p><\/td><td width=\"208\"><p>Kum<\/p><\/td><td width=\"208\"><p>2005<\/p><\/td><\/tr><tr><td width=\"208\"><p>\u0130lk ulusal el sanatlar\u0131 sergisi<\/p><\/td><td width=\"208\"><p>Kashan<\/p><\/td><td width=\"208\"><p>2005<\/p><\/td><\/tr><tr><td width=\"208\"><p>\u0130ran sanat ve el sanatlar\u0131 sergisi<\/p><\/td><td width=\"208\"><p>Tehran<\/p><\/td><td width=\"208\"><p>2006<\/p><\/td><\/tr><tr><td width=\"208\"><p>\u0130ran&#8217;daki en b\u00fcy\u00fck \u00fclke \u00e7ap\u0131ndaki el sanatlar\u0131 konferans\u0131 ve sergisi<\/p><\/td><td width=\"208\"><p>Tehran<\/p><\/td><td width=\"208\"><p>2006<\/p><\/td><\/tr><tr><td width=\"208\"><p>\u0130ran El Sanatlar\u0131n\u0131n K\u0131y\u0131 Sergisi<\/p><\/td><td width=\"208\"><p>Noshahr<\/p><\/td><td width=\"208\"><p>2006<\/p><\/td><\/tr><tr><td width=\"208\"><p>G\u00fclistanda el sanatlar\u0131 sergisi<\/p><\/td><td width=\"208\"><p>Gorgan<\/p><\/td><td width=\"208\"><p>2007<\/p><\/td><\/tr><tr><td width=\"208\"><p>Chalus el sanatlar\u0131n\u0131n ikinci sergisi<\/p><\/td><td width=\"208\"><p>Chalus<\/p><\/td><td width=\"208\"><p>2007<\/p><\/td><\/tr><tr><td width=\"208\"><p>\u0130ran el sanatlar\u0131n\u0131n ulusal sergisi<\/p><\/td><td width=\"208\"><p>Sari<\/p><\/td><td width=\"208\"><p>2007<\/p><\/td><\/tr><tr><td width=\"208\"><p>Razavi Festivali<\/p><\/td><td width=\"208\"><p>Tehran<\/p><\/td><td width=\"208\"><p>2007<\/p><\/td><\/tr><tr><td width=\"208\"><p>Ulusal el sanatlar\u0131 ve hediyelik e\u015fya sergisi<\/p><\/td><td width=\"208\"><p>Tabriz<\/p><\/td><td width=\"208\"><p>2008<\/p><\/td><\/tr><tr><td width=\"208\"><p>Sanat Sergisi. Spor. Olimpiyatlar ve Paralimpikler<\/p><\/td><td width=\"208\"><p>Tehran<\/p><\/td><td width=\"208\"><p>2008<\/p><\/td><\/tr><tr><td width=\"208\"><p>Alt\u0131nc\u0131 ulusal el sanatlar\u0131 sergisi<\/p><\/td><td width=\"208\"><p>Hamedan<\/p><\/td><td width=\"208\"><p>2009<\/p><\/td><\/tr><tr><td width=\"208\"><p>Sanat ve el sanatlar\u0131nda d\u00f6rd\u00fcnc\u00fc Razavi festivali<\/p><\/td><td width=\"208\"><p>Esfahan<\/p><\/td><td width=\"208\"><p>2010<\/p><\/td><\/tr><tr><td width=\"208\"><p>\u0130ran Ulusal El Sanatlar\u0131 Festivali ve Sergisi<\/p><\/td><td width=\"208\"><p>Tehran<\/p><\/td><td width=\"208\"><p>2013<\/p><\/td><\/tr><tr><td width=\"208\"><p>yedinci Uluslararas\u0131 \u0130ran Halklar\u0131 K\u00fclt\u00fcr Festivali<\/p><\/td><td width=\"208\"><p>Gorgan<\/p><\/td><td width=\"208\"><p>2013<\/p><\/td><\/tr><\/tbody><\/table><p>\u00a0<\/p>\t\t\t\t\t\t<\/div>\n\t\t\t\t<\/div>\n\t\t\t\t\t<\/div>\n\t\t<\/div>\n\t\t\t\t\t\t\t<\/div>\n\t\t<\/section>\n\t\t\t\t\t\t\t<\/div>\n\t\t","protected":false},"excerpt":{"rendered":"<p>Saadatmand el sanatlar\u0131, yurt i\u00e7i ve yurt d\u0131\u015f\u0131 fuar ve pazarlarda her zaman aktif olarak yer alm\u0131\u015ft\u0131r. Son y\u0131llarda kharmohre at\u00f6lyelerinin a\u00e7\u0131lmas\u0131yla birlikte turizm fuarlar\u0131nda Saadatmand<span class=\"excerpt-hellip\"> [\u2026]<\/span><\/p>\n","protected":false},"author":1,"featured_media":0,"parent":0,"menu_order":0,"comment_status":"closed","ping_status":"closed","template":"","meta":[],"yoast_head":"<!-- This site is optimized with the Yoast SEO plugin v20.6 - https:\/\/yoast.com\/wordpress\/plugins\/seo\/ -->\n<title>sergiler - saadatmand el sanatlar\u0131<\/title>\n<meta name=\"robots\" content=\"index, follow, max-snippet:-1, max-image-preview:large, max-video-preview:-1\" \/>\n<link rel=\"canonical\" href=\"https:\/\/sdmcrafts.com\/tr\/exhibitions\/\" \/>\n<meta property=\"og:locale\" content=\"fa_IR\" \/>\n<meta property=\"og:type\" content=\"article\" \/>\n<meta property=\"og:title\" content=\"sergiler - saadatmand el sanatlar\u0131\" \/>\n<meta property=\"og:description\" content=\"Saadatmand el sanatlar\u0131, yurt i\u00e7i ve yurt d\u0131\u015f\u0131 fuar ve pazarlarda her zaman aktif olarak yer alm\u0131\u015ft\u0131r. Son y\u0131llarda kharmohre at\u00f6lyelerinin a\u00e7\u0131lmas\u0131yla birlikte turizm fuarlar\u0131nda Saadatmand [\u2026]\" \/>\n<meta property=\"og:url\" content=\"https:\/\/sdmcrafts.com\/tr\/exhibitions\/\" \/>\n<meta property=\"og:site_name\" content=\"saadatmand el sanatlar\u0131\" \/>\n<meta property=\"article:modified_time\" content=\"2023-05-30T07:17:38+00:00\" \/>\n<meta name=\"twitter:card\" content=\"summary_large_image\" \/>\n<meta name=\"twitter:label1\" content=\"\u0632\u0645\u0627\u0646 \u062a\u0642\u0631\u06cc\u0628\u06cc \u0628\u0631\u0627\u06cc \u062e\u0648\u0627\u0646\u062f\u0646\" \/>\n\t<meta name=\"twitter:data1\" content=\"2 \u062f\u0642\u06cc\u0642\u0647\" \/>\n<script type=\"application\/ld+json\" class=\"yoast-schema-graph\">{\"@context\":\"https:\/\/schema.org\",\"@graph\":[{\"@type\":\"WebPage\",\"@id\":\"https:\/\/sdmcrafts.com\/tr\/exhibitions\/\",\"url\":\"https:\/\/sdmcrafts.com\/tr\/exhibitions\/\",\"name\":\"sergiler - saadatmand el sanatlar\u0131\",\"isPartOf\":{\"@id\":\"https:\/\/sdmcrafts.com\/tr\/#website\"},\"datePublished\":\"2017-05-12T16:59:49+00:00\",\"dateModified\":\"2023-05-30T07:17:38+00:00\",\"inLanguage\":\"fa-IR\",\"potentialAction\":[{\"@type\":\"ReadAction\",\"target\":[\"https:\/\/sdmcrafts.com\/tr\/exhibitions\/\"]}]},{\"@type\":\"WebSite\",\"@id\":\"https:\/\/sdmcrafts.com\/tr\/#website\",\"url\":\"https:\/\/sdmcrafts.com\/tr\/\",\"name\":\"saadatmand el sanatlar\u0131\",\"description\":\"nazar boncu\u011fu,kharmohre\",\"publisher\":{\"@id\":\"https:\/\/sdmcrafts.com\/tr\/#organization\"},\"potentialAction\":[{\"@type\":\"SearchAction\",\"target\":{\"@type\":\"EntryPoint\",\"urlTemplate\":\"https:\/\/sdmcrafts.com\/tr\/?s={search_term_string}\"},\"query-input\":\"required name=search_term_string\"}],\"inLanguage\":\"fa-IR\"},{\"@type\":\"Organization\",\"@id\":\"https:\/\/sdmcrafts.com\/tr\/#organization\",\"name\":\"saadatmand el sanatlar\u0131\",\"url\":\"https:\/\/sdmcrafts.com\/tr\/\",\"logo\":{\"@type\":\"ImageObject\",\"inLanguage\":\"fa-IR\",\"@id\":\"https:\/\/sdmcrafts.com\/tr\/#\/schema\/logo\/image\/\",\"url\":\"https:\/\/sdmcrafts.com\/tr\/wp-content\/uploads\/2023\/04\/cropped-logosdm-1.png\",\"contentUrl\":\"https:\/\/sdmcrafts.com\/tr\/wp-content\/uploads\/2023\/04\/cropped-logosdm-1.png\",\"width\":300,\"height\":96,\"caption\":\"saadatmand el sanatlar\u0131\"},\"image\":{\"@id\":\"https:\/\/sdmcrafts.com\/tr\/#\/schema\/logo\/image\/\"}}]}<\/script>\n<!-- \/ Yoast SEO plugin. -->","yoast_head_json":{"title":"sergiler - saadatmand el sanatlar\u0131","robots":{"index":"index","follow":"follow","max-snippet":"max-snippet:-1","max-image-preview":"max-image-preview:large","max-video-preview":"max-video-preview:-1"},"canonical":"https:\/\/sdmcrafts.com\/tr\/exhibitions\/","og_locale":"fa_IR","og_type":"article","og_title":"sergiler - saadatmand el sanatlar\u0131","og_description":"Saadatmand el sanatlar\u0131, yurt i\u00e7i ve yurt d\u0131\u015f\u0131 fuar ve pazarlarda her zaman aktif olarak yer alm\u0131\u015ft\u0131r. Son y\u0131llarda kharmohre at\u00f6lyelerinin a\u00e7\u0131lmas\u0131yla birlikte turizm fuarlar\u0131nda Saadatmand [\u2026]","og_url":"https:\/\/sdmcrafts.com\/tr\/exhibitions\/","og_site_name":"saadatmand el sanatlar\u0131","article_modified_time":"2023-05-30T07:17:38+00:00","twitter_card":"summary_large_image","twitter_misc":{"\u0632\u0645\u0627\u0646 \u062a\u0642\u0631\u06cc\u0628\u06cc \u0628\u0631\u0627\u06cc \u062e\u0648\u0627\u0646\u062f\u0646":"2 \u062f\u0642\u06cc\u0642\u0647"},"schema":{"@context":"https:\/\/schema.org","@graph":[{"@type":"WebPage","@id":"https:\/\/sdmcrafts.com\/tr\/exhibitions\/","url":"https:\/\/sdmcrafts.com\/tr\/exhibitions\/","name":"sergiler - saadatmand el sanatlar\u0131","isPartOf":{"@id":"https:\/\/sdmcrafts.com\/tr\/#website"},"datePublished":"2017-05-12T16:59:49+00:00","dateModified":"2023-05-30T07:17:38+00:00","inLanguage":"fa-IR","potentialAction":[{"@type":"ReadAction","target":["https:\/\/sdmcrafts.com\/tr\/exhibitions\/"]}]},{"@type":"WebSite","@id":"https:\/\/sdmcrafts.com\/tr\/#website","url":"https:\/\/sdmcrafts.com\/tr\/","name":"saadatmand el sanatlar\u0131","description":"nazar boncu\u011fu,kharmohre","publisher":{"@id":"https:\/\/sdmcrafts.com\/tr\/#organization"},"potentialAction":[{"@type":"SearchAction","target":{"@type":"EntryPoint","urlTemplate":"https:\/\/sdmcrafts.com\/tr\/?s={search_term_string}"},"query-input":"required name=search_term_string"}],"inLanguage":"fa-IR"},{"@type":"Organization","@id":"https:\/\/sdmcrafts.com\/tr\/#organization","name":"saadatmand el sanatlar\u0131","url":"https:\/\/sdmcrafts.com\/tr\/","logo":{"@type":"ImageObject","inLanguage":"fa-IR","@id":"https:\/\/sdmcrafts.com\/tr\/#\/schema\/logo\/image\/","url":"https:\/\/sdmcrafts.com\/tr\/wp-content\/uploads\/2023\/04\/cropped-logosdm-1.png","contentUrl":"https:\/\/sdmcrafts.com\/tr\/wp-content\/uploads\/2023\/04\/cropped-logosdm-1.png","width":300,"height":96,"caption":"saadatmand el sanatlar\u0131"},"image":{"@id":"https:\/\/sdmcrafts.com\/tr\/#\/schema\/logo\/image\/"}}]}},"_links":{"self":[{"href":"https:\/\/sdmcrafts.com\/tr\/wp-json\/wp\/v2\/pages\/834"}],"collection":[{"href":"https:\/\/sdmcrafts.com\/tr\/wp-json\/wp\/v2\/pages"}],"about":[{"href":"https:\/\/sdmcrafts.com\/tr\/wp-json\/wp\/v2\/types\/page"}],"author":[{"embeddable":true,"href":"https:\/\/sdmcrafts.com\/tr\/wp-json\/wp\/v2\/users\/1"}],"replies":[{"embeddable":true,"href":"https:\/\/sdmcrafts.com\/tr\/wp-json\/wp\/v2\/comments?post=834"}],"version-history":[{"count":12,"href":"https:\/\/sdmcrafts.com\/tr\/wp-json\/wp\/v2\/pages\/834\/revisions"}],"predecessor-version":[{"id":2779,"href":"https:\/\/sdmcrafts.com\/tr\/wp-json\/wp\/v2\/pages\/834\/revisions\/2779"}],"wp:attachment":[{"href":"https:\/\/sdmcrafts.com\/tr\/wp-json\/wp\/v2\/media?parent=834"}],"curies":[{"name":"wp","href":"https:\/\/api.w.org\/{rel}","templated":true}]}}