{"id":760,"date":"2017-03-31T08:39:46","date_gmt":"2017-03-31T08:39:46","guid":{"rendered":"http:\/\/sdmcrafts.com\/?page_id=760"},"modified":"2023-08-07T10:49:10","modified_gmt":"2023-08-07T10:49:10","slug":"nazar-boncugu","status":"publish","type":"page","link":"https:\/\/sdmcrafts.com\/tr\/nazar-boncugu\/","title":{"rendered":"nazar boncu\u011fu anlam\u0131"},"content":{"rendered":"<p>[vc_row][vc_column][vc_gallery type=&#8221;image_grid&#8221; images=&#8221;2637,2708,2707,970&#8243; img_size=&#8221;280*280&#8243;][vc_column_text]<\/p>\n<h2>Saadatmand El Sanatlar\u0131<\/h2>\n<p>Saadatmand El Sanatlar\u0131, son y\u00fcz y\u0131ld\u0131r i\u00e7 ve d\u0131\u015f pazarlarda s\u00fcrekli olarak faaliyet g\u00f6steren el sanatlar\u0131n\u0131n tasar\u0131m\u0131, \u00fcretimi, sat\u0131\u015f\u0131 ve turizmi alan\u0131nda bir aile \u015firketidir. Son y\u0131llarda koleksiyonun en \u00e7ok odak noktas\u0131 nazar boncu\u011fu veya kharmohre ve seramik \u00fczerine olmu\u015ftur. Saadatmand El Sanatlar\u0131, seri nazar boncu\u011fu veya kharmohre \u00fcretiminin yan\u0131 s\u0131ra, bu otantik \u0130ran sanat\u0131n\u0131n korunmas\u0131 ve s\u00fcrd\u00fcr\u00fclmesi i\u00e7in bir\u00e7ok \u00e7aba sarf etmi\u015ftir ve bunlar aras\u0131nda \u015funlar say\u0131labilir:<\/p>\n<ul>\n<li>\u00a0Almanya, Hannover&#8217;deki Expo 2000 etkinli\u011finde \u0130ran tarihlerinin tan\u0131t\u0131m\u0131 ve tescili (insan k\u00fclt\u00fcr\u00fc ve bilgisinin devam\u0131 b\u00f6l\u00fcm\u00fcnde 502 numaras\u0131 ile kay\u0131tl\u0131d\u0131r)<\/li>\n<li>nazar boncu\u011fu veya s\u0131r tekni\u011fi ile ilgili teorik bilgilerin geli\u015ftirilmesi amac\u0131yla Almanya&#8217;daki Kassel \u00dcniversitesi ile i\u015fbirli\u011fi<\/li>\n<li>20&#8217;den fazla \u00fclkede d\u00fczenlenen uluslararas\u0131 sergilerde \u0130ran nazar boncu\u011fu veya kharmohre tan\u0131t\u0131lmas\u0131<\/li>\n<li>Kamu sekt\u00f6r\u00fcn\u00fcn i\u015fbirli\u011fi ile Kharmohren\u0131n somut olmayan ulusal miras olarak tescili<\/li>\n<li>Yabanc\u0131 turistleri tan\u0131tmak ve \u00e7ekmek i\u00e7in turizm at\u00f6lyeleri kurmak<\/li>\n<li>H\u00fck\u00fcmet sekt\u00f6r\u00fcn\u00fcn i\u015fbirli\u011fi ile kharmohre standart belgesinin haz\u0131rlanmas\u0131<\/li>\n<li>nazar boncu\u011fu sanat\u0131n\u0131n UNESCO listesine kaydedilmesi i\u00e7in devlet kurumlar\u0131yla i\u015fbirli\u011fi<\/li>\n<li>\u0130ran kharmohre 6000 y\u0131ll\u0131k tarihini tan\u0131tmak amac\u0131yla yurt i\u00e7inde 150&#8217;den fazla sergiye kat\u0131lmak<\/li>\n<li>\u00d6\u011frenci randevular\u0131 olu\u015fturmak i\u00e7in at\u00f6lyeler kurmak<\/li>\n<\/ul>\n<p>Saadatmand El Sanatlar\u0131,&#8217;\u0131n tarihi, bu aile \u015firketinin pazar\u0131n ihtiya\u00e7lar\u0131n\u0131 kar\u015f\u0131laman\u0131n yan\u0131 s\u0131ra her zaman \u0130ran&#8217;\u0131n otantik\u00a0 kharmohre sanat\u0131n\u0131 korumaya \u00e7al\u0131\u015ft\u0131\u011f\u0131n\u0131 g\u00f6steriyor. 1397&#8217;den beri Saadatmadhan el sanatlar\u0131n\u0131n y\u00f6netiminin de\u011fi\u015fmesiyle, kal\u0131tsal sanat\u0131n geli\u015fimi<\/p>\n<h3><a href=\"https:\/\/sdmcrafts.com\/tr\/\">Saadatmand El Sanatlar\u0131n\u0131n Tarihi<\/a><\/h3>\n<p>nazar boncu\u011fu ya <a href=\"https:\/\/tr.wikipedia.org\/wiki\/Nazar_boncu%C4%9Fu\">kharmohre<\/a> \u00fcretimi belgelenmi\u015f bir programa dayal\u0131 olarak takip edilmi\u015ftir. Bu alanda al\u0131nan en \u00f6nemli tedbirler aras\u0131nda \u015funlar yer almaktad\u0131r:<\/p>\n<ul>\n<li>\u00dcretim y\u00f6ntemlerini iyile\u015ftirmek i\u00e7in tarihleme yapmak i\u00e7in bir laboratuvar kurmak<\/li>\n<li>Turizm alan\u0131nda aktivistler ile a\u011f olu\u015fturma ve i\u015fbirli\u011fi<\/li>\n<li>kharmohre yap\u0131m\u0131 at\u00f6lyelerinin i\u00e7eri\u011finin iyile\u015ftirilmesi<\/li>\n<li>Turist a\u011f\u0131rlama tesislerinin iyile\u015ftirilmesi<\/li>\n<li>Turistlere \u00fcr\u00fcn sat\u0131\u015f\u0131 i\u00e7in ortam yaratmak<\/li>\n<li>\u00c7ocuklar\u0131n ve gen\u00e7lerin varl\u0131\u011f\u0131 i\u00e7in at\u00f6lye alan\u0131n\u0131n g\u00fcvenli\u011fini art\u0131rmak<\/li>\n<li>Pazarlama ve yabanc\u0131 m\u00fc\u015fteri \u00e7ekme<\/li>\n<li>\u00dcr\u00fcn tasar\u0131m\u0131 i\u00e7in 3D yaz\u0131c\u0131lar gibi yeni teknolojilerin kullan\u0131lmas\u0131<\/li>\n<li>\u00dcr\u00fcn kalitesinin iyile\u015ftirilmesi ve \u00fcr\u00fcnlerin \u00e7e\u015fitlendirilmesi alan\u0131nda akademik bilgileri uygulamak<\/li>\n<li>markala\u015fma<\/li>\n<li>\u0130ran&#8217;\u0131n kom\u015fu \u00fclkelerine ihracat tarihleri<\/li>\n<\/ul>\n<p>[\/vc_column_text][\/vc_column][\/vc_row][vc_row][vc_column][\/vc_column][\/vc_row]<\/p>\n","protected":false},"excerpt":{"rendered":"<p>[vc_row][vc_column][vc_gallery type=&#8221;image_grid&#8221; images=&#8221;2637,2708,2707,970&#8243; img_size=&#8221;280*280&#8243;][vc_column_text] Saadatmand El Sanatlar\u0131 Saadatmand El Sanatlar\u0131, son y\u00fcz y\u0131ld\u0131r i\u00e7 ve d\u0131\u015f pazarlarda s\u00fcrekli olarak faaliyet g\u00f6steren el sanatlar\u0131n\u0131n tasar\u0131m\u0131, \u00fcretimi, sat\u0131\u015f\u0131<span class=\"excerpt-hellip\"> [\u2026]<\/span><\/p>\n","protected":false},"author":1,"featured_media":2977,"parent":0,"menu_order":0,"comment_status":"closed","ping_status":"closed","template":"","meta":[],"yoast_head":"<!-- This site is optimized with the Yoast SEO plugin v20.6 - https:\/\/yoast.com\/wordpress\/plugins\/seo\/ -->\n<title>nazar boncu\u011fu anlam\u0131 - saadatmand el sanatlar\u0131<\/title>\n<meta name=\"description\" content=\"nazar boncu\u011fu anlam\u0131 | nazar boncu\u011fu almak | Saadatmand El Sanatlar\u0131, son y\u00fcz y\u0131ld\u0131r i\u00e7 ve d\u0131\u015f pazarlarda s\u00fcrekli olarak faaliyet g\u00f6steriyor\" \/>\n<meta name=\"robots\" content=\"index, follow, max-snippet:-1, max-image-preview:large, max-video-preview:-1\" \/>\n<link rel=\"canonical\" href=\"https:\/\/sdmcrafts.com\/tr\/nazar-boncugu\/\" \/>\n<meta property=\"og:locale\" content=\"fa_IR\" \/>\n<meta property=\"og:type\" content=\"article\" \/>\n<meta property=\"og:title\" content=\"nazar boncu\u011fu anlam\u0131 - saadatmand el sanatlar\u0131\" \/>\n<meta property=\"og:description\" content=\"nazar boncu\u011fu anlam\u0131 | nazar boncu\u011fu almak | Saadatmand El Sanatlar\u0131, son y\u00fcz y\u0131ld\u0131r i\u00e7 ve d\u0131\u015f pazarlarda s\u00fcrekli olarak faaliyet g\u00f6steriyor\" \/>\n<meta property=\"og:url\" content=\"https:\/\/sdmcrafts.com\/tr\/nazar-boncugu\/\" \/>\n<meta property=\"og:site_name\" content=\"saadatmand el sanatlar\u0131\" \/>\n<meta property=\"article:modified_time\" content=\"2023-08-07T10:49:10+00:00\" \/>\n<meta property=\"og:image\" content=\"https:\/\/sdmcrafts.com\/tr\/wp-content\/uploads\/2023\/06\/IMG_1626-scaled.jpg\" \/>\n\t<meta property=\"og:image:width\" content=\"2560\" \/>\n\t<meta property=\"og:image:height\" content=\"1707\" \/>\n\t<meta property=\"og:image:type\" content=\"image\/jpeg\" \/>\n<meta name=\"twitter:card\" content=\"summary_large_image\" \/>\n<meta name=\"twitter:label1\" content=\"\u0632\u0645\u0627\u0646 \u062a\u0642\u0631\u06cc\u0628\u06cc \u0628\u0631\u0627\u06cc \u062e\u0648\u0627\u0646\u062f\u0646\" \/>\n\t<meta name=\"twitter:data1\" content=\"2 \u062f\u0642\u06cc\u0642\u0647\" \/>\n<script type=\"application\/ld+json\" class=\"yoast-schema-graph\">{\"@context\":\"https:\/\/schema.org\",\"@graph\":[{\"@type\":\"WebPage\",\"@id\":\"https:\/\/sdmcrafts.com\/tr\/nazar-boncugu\/\",\"url\":\"https:\/\/sdmcrafts.com\/tr\/nazar-boncugu\/\",\"name\":\"nazar boncu\u011fu anlam\u0131 - saadatmand el sanatlar\u0131\",\"isPartOf\":{\"@id\":\"https:\/\/sdmcrafts.com\/tr\/#website\"},\"datePublished\":\"2017-03-31T08:39:46+00:00\",\"dateModified\":\"2023-08-07T10:49:10+00:00\",\"description\":\"nazar boncu\u011fu anlam\u0131 | nazar boncu\u011fu almak | Saadatmand El Sanatlar\u0131, son y\u00fcz y\u0131ld\u0131r i\u00e7 ve d\u0131\u015f pazarlarda s\u00fcrekli olarak faaliyet g\u00f6steriyor\",\"inLanguage\":\"fa-IR\",\"potentialAction\":[{\"@type\":\"ReadAction\",\"target\":[\"https:\/\/sdmcrafts.com\/tr\/nazar-boncugu\/\"]}]},{\"@type\":\"WebSite\",\"@id\":\"https:\/\/sdmcrafts.com\/tr\/#website\",\"url\":\"https:\/\/sdmcrafts.com\/tr\/\",\"name\":\"saadatmand el sanatlar\u0131\",\"description\":\"nazar boncu\u011fu,kharmohre\",\"publisher\":{\"@id\":\"https:\/\/sdmcrafts.com\/tr\/#organization\"},\"potentialAction\":[{\"@type\":\"SearchAction\",\"target\":{\"@type\":\"EntryPoint\",\"urlTemplate\":\"https:\/\/sdmcrafts.com\/tr\/?s={search_term_string}\"},\"query-input\":\"required name=search_term_string\"}],\"inLanguage\":\"fa-IR\"},{\"@type\":\"Organization\",\"@id\":\"https:\/\/sdmcrafts.com\/tr\/#organization\",\"name\":\"saadatmand el sanatlar\u0131\",\"url\":\"https:\/\/sdmcrafts.com\/tr\/\",\"logo\":{\"@type\":\"ImageObject\",\"inLanguage\":\"fa-IR\",\"@id\":\"https:\/\/sdmcrafts.com\/tr\/#\/schema\/logo\/image\/\",\"url\":\"https:\/\/sdmcrafts.com\/tr\/wp-content\/uploads\/2023\/04\/cropped-logosdm-1.png\",\"contentUrl\":\"https:\/\/sdmcrafts.com\/tr\/wp-content\/uploads\/2023\/04\/cropped-logosdm-1.png\",\"width\":300,\"height\":96,\"caption\":\"saadatmand el sanatlar\u0131\"},\"image\":{\"@id\":\"https:\/\/sdmcrafts.com\/tr\/#\/schema\/logo\/image\/\"}}]}<\/script>\n<!-- \/ Yoast SEO plugin. -->","yoast_head_json":{"title":"nazar boncu\u011fu anlam\u0131 - saadatmand el sanatlar\u0131","description":"nazar boncu\u011fu anlam\u0131 | nazar boncu\u011fu almak | Saadatmand El Sanatlar\u0131, son y\u00fcz y\u0131ld\u0131r i\u00e7 ve d\u0131\u015f pazarlarda s\u00fcrekli olarak faaliyet g\u00f6steriyor","robots":{"index":"index","follow":"follow","max-snippet":"max-snippet:-1","max-image-preview":"max-image-preview:large","max-video-preview":"max-video-preview:-1"},"canonical":"https:\/\/sdmcrafts.com\/tr\/nazar-boncugu\/","og_locale":"fa_IR","og_type":"article","og_title":"nazar boncu\u011fu anlam\u0131 - saadatmand el sanatlar\u0131","og_description":"nazar boncu\u011fu anlam\u0131 | nazar boncu\u011fu almak | Saadatmand El Sanatlar\u0131, son y\u00fcz y\u0131ld\u0131r i\u00e7 ve d\u0131\u015f pazarlarda s\u00fcrekli olarak faaliyet g\u00f6steriyor","og_url":"https:\/\/sdmcrafts.com\/tr\/nazar-boncugu\/","og_site_name":"saadatmand el sanatlar\u0131","article_modified_time":"2023-08-07T10:49:10+00:00","og_image":[{"width":2560,"height":1707,"url":"https:\/\/sdmcrafts.com\/tr\/wp-content\/uploads\/2023\/06\/IMG_1626-scaled.jpg","type":"image\/jpeg"}],"twitter_card":"summary_large_image","twitter_misc":{"\u0632\u0645\u0627\u0646 \u062a\u0642\u0631\u06cc\u0628\u06cc \u0628\u0631\u0627\u06cc \u062e\u0648\u0627\u0646\u062f\u0646":"2 \u062f\u0642\u06cc\u0642\u0647"},"schema":{"@context":"https:\/\/schema.org","@graph":[{"@type":"WebPage","@id":"https:\/\/sdmcrafts.com\/tr\/nazar-boncugu\/","url":"https:\/\/sdmcrafts.com\/tr\/nazar-boncugu\/","name":"nazar boncu\u011fu anlam\u0131 - saadatmand el sanatlar\u0131","isPartOf":{"@id":"https:\/\/sdmcrafts.com\/tr\/#website"},"datePublished":"2017-03-31T08:39:46+00:00","dateModified":"2023-08-07T10:49:10+00:00","description":"nazar boncu\u011fu anlam\u0131 | nazar boncu\u011fu almak | Saadatmand El Sanatlar\u0131, son y\u00fcz y\u0131ld\u0131r i\u00e7 ve d\u0131\u015f pazarlarda s\u00fcrekli olarak faaliyet g\u00f6steriyor","inLanguage":"fa-IR","potentialAction":[{"@type":"ReadAction","target":["https:\/\/sdmcrafts.com\/tr\/nazar-boncugu\/"]}]},{"@type":"WebSite","@id":"https:\/\/sdmcrafts.com\/tr\/#website","url":"https:\/\/sdmcrafts.com\/tr\/","name":"saadatmand el sanatlar\u0131","description":"nazar boncu\u011fu,kharmohre","publisher":{"@id":"https:\/\/sdmcrafts.com\/tr\/#organization"},"potentialAction":[{"@type":"SearchAction","target":{"@type":"EntryPoint","urlTemplate":"https:\/\/sdmcrafts.com\/tr\/?s={search_term_string}"},"query-input":"required name=search_term_string"}],"inLanguage":"fa-IR"},{"@type":"Organization","@id":"https:\/\/sdmcrafts.com\/tr\/#organization","name":"saadatmand el sanatlar\u0131","url":"https:\/\/sdmcrafts.com\/tr\/","logo":{"@type":"ImageObject","inLanguage":"fa-IR","@id":"https:\/\/sdmcrafts.com\/tr\/#\/schema\/logo\/image\/","url":"https:\/\/sdmcrafts.com\/tr\/wp-content\/uploads\/2023\/04\/cropped-logosdm-1.png","contentUrl":"https:\/\/sdmcrafts.com\/tr\/wp-content\/uploads\/2023\/04\/cropped-logosdm-1.png","width":300,"height":96,"caption":"saadatmand el sanatlar\u0131"},"image":{"@id":"https:\/\/sdmcrafts.com\/tr\/#\/schema\/logo\/image\/"}}]}},"_links":{"self":[{"href":"https:\/\/sdmcrafts.com\/tr\/wp-json\/wp\/v2\/pages\/760"}],"collection":[{"href":"https:\/\/sdmcrafts.com\/tr\/wp-json\/wp\/v2\/pages"}],"about":[{"href":"https:\/\/sdmcrafts.com\/tr\/wp-json\/wp\/v2\/types\/page"}],"author":[{"embeddable":true,"href":"https:\/\/sdmcrafts.com\/tr\/wp-json\/wp\/v2\/users\/1"}],"replies":[{"embeddable":true,"href":"https:\/\/sdmcrafts.com\/tr\/wp-json\/wp\/v2\/comments?post=760"}],"version-history":[{"count":34,"href":"https:\/\/sdmcrafts.com\/tr\/wp-json\/wp\/v2\/pages\/760\/revisions"}],"predecessor-version":[{"id":3176,"href":"https:\/\/sdmcrafts.com\/tr\/wp-json\/wp\/v2\/pages\/760\/revisions\/3176"}],"wp:featuredmedia":[{"embeddable":true,"href":"https:\/\/sdmcrafts.com\/tr\/wp-json\/wp\/v2\/media\/2977"}],"wp:attachment":[{"href":"https:\/\/sdmcrafts.com\/tr\/wp-json\/wp\/v2\/media?parent=760"}],"curies":[{"name":"wp","href":"https:\/\/api.w.org\/{rel}","templated":true}]}}