{"id":3161,"date":"2023-07-29T05:29:19","date_gmt":"2023-07-29T05:29:19","guid":{"rendered":"https:\/\/sdmcrafts.com\/tr\/?page_id=3161"},"modified":"2023-07-29T05:29:19","modified_gmt":"2023-07-29T05:29:19","slug":"mavi-tas","status":"publish","type":"page","link":"https:\/\/sdmcrafts.com\/tr\/mavi-tas\/","title":{"rendered":"Mavi Ta\u015f"},"content":{"rendered":"<p>[vc_row][vc_column][vc_column_text]<\/p>\n<h2>Rengi Mavi Olan De\u011ferli Ta\u015flar Hangileridir?<\/h2>\n<p>&#8220;Mavi ta\u015f&#8221; ifadesi, genellikle mavi renkteki de\u011ferli ta\u015flar\u0131 ifade etmek i\u00e7in kullan\u0131lan genel bir terimdir. Mavi renkli bir\u00e7ok farkl\u0131 de\u011ferli ta\u015f bulunmaktad\u0131r. Baz\u0131lar\u0131 \u015funlard\u0131r:<\/p>\n<p>1. Safir: Safir, korundum mineralinin bir \u00e7e\u015fididir ve en s\u0131k bulunan mavi ta\u015ft\u0131r. Mavi renkli safirlerin yan\u0131 s\u0131ra, sar\u0131, pembe, beyaz ve di\u011fer renklerde de bulunabilirler.<\/p>\n<p>2. Zirkon: Zirkon, do\u011fal olarak mavi, turuncu, sar\u0131, ye\u015fil ve kahverengi renklerde bulunabilen bir ta\u015ft\u0131r. Mavi zirkonlar olduk\u00e7a nadirdir, ancak olduk\u00e7a g\u00fczel ve de\u011ferlidirler.<\/p>\n<p>3. Turmalin: Turmalin, bir\u00e7ok farkl\u0131 renkte bulunabilen bir ta\u015ft\u0131r. Mavi renkteki turmalin, &#8220;paraiba&#8221; ad\u0131 verilen \u00f6zel bir \u00e7e\u015fittir ve olduk\u00e7a nadirdir.<\/p>\n<p>4. Topaz: Topaz, genellikle sar\u0131 veya kahverengi renkte bulunur, ancak mavi renkte de bulunabilir. Mavi topaz, i\u015flem g\u00f6rm\u00fc\u015f beyaz topaz\u0131n \u0131s\u0131t\u0131lmas\u0131 veya radyasyonla i\u015flenmesi sonucu elde edilir.<\/p>\n<p>5. <a href=\"https:\/\/tr.wikipedia.org\/wiki\/Lapis_lazuli\">Lapis lazuli<\/a>: Lapis lazuli, do\u011fal olarak mavi renkte olan bir ta\u015ft\u0131r. Yo\u011fun mavi rengi nedeniyle m\u00fccevher yap\u0131m\u0131nda s\u0131k\u00e7a kullan\u0131l\u0131r.<\/p>\n<p>Bu sadece birka\u00e7 \u00f6rnek olup, di\u011fer mavi ta\u015f lar aras\u0131nda akvamarin, tansanit, sardoniks ve benitoit say\u0131labilir.<\/p>\n<p>[\/vc_column_text][vc_separator][\/vc_column][\/vc_row][vc_row][vc_column][vc_column_text]<\/p>\n<h3>Hangi mavi ta\u015f en pahal\u0131d\u0131r?<\/h3>\n<p>En pahal\u0131 mavi ta\u015flar, nadirlikleri, renkleri, berrakl\u0131klar\u0131 ve talep g\u00f6rmeleri gibi bir\u00e7ok fakt\u00f6re ba\u011fl\u0131 olarak de\u011fi\u015febilir. Ancak genellikle, a\u015fa\u011f\u0131daki mavi ta\u015flar en pahal\u0131 olanlar\u0131d\u0131r:<\/p>\n<p>1. Safir: Safir, mavi renkteki en pahal\u0131 ta\u015ft\u0131r. Safirlerin fiyatlar\u0131, nadirliklerine, berrakl\u0131klar\u0131na ve renklerine g\u00f6re de\u011fi\u015febilir. En y\u00fcksek kaliteli mavi safirler olduk\u00e7a nadir oldu\u011fu i\u00e7in olduk\u00e7a pahal\u0131d\u0131r.<\/p>\n<p>2. Paraiba turmalini: Bu \u00f6zel turmalin \u00e7e\u015fidi, nadirli\u011fi ve benzersiz mavi-ye\u015fil renkleri nedeniyle olduk\u00e7a pahal\u0131d\u0131r. Brezilya ve Mozambik&#8217;te s\u0131n\u0131rl\u0131 miktarda bulunurlar.<\/p>\n<p>3. Tansanit: Tansanit, Tanzanya&#8217;daki s\u0131n\u0131rl\u0131 bir b\u00f6lgede bulunan bir ta\u015ft\u0131r. Mavi-mor renkleri nedeniyle olduk\u00e7a pop\u00fclerdir ve nadirli\u011fi nedeniyle olduk\u00e7a pahal\u0131d\u0131r.<\/p>\n<p>4. Alexandrite: Alexandrite, renk de\u011fi\u015ftiren bir ta\u015ft\u0131r ve mavi-ye\u015fil renklerde bulunabilir. Nadirli\u011fi ve benzersiz \u00f6zellikleri nedeniyle olduk\u00e7a pahal\u0131d\u0131r.<\/p>\n<p>5. Blue diamond: Mavi elmaslar olduk\u00e7a nadir ve de\u011ferlidirler. Mavi elmaslar\u0131n fiyatlar\u0131, renklerine, karat a\u011f\u0131rl\u0131klar\u0131na ve berrakl\u0131klar\u0131na g\u00f6re de\u011fi\u015febilir. En y\u00fcksek kaliteli mavi elmaslar olduk\u00e7a pahal\u0131d\u0131r ve m\u00fczayedelerde milyonlarca dolarl\u0131k fiyatlarla sat\u0131labilmektedirler.<\/p>\n<p>Tabii ki, di\u011fer fakt\u00f6rler de fiyat\u0131 etkileyebilir, ancak genel olarak bu ta\u015flar en pahal\u0131 olanlar\u0131d\u0131r.[\/vc_column_text][vc_separator][\/vc_column][\/vc_row][vc_row][vc_column][vc_column_text]<\/p>\n<h3>Hangi ta\u015flar daha nadirdir?<\/h3>\n<p>Her ta\u015f\u0131n nadirli\u011fi, \u00e7\u0131kar\u0131ld\u0131\u011f\u0131 yer, bulunabilirli\u011fi, talep ve di\u011fer fakt\u00f6rlere ba\u011fl\u0131d\u0131r. Baz\u0131 mavi ta\u015flar, di\u011ferlerine g\u00f6re daha nadir bulunabilirler. Bunlar aras\u0131nda \u015funlar yer alabilir:<\/p>\n<p>1. Paraiba turmalini: Bu turmalin \u00e7e\u015fidi, sadece Brezilya ve Mozambik&#8217;te s\u0131n\u0131rl\u0131 bir b\u00f6lgede bulunur ve benzersiz mavi-ye\u015fil renkleri nedeniyle olduk\u00e7a nadirdir.<\/p>\n<p>2. Mavi elmas: Mavi elmaslar, di\u011fer renklerdeki elmaslara g\u00f6re olduk\u00e7a nadirdir. En \u00fcnl\u00fc mavi elmaslar, G\u00fcney Afrika&#8217;daki Cullinan Madeni&#8217;nde bulunmu\u015ftur.<\/p>\n<p>3. Tanzanit: Tanzanit, sadece Tanzanya&#8217;da s\u0131n\u0131rl\u0131 bir b\u00f6lgede bulunur ve mavi-mor renkleri nedeniyle olduk\u00e7a pop\u00fclerdir.<\/p>\n<p>4. Apatit: Apatit, bir\u00e7ok farkl\u0131 renkte bulunabilen bir ta\u015ft\u0131r. Mavi renkteki apatitler ise olduk\u00e7a nadirdir.<\/p>\n<p>5. Larimar: Larimar, sadece Dominik Cumhuriyeti&#8217;nde bulunur ve benzersiz mavi renkleri nedeniyle olduk\u00e7a nadirdir.<\/p>\n<p>Tabii ki, di\u011fer fakt\u00f6rler de fiyat\u0131 etkileyebilir, ancak genel olarak bu ta\u015flar di\u011fer mavi ta\u015flara g\u00f6re daha nadir bulunabilirler.[\/vc_column_text][\/vc_column][\/vc_row]<\/p>\n","protected":false},"excerpt":{"rendered":"<p>[vc_row][vc_column][vc_column_text] Rengi Mavi Olan De\u011ferli Ta\u015flar Hangileridir? &#8220;Mavi ta\u015f&#8221; ifadesi, genellikle mavi renkteki de\u011ferli ta\u015flar\u0131 ifade etmek i\u00e7in kullan\u0131lan genel bir terimdir. Mavi renkli bir\u00e7ok farkl\u0131<span class=\"excerpt-hellip\"> [\u2026]<\/span><\/p>\n","protected":false},"author":508,"featured_media":476,"parent":0,"menu_order":0,"comment_status":"closed","ping_status":"closed","template":"","meta":[],"yoast_head":"<!-- This site is optimized with the Yoast SEO plugin v20.6 - https:\/\/yoast.com\/wordpress\/plugins\/seo\/ -->\n<title>Mavi Ta\u015f - saadatmand el sanatlar\u0131<\/title>\n<meta name=\"description\" content=\"&quot;Mavi ta\u015f&quot; ifadesi, genellikle mavi renkteki de\u011ferli ta\u015flar\u0131 ifade etmek i\u00e7in kullan\u0131lan genel bir terimdir.\" \/>\n<meta name=\"robots\" content=\"index, follow, max-snippet:-1, max-image-preview:large, max-video-preview:-1\" \/>\n<link rel=\"canonical\" href=\"https:\/\/sdmcrafts.com\/tr\/mavi-tas\/\" \/>\n<meta property=\"og:locale\" content=\"fa_IR\" \/>\n<meta property=\"og:type\" content=\"article\" \/>\n<meta property=\"og:title\" content=\"Mavi Ta\u015f - saadatmand el sanatlar\u0131\" \/>\n<meta property=\"og:description\" content=\"&quot;Mavi ta\u015f&quot; ifadesi, genellikle mavi renkteki de\u011ferli ta\u015flar\u0131 ifade etmek i\u00e7in kullan\u0131lan genel bir terimdir.\" \/>\n<meta property=\"og:url\" content=\"https:\/\/sdmcrafts.com\/tr\/mavi-tas\/\" \/>\n<meta property=\"og:site_name\" content=\"saadatmand el sanatlar\u0131\" \/>\n<meta property=\"og:image\" content=\"https:\/\/sdmcrafts.com\/tr\/wp-content\/uploads\/2017\/03\/Header_Workshop.jpg\" \/>\n\t<meta property=\"og:image:width\" content=\"1500\" \/>\n\t<meta property=\"og:image:height\" content=\"473\" \/>\n\t<meta property=\"og:image:type\" content=\"image\/jpeg\" \/>\n<meta name=\"twitter:card\" content=\"summary_large_image\" \/>\n<meta name=\"twitter:label1\" content=\"\u0632\u0645\u0627\u0646 \u062a\u0642\u0631\u06cc\u0628\u06cc \u0628\u0631\u0627\u06cc \u062e\u0648\u0627\u0646\u062f\u0646\" \/>\n\t<meta name=\"twitter:data1\" content=\"3 \u062f\u0642\u06cc\u0642\u0647\" \/>\n<script type=\"application\/ld+json\" class=\"yoast-schema-graph\">{\"@context\":\"https:\/\/schema.org\",\"@graph\":[{\"@type\":\"WebPage\",\"@id\":\"https:\/\/sdmcrafts.com\/tr\/mavi-tas\/\",\"url\":\"https:\/\/sdmcrafts.com\/tr\/mavi-tas\/\",\"name\":\"Mavi Ta\u015f - saadatmand el sanatlar\u0131\",\"isPartOf\":{\"@id\":\"https:\/\/sdmcrafts.com\/tr\/#website\"},\"datePublished\":\"2023-07-29T05:29:19+00:00\",\"dateModified\":\"2023-07-29T05:29:19+00:00\",\"description\":\"\\\"Mavi ta\u015f\\\" ifadesi, genellikle mavi renkteki de\u011ferli ta\u015flar\u0131 ifade etmek i\u00e7in kullan\u0131lan genel bir terimdir.\",\"inLanguage\":\"fa-IR\",\"potentialAction\":[{\"@type\":\"ReadAction\",\"target\":[\"https:\/\/sdmcrafts.com\/tr\/mavi-tas\/\"]}]},{\"@type\":\"WebSite\",\"@id\":\"https:\/\/sdmcrafts.com\/tr\/#website\",\"url\":\"https:\/\/sdmcrafts.com\/tr\/\",\"name\":\"saadatmand el sanatlar\u0131\",\"description\":\"nazar boncu\u011fu,kharmohre\",\"publisher\":{\"@id\":\"https:\/\/sdmcrafts.com\/tr\/#organization\"},\"potentialAction\":[{\"@type\":\"SearchAction\",\"target\":{\"@type\":\"EntryPoint\",\"urlTemplate\":\"https:\/\/sdmcrafts.com\/tr\/?s={search_term_string}\"},\"query-input\":\"required name=search_term_string\"}],\"inLanguage\":\"fa-IR\"},{\"@type\":\"Organization\",\"@id\":\"https:\/\/sdmcrafts.com\/tr\/#organization\",\"name\":\"saadatmand el sanatlar\u0131\",\"url\":\"https:\/\/sdmcrafts.com\/tr\/\",\"logo\":{\"@type\":\"ImageObject\",\"inLanguage\":\"fa-IR\",\"@id\":\"https:\/\/sdmcrafts.com\/tr\/#\/schema\/logo\/image\/\",\"url\":\"https:\/\/sdmcrafts.com\/tr\/wp-content\/uploads\/2023\/04\/cropped-logosdm-1.png\",\"contentUrl\":\"https:\/\/sdmcrafts.com\/tr\/wp-content\/uploads\/2023\/04\/cropped-logosdm-1.png\",\"width\":300,\"height\":96,\"caption\":\"saadatmand el sanatlar\u0131\"},\"image\":{\"@id\":\"https:\/\/sdmcrafts.com\/tr\/#\/schema\/logo\/image\/\"}}]}<\/script>\n<!-- \/ Yoast SEO plugin. -->","yoast_head_json":{"title":"Mavi Ta\u015f - saadatmand el sanatlar\u0131","description":"\"Mavi ta\u015f\" ifadesi, genellikle mavi renkteki de\u011ferli ta\u015flar\u0131 ifade etmek i\u00e7in kullan\u0131lan genel bir terimdir.","robots":{"index":"index","follow":"follow","max-snippet":"max-snippet:-1","max-image-preview":"max-image-preview:large","max-video-preview":"max-video-preview:-1"},"canonical":"https:\/\/sdmcrafts.com\/tr\/mavi-tas\/","og_locale":"fa_IR","og_type":"article","og_title":"Mavi Ta\u015f - saadatmand el sanatlar\u0131","og_description":"\"Mavi ta\u015f\" ifadesi, genellikle mavi renkteki de\u011ferli ta\u015flar\u0131 ifade etmek i\u00e7in kullan\u0131lan genel bir terimdir.","og_url":"https:\/\/sdmcrafts.com\/tr\/mavi-tas\/","og_site_name":"saadatmand el sanatlar\u0131","og_image":[{"width":1500,"height":473,"url":"https:\/\/sdmcrafts.com\/tr\/wp-content\/uploads\/2017\/03\/Header_Workshop.jpg","type":"image\/jpeg"}],"twitter_card":"summary_large_image","twitter_misc":{"\u0632\u0645\u0627\u0646 \u062a\u0642\u0631\u06cc\u0628\u06cc \u0628\u0631\u0627\u06cc \u062e\u0648\u0627\u0646\u062f\u0646":"3 \u062f\u0642\u06cc\u0642\u0647"},"schema":{"@context":"https:\/\/schema.org","@graph":[{"@type":"WebPage","@id":"https:\/\/sdmcrafts.com\/tr\/mavi-tas\/","url":"https:\/\/sdmcrafts.com\/tr\/mavi-tas\/","name":"Mavi Ta\u015f - saadatmand el sanatlar\u0131","isPartOf":{"@id":"https:\/\/sdmcrafts.com\/tr\/#website"},"datePublished":"2023-07-29T05:29:19+00:00","dateModified":"2023-07-29T05:29:19+00:00","description":"\"Mavi ta\u015f\" ifadesi, genellikle mavi renkteki de\u011ferli ta\u015flar\u0131 ifade etmek i\u00e7in kullan\u0131lan genel bir terimdir.","inLanguage":"fa-IR","potentialAction":[{"@type":"ReadAction","target":["https:\/\/sdmcrafts.com\/tr\/mavi-tas\/"]}]},{"@type":"WebSite","@id":"https:\/\/sdmcrafts.com\/tr\/#website","url":"https:\/\/sdmcrafts.com\/tr\/","name":"saadatmand el sanatlar\u0131","description":"nazar boncu\u011fu,kharmohre","publisher":{"@id":"https:\/\/sdmcrafts.com\/tr\/#organization"},"potentialAction":[{"@type":"SearchAction","target":{"@type":"EntryPoint","urlTemplate":"https:\/\/sdmcrafts.com\/tr\/?s={search_term_string}"},"query-input":"required name=search_term_string"}],"inLanguage":"fa-IR"},{"@type":"Organization","@id":"https:\/\/sdmcrafts.com\/tr\/#organization","name":"saadatmand el sanatlar\u0131","url":"https:\/\/sdmcrafts.com\/tr\/","logo":{"@type":"ImageObject","inLanguage":"fa-IR","@id":"https:\/\/sdmcrafts.com\/tr\/#\/schema\/logo\/image\/","url":"https:\/\/sdmcrafts.com\/tr\/wp-content\/uploads\/2023\/04\/cropped-logosdm-1.png","contentUrl":"https:\/\/sdmcrafts.com\/tr\/wp-content\/uploads\/2023\/04\/cropped-logosdm-1.png","width":300,"height":96,"caption":"saadatmand el sanatlar\u0131"},"image":{"@id":"https:\/\/sdmcrafts.com\/tr\/#\/schema\/logo\/image\/"}}]}},"_links":{"self":[{"href":"https:\/\/sdmcrafts.com\/tr\/wp-json\/wp\/v2\/pages\/3161"}],"collection":[{"href":"https:\/\/sdmcrafts.com\/tr\/wp-json\/wp\/v2\/pages"}],"about":[{"href":"https:\/\/sdmcrafts.com\/tr\/wp-json\/wp\/v2\/types\/page"}],"author":[{"embeddable":true,"href":"https:\/\/sdmcrafts.com\/tr\/wp-json\/wp\/v2\/users\/508"}],"replies":[{"embeddable":true,"href":"https:\/\/sdmcrafts.com\/tr\/wp-json\/wp\/v2\/comments?post=3161"}],"version-history":[{"count":2,"href":"https:\/\/sdmcrafts.com\/tr\/wp-json\/wp\/v2\/pages\/3161\/revisions"}],"predecessor-version":[{"id":3184,"href":"https:\/\/sdmcrafts.com\/tr\/wp-json\/wp\/v2\/pages\/3161\/revisions\/3184"}],"wp:featuredmedia":[{"embeddable":true,"href":"https:\/\/sdmcrafts.com\/tr\/wp-json\/wp\/v2\/media\/476"}],"wp:attachment":[{"href":"https:\/\/sdmcrafts.com\/tr\/wp-json\/wp\/v2\/media?parent=3161"}],"curies":[{"name":"wp","href":"https:\/\/api.w.org\/{rel}","templated":true}]}}