{"id":3135,"date":"2023-07-01T11:18:59","date_gmt":"2023-07-01T11:18:59","guid":{"rendered":"https:\/\/sdmcrafts.com\/tr\/?page_id=3135"},"modified":"2023-07-01T11:26:21","modified_gmt":"2023-07-01T11:26:21","slug":"nazar-boncug%cc%86u-kolye","status":"publish","type":"page","link":"https:\/\/sdmcrafts.com\/tr\/nazar-boncug%cc%86u-kolye\/","title":{"rendered":"Nazar boncu\u011fu kolye"},"content":{"rendered":"<h2>Nazar boncu\u011fu kolye<\/h2>\n<p>Nazar boncu\u011fu kolye, T\u00fcrk k\u00fclt\u00fcr\u00fcnde k\u00f6t\u00fc enerjileri uzakla\u015ft\u0131rd\u0131\u011f\u0131na inan\u0131lan bir t\u00fcr muska olarak kullan\u0131lmaktad\u0131r. kolye yap\u0131m\u0131 olduk\u00e7a basittir ve evde kolayl\u0131kla yap\u0131labilir. \u0130\u015fte malzemeleri ve yap\u0131m a\u015famalar\u0131:<\/p>\n<p>Malzemeler:<br \/>\n&#8211; Bir adet nazar boncu\u011fu<br \/>\n&#8211; Bir adet kolye zinciri<br \/>\n&#8211; \u0130nce bir tel veya tak\u0131 yap\u0131m\u0131 i\u00e7in kullan\u0131lan ince bir ip<br \/>\n&#8211; K\u00fc\u00e7\u00fck bir halka<\/p>\n<p>Yap\u0131m a\u015famalar\u0131:<br \/>\n1. \u00d6ncelikle nazar boncu\u011funu kolye zincirine takmak i\u00e7in ip veya tel kullan\u0131n.<br \/>\n2. \u0130pi veya teli boncu\u011fun \u00fczerinden ge\u00e7irin ve sonras\u0131nda bir halka olu\u015fturmak i\u00e7in iki ucunu birle\u015ftirin.<br \/>\n3. Kolyenin her iki ucunu da halka ile birle\u015ftirin.<br \/>\n4. Kolyeniz haz\u0131r.<\/p>\n<p>Bu \u015fekilde yapaca\u011f\u0131n\u0131z nazar boncu\u011fu kolyeyi kullanarak kendinizi k\u00f6t\u00fc enerjiden koruyabilirsiniz. Ayr\u0131ca, nazar boncu\u011fu kolye hediye olarak da tercih edilen bir se\u00e7enektir.<\/p>\n<h4>Nazar boncu\u011fu kolye nerede kullan\u0131l\u0131r?<\/h4>\n<p>T\u00fcrk k\u00fclt\u00fcr\u00fcnde ve baz\u0131 di\u011fer k\u00fclt\u00fcrlerde k\u00f6t\u00fc enerjilerden korunmak i\u00e7in kullan\u0131lan bir muska olarak bilinir. \u00d6zellikle T\u00fcrkiye&#8217;de, Yunanistan&#8217;da, \u0130ran&#8217;da, Irak&#8217;ta ve di\u011fer baz\u0131 Ortado\u011fu \u00fclkelerinde s\u0131k\u00e7a kullan\u0131l\u0131r.<\/p>\n<p>Nazar boncu\u011fu kolye, genellikle boynunuzda veya bile\u011finizde tak\u0131l\u0131r ve sizi k\u00f6t\u00fc enerjilerden, \u015fanss\u0131zl\u0131klardan ve nazar de\u011fmesinden korudu\u011funa inan\u0131l\u0131r. Ayr\u0131ca, evlerde veya i\u015f yerlerinde dekoratif ama\u00e7lar i\u00e7in de kullan\u0131labilir.<\/p>\n<p><a href=\"https:\/\/en.wikipedia.org\/wiki\/Nazar_(amulet)\">Nazar<\/a> boncu\u011fu ,T\u00fcrkiye&#8217;de \u00f6zellikle bebeklerin do\u011fumunda hediye edilen yayg\u0131n bir hediyedir. Bebeklerin k\u00f6t\u00fc nazarlardan korunmas\u0131 i\u00e7in kullan\u0131lmaktad\u0131r. Ayr\u0131ca, d\u00fc\u011f\u00fcnlerde de gelinlere ve damatlara hediye edilir ve yeni evlenen \u00e7iftlerin k\u00f6t\u00fc enerjilerden korunmalar\u0131na yard\u0131mc\u0131 olmas\u0131 ama\u00e7lan\u0131r.<\/p>\n<h4>Ba\u015fka k\u00fclt\u00fcrlerde de kullan\u0131l\u0131yor mu?<\/h4>\n<p><a href=\"https:\/\/sdmcrafts.com\/tr\/nazar-boncugu-2\/\">nazar boncu\u011fu<\/a> sadece T\u00fcrk k\u00fclt\u00fcr\u00fcnde de\u011fil, di\u011fer baz\u0131 k\u00fclt\u00fcrlerde de kullan\u0131l\u0131yor. \u00d6rne\u011fin, Yunanistan, \u0130ran, Irak, Kuzey Afrika ve baz\u0131 Akdeniz \u00fclkelerinde de yayg\u0131n olarak kullan\u0131lmaktad\u0131r.<\/p>\n<p>Yunanistan&#8217;da, nazar boncu\u011fu &#8220;mati&#8221; olarak adland\u0131r\u0131l\u0131r ve bebeklerin do\u011fumunda hediye edilir. Ayr\u0131ca, Yunanistan&#8217;da, evlerin kap\u0131lar\u0131na, arabalar\u0131n aynalar\u0131na ve hatta teknelerin direklerine bile nazar boncu\u011fu as\u0131ld\u0131\u011f\u0131 g\u00f6r\u00fclebilir.<\/p>\n<p>\u0130ran&#8217;da ve baz\u0131 di\u011fer Ortado\u011fu \u00fclkelerinde,<a href=\"https:\/\/sdmcrafts.com\/tr\/nazar-boncugu-hikayesi\/\"> nazar boncu\u011fu<\/a> &#8220;ayn-e nazr&#8221; olarak bilinir ve k\u00f6t\u00fc g\u00f6zlerden korunmak i\u00e7in kullan\u0131l\u0131r. Ayr\u0131ca, nazar boncu\u011fu seramikleri de \u0130ran&#8217;da yayg\u0131n bir gelene\u011fe sahiptir.<\/p>\n<p>Kuzey Afrika&#8217;da, nazar boncu\u011fu kolye &#8220;hamza&#8221; olarak adland\u0131r\u0131l\u0131r ve \u00f6zellikle bebeklerin korunmas\u0131 i\u00e7in kullan\u0131l\u0131r. Bu k\u00fclt\u00fcrde, nazar boncu\u011fu motifleri ayr\u0131ca kuma\u015flarda, hal\u0131larda ve seramiklerde de s\u0131k\u00e7a kullan\u0131l\u0131r.<\/p>\n<p><a href=\"https:\/\/sdmcrafts.com\/tr\/nazar-boncugu-2\/\">Nazar boncu\u011fu<\/a> , farkl\u0131 k\u00fclt\u00fcrlerde farkl\u0131 isimlerle bilinse de, genel olarak k\u00f6t\u00fc enerjilerden korunmak i\u00e7in kullan\u0131lan bir muskad\u0131r.<\/p>\n","protected":false},"excerpt":{"rendered":"<p>Nazar boncu\u011fu kolye Nazar boncu\u011fu kolye, T\u00fcrk k\u00fclt\u00fcr\u00fcnde k\u00f6t\u00fc enerjileri uzakla\u015ft\u0131rd\u0131\u011f\u0131na inan\u0131lan bir t\u00fcr muska olarak kullan\u0131lmaktad\u0131r. kolye yap\u0131m\u0131 olduk\u00e7a basittir ve evde kolayl\u0131kla yap\u0131labilir. \u0130\u015fte<span class=\"excerpt-hellip\"> [\u2026]<\/span><\/p>\n","protected":false},"author":508,"featured_media":2913,"parent":0,"menu_order":0,"comment_status":"closed","ping_status":"closed","template":"","meta":[],"yoast_head":"<!-- This site is optimized with the Yoast SEO plugin v20.6 - https:\/\/yoast.com\/wordpress\/plugins\/seo\/ -->\n<title>Nazar boncu\u011fu kolye - saadatmand el sanatlar\u0131<\/title>\n<meta name=\"description\" content=\"Nazar boncu\u011fu kolye, T\u00fcrk k\u00fclt\u00fcr\u00fcnde k\u00f6t\u00fc enerjileri uzakla\u015ft\u0131rd\u0131\u011f\u0131na inan\u0131lan bir t\u00fcr muska olarak kullan\u0131lmaktad\u0131r\" \/>\n<meta name=\"robots\" content=\"index, follow, max-snippet:-1, max-image-preview:large, max-video-preview:-1\" \/>\n<link rel=\"canonical\" href=\"https:\/\/sdmcrafts.com\/tr\/nazar-boncug\u0306u-kolye\/\" \/>\n<meta property=\"og:locale\" content=\"fa_IR\" \/>\n<meta property=\"og:type\" content=\"article\" \/>\n<meta property=\"og:title\" content=\"Nazar boncu\u011fu kolye - saadatmand el sanatlar\u0131\" \/>\n<meta property=\"og:description\" content=\"Nazar boncu\u011fu kolye, T\u00fcrk k\u00fclt\u00fcr\u00fcnde k\u00f6t\u00fc enerjileri uzakla\u015ft\u0131rd\u0131\u011f\u0131na inan\u0131lan bir t\u00fcr muska olarak kullan\u0131lmaktad\u0131r\" \/>\n<meta property=\"og:url\" content=\"https:\/\/sdmcrafts.com\/tr\/nazar-boncug\u0306u-kolye\/\" \/>\n<meta property=\"og:site_name\" content=\"saadatmand el sanatlar\u0131\" \/>\n<meta property=\"article:modified_time\" content=\"2023-07-01T11:26:21+00:00\" \/>\n<meta property=\"og:image\" content=\"https:\/\/sdmcrafts.com\/tr\/wp-content\/uploads\/2023\/06\/IMG_20220711_020358.jpg\" \/>\n\t<meta property=\"og:image:width\" content=\"1080\" \/>\n\t<meta property=\"og:image:height\" content=\"953\" \/>\n\t<meta property=\"og:image:type\" content=\"image\/jpeg\" \/>\n<meta name=\"twitter:card\" content=\"summary_large_image\" \/>\n<meta name=\"twitter:label1\" content=\"\u0632\u0645\u0627\u0646 \u062a\u0642\u0631\u06cc\u0628\u06cc \u0628\u0631\u0627\u06cc \u062e\u0648\u0627\u0646\u062f\u0646\" \/>\n\t<meta name=\"twitter:data1\" content=\"2 \u062f\u0642\u06cc\u0642\u0647\" \/>\n<script type=\"application\/ld+json\" class=\"yoast-schema-graph\">{\"@context\":\"https:\/\/schema.org\",\"@graph\":[{\"@type\":\"WebPage\",\"@id\":\"https:\/\/sdmcrafts.com\/tr\/nazar-boncug%cc%86u-kolye\/\",\"url\":\"https:\/\/sdmcrafts.com\/tr\/nazar-boncug%cc%86u-kolye\/\",\"name\":\"Nazar boncu\u011fu kolye - saadatmand el sanatlar\u0131\",\"isPartOf\":{\"@id\":\"https:\/\/sdmcrafts.com\/tr\/#website\"},\"datePublished\":\"2023-07-01T11:18:59+00:00\",\"dateModified\":\"2023-07-01T11:26:21+00:00\",\"description\":\"Nazar boncu\u011fu kolye, T\u00fcrk k\u00fclt\u00fcr\u00fcnde k\u00f6t\u00fc enerjileri uzakla\u015ft\u0131rd\u0131\u011f\u0131na inan\u0131lan bir t\u00fcr muska olarak kullan\u0131lmaktad\u0131r\",\"inLanguage\":\"fa-IR\",\"potentialAction\":[{\"@type\":\"ReadAction\",\"target\":[\"https:\/\/sdmcrafts.com\/tr\/nazar-boncug%cc%86u-kolye\/\"]}]},{\"@type\":\"WebSite\",\"@id\":\"https:\/\/sdmcrafts.com\/tr\/#website\",\"url\":\"https:\/\/sdmcrafts.com\/tr\/\",\"name\":\"saadatmand el sanatlar\u0131\",\"description\":\"nazar boncu\u011fu,kharmohre\",\"publisher\":{\"@id\":\"https:\/\/sdmcrafts.com\/tr\/#organization\"},\"potentialAction\":[{\"@type\":\"SearchAction\",\"target\":{\"@type\":\"EntryPoint\",\"urlTemplate\":\"https:\/\/sdmcrafts.com\/tr\/?s={search_term_string}\"},\"query-input\":\"required name=search_term_string\"}],\"inLanguage\":\"fa-IR\"},{\"@type\":\"Organization\",\"@id\":\"https:\/\/sdmcrafts.com\/tr\/#organization\",\"name\":\"saadatmand el sanatlar\u0131\",\"url\":\"https:\/\/sdmcrafts.com\/tr\/\",\"logo\":{\"@type\":\"ImageObject\",\"inLanguage\":\"fa-IR\",\"@id\":\"https:\/\/sdmcrafts.com\/tr\/#\/schema\/logo\/image\/\",\"url\":\"https:\/\/sdmcrafts.com\/tr\/wp-content\/uploads\/2023\/04\/cropped-logosdm-1.png\",\"contentUrl\":\"https:\/\/sdmcrafts.com\/tr\/wp-content\/uploads\/2023\/04\/cropped-logosdm-1.png\",\"width\":300,\"height\":96,\"caption\":\"saadatmand el sanatlar\u0131\"},\"image\":{\"@id\":\"https:\/\/sdmcrafts.com\/tr\/#\/schema\/logo\/image\/\"}}]}<\/script>\n<!-- \/ Yoast SEO plugin. -->","yoast_head_json":{"title":"Nazar boncu\u011fu kolye - saadatmand el sanatlar\u0131","description":"Nazar boncu\u011fu kolye, T\u00fcrk k\u00fclt\u00fcr\u00fcnde k\u00f6t\u00fc enerjileri uzakla\u015ft\u0131rd\u0131\u011f\u0131na inan\u0131lan bir t\u00fcr muska olarak kullan\u0131lmaktad\u0131r","robots":{"index":"index","follow":"follow","max-snippet":"max-snippet:-1","max-image-preview":"max-image-preview:large","max-video-preview":"max-video-preview:-1"},"canonical":"https:\/\/sdmcrafts.com\/tr\/nazar-boncug\u0306u-kolye\/","og_locale":"fa_IR","og_type":"article","og_title":"Nazar boncu\u011fu kolye - saadatmand el sanatlar\u0131","og_description":"Nazar boncu\u011fu kolye, T\u00fcrk k\u00fclt\u00fcr\u00fcnde k\u00f6t\u00fc enerjileri uzakla\u015ft\u0131rd\u0131\u011f\u0131na inan\u0131lan bir t\u00fcr muska olarak kullan\u0131lmaktad\u0131r","og_url":"https:\/\/sdmcrafts.com\/tr\/nazar-boncug\u0306u-kolye\/","og_site_name":"saadatmand el sanatlar\u0131","article_modified_time":"2023-07-01T11:26:21+00:00","og_image":[{"width":1080,"height":953,"url":"https:\/\/sdmcrafts.com\/tr\/wp-content\/uploads\/2023\/06\/IMG_20220711_020358.jpg","type":"image\/jpeg"}],"twitter_card":"summary_large_image","twitter_misc":{"\u0632\u0645\u0627\u0646 \u062a\u0642\u0631\u06cc\u0628\u06cc \u0628\u0631\u0627\u06cc \u062e\u0648\u0627\u0646\u062f\u0646":"2 \u062f\u0642\u06cc\u0642\u0647"},"schema":{"@context":"https:\/\/schema.org","@graph":[{"@type":"WebPage","@id":"https:\/\/sdmcrafts.com\/tr\/nazar-boncug%cc%86u-kolye\/","url":"https:\/\/sdmcrafts.com\/tr\/nazar-boncug%cc%86u-kolye\/","name":"Nazar boncu\u011fu kolye - saadatmand el sanatlar\u0131","isPartOf":{"@id":"https:\/\/sdmcrafts.com\/tr\/#website"},"datePublished":"2023-07-01T11:18:59+00:00","dateModified":"2023-07-01T11:26:21+00:00","description":"Nazar boncu\u011fu kolye, T\u00fcrk k\u00fclt\u00fcr\u00fcnde k\u00f6t\u00fc enerjileri uzakla\u015ft\u0131rd\u0131\u011f\u0131na inan\u0131lan bir t\u00fcr muska olarak kullan\u0131lmaktad\u0131r","inLanguage":"fa-IR","potentialAction":[{"@type":"ReadAction","target":["https:\/\/sdmcrafts.com\/tr\/nazar-boncug%cc%86u-kolye\/"]}]},{"@type":"WebSite","@id":"https:\/\/sdmcrafts.com\/tr\/#website","url":"https:\/\/sdmcrafts.com\/tr\/","name":"saadatmand el sanatlar\u0131","description":"nazar boncu\u011fu,kharmohre","publisher":{"@id":"https:\/\/sdmcrafts.com\/tr\/#organization"},"potentialAction":[{"@type":"SearchAction","target":{"@type":"EntryPoint","urlTemplate":"https:\/\/sdmcrafts.com\/tr\/?s={search_term_string}"},"query-input":"required name=search_term_string"}],"inLanguage":"fa-IR"},{"@type":"Organization","@id":"https:\/\/sdmcrafts.com\/tr\/#organization","name":"saadatmand el sanatlar\u0131","url":"https:\/\/sdmcrafts.com\/tr\/","logo":{"@type":"ImageObject","inLanguage":"fa-IR","@id":"https:\/\/sdmcrafts.com\/tr\/#\/schema\/logo\/image\/","url":"https:\/\/sdmcrafts.com\/tr\/wp-content\/uploads\/2023\/04\/cropped-logosdm-1.png","contentUrl":"https:\/\/sdmcrafts.com\/tr\/wp-content\/uploads\/2023\/04\/cropped-logosdm-1.png","width":300,"height":96,"caption":"saadatmand el sanatlar\u0131"},"image":{"@id":"https:\/\/sdmcrafts.com\/tr\/#\/schema\/logo\/image\/"}}]}},"_links":{"self":[{"href":"https:\/\/sdmcrafts.com\/tr\/wp-json\/wp\/v2\/pages\/3135"}],"collection":[{"href":"https:\/\/sdmcrafts.com\/tr\/wp-json\/wp\/v2\/pages"}],"about":[{"href":"https:\/\/sdmcrafts.com\/tr\/wp-json\/wp\/v2\/types\/page"}],"author":[{"embeddable":true,"href":"https:\/\/sdmcrafts.com\/tr\/wp-json\/wp\/v2\/users\/508"}],"replies":[{"embeddable":true,"href":"https:\/\/sdmcrafts.com\/tr\/wp-json\/wp\/v2\/comments?post=3135"}],"version-history":[{"count":3,"href":"https:\/\/sdmcrafts.com\/tr\/wp-json\/wp\/v2\/pages\/3135\/revisions"}],"predecessor-version":[{"id":3138,"href":"https:\/\/sdmcrafts.com\/tr\/wp-json\/wp\/v2\/pages\/3135\/revisions\/3138"}],"wp:featuredmedia":[{"embeddable":true,"href":"https:\/\/sdmcrafts.com\/tr\/wp-json\/wp\/v2\/media\/2913"}],"wp:attachment":[{"href":"https:\/\/sdmcrafts.com\/tr\/wp-json\/wp\/v2\/media?parent=3135"}],"curies":[{"name":"wp","href":"https:\/\/api.w.org\/{rel}","templated":true}]}}