{"id":2784,"date":"2023-06-07T06:37:17","date_gmt":"2023-06-07T06:37:17","guid":{"rendered":"https:\/\/sdmcrafts.com\/tr\/?page_id=2784"},"modified":"2024-04-07T10:29:07","modified_gmt":"2024-04-07T10:29:07","slug":"nazar-boncugu-satin-almak","status":"publish","type":"page","link":"https:\/\/sdmcrafts.com\/tr\/nazar-boncugu-satin-almak\/","title":{"rendered":"Nazar boncu\u011fu sat\u0131n almak"},"content":{"rendered":"<p>[vc_row][vc_column][vc_column_text]<\/p>\n<h2>Nazar boncu\u011fu sat\u0131n almak<\/h2>\n<p><a href=\"https:\/\/sdmcrafts.com\/tr\/nazar-boncugu-2\/\">Nazar boncu\u011fu<\/a> sat\u0131n almak i\u00e7in bizimle ileti\u015fime ge\u00e7ebilir ve bizden en iyi <a href=\"https:\/\/sdmcrafts.com\/tr\/nazar-boncugu-fiyatlari\/\">fiyatla<\/a> toplu olarak sat\u0131n alabilirsiniz.Nazar boncu\u011fu, bir\u00e7ok yerde sat\u0131lan pop\u00fcler bir sembold\u00fcr. Online sat\u0131\u015f siteleri, hediyelik e\u015fya d\u00fckkanlar\u0131 veya sembolik e\u015fyalar\u0131n bulundu\u011fu ma\u011fazalarda nazar boncuklar\u0131n\u0131 bulabilirsiniz.<\/p>\n<p>Ayr\u0131ca, baz\u0131 geleneksel pazarlarda veya tatil beldelerinde de nazar boncuklar\u0131na rastlayabilirsiniz. Nazar boncu\u011funu sat\u0131n al\u0131rken, orijinal ve kaliteli \u00fcr\u00fcnler satan g\u00fcvenilir bir sat\u0131c\u0131dan al\u0131\u015fveri\u015f yapman\u0131z \u00f6nemlidir. \u0130nternet \u00fczerindeki sat\u0131c\u0131lar\u0131 ara\u015ft\u0131rarak, m\u00fc\u015fteri yorumlar\u0131n\u0131 okuyarak ve sat\u0131c\u0131n\u0131n g\u00fcvenilirli\u011fini de\u011ferlendirerek do\u011fru bir se\u00e7im yapabilirsiniz. Sat\u0131n al\u0131rken, nazar boncu\u011funun tasar\u0131m\u0131na, boyutuna ve malzemesine dikkat edebilirsiniz.<\/p>\n<p>\u00c7e\u015fitli modeller aras\u0131ndan kendinize veya hediye alaca\u011f\u0131n\u0131z ki\u015fiye uygun bir se\u00e7im yapabilirsiniz. Ayr\u0131ca, <a href=\"https:\/\/en.wikipedia.org\/wiki\/Nazar_(amulet)\">nazar boncuklar\u0131n\u0131n<\/a> tak\u0131larak kullan\u0131ld\u0131\u011f\u0131 gibi, evinizde veya ofisinizde dekoratif bir ama\u00e7la da kullanabilece\u011finizi unutmay\u0131n. Son olarak, nazar boncu\u011funun sembolik bir anlam\u0131 oldu\u011funu hat\u0131rlay\u0131n. Bir\u00e7ok k\u00fclt\u00fcrde k\u00f6t\u00fc enerjilere kar\u015f\u0131 koruma sa\u011flad\u0131\u011f\u0131na ve \u015fans getirdi\u011fine inan\u0131l\u0131r. Ancak, nazar boncu\u011funun ger\u00e7ek g\u00fcc\u00fc inanc\u0131n\u0131z ve sembolizm anlay\u0131\u015f\u0131n\u0131za ba\u011fl\u0131d\u0131r.[\/vc_column_text][vc_separator][\/vc_column][\/vc_row][vc_row][vc_column][vc_column_text]<\/p>\n<div class=\"bubbles has-groups has-sticky-dates scrolled-down\">\n<div class=\"scrollable scrollable-y\">\n<div class=\"bubbles-inner has-rights\">\n<section class=\"bubbles-date-group\">\n<div class=\"bubbles-group\">\n<div class=\"bubble hide-name is-in can-have-tail is-group-first is-group-last\" data-mid=\"57442\" data-peer-id=\"1534607903\" data-timestamp=\"1686117376\">\n<div class=\"bubble-content-wrapper\">\n<div class=\"bubble-content\">\n<h4 class=\"message spoilers-container\" dir=\"auto\">Nazar boncu\u011fu nasil yapilir?<\/h4>\n<div class=\"message spoilers-container\" dir=\"auto\"><a href=\"https:\/\/sdmcrafts.com\/tr\/nazar-boncugu-2\/\">Nazar boncu\u011fu<\/a>, genellikle camdan yap\u0131lan bir sembold\u00fcr.<\/div>\n<div class=\"message spoilers-container\" dir=\"auto\">\u0130\u015fte basit bir nazar boncu\u011fu yapma y\u00f6ntemi:<\/div>\n<div class=\"message spoilers-container\" dir=\"auto\">Malzemeler: Cam boncuk (tercihen mavi renkte)<\/div>\n<div class=\"message spoilers-container\" dir=\"auto\">Metal tel veya ip \u0130\u011fne veya pense \u0130nce bir halka (iste\u011fe ba\u011fl\u0131)<\/div>\n<div class=\"message spoilers-container\" dir=\"auto\">Yap\u0131l\u0131\u015f\u0131: \u0130lk ad\u0131mda, cam boncu\u011fun delikli taraf\u0131n\u0131 telden veya ipten ge\u00e7irmeniz gerekmektedir.<\/div>\n<div dir=\"auto\"><\/div>\n<div class=\"message spoilers-container\" dir=\"auto\">\n<p>Tel veya ipi yakla\u015f\u0131k 10 cm uzunlu\u011funda kesin. \u0130\u011fne veya pense kullanarak telin veya ipin ucunu k\u0131v\u0131r\u0131n, b\u00f6ylece boncu\u011fun d\u00fc\u015fmemesini sa\u011flay\u0131n. Boncuk, telin veya ipin \u00fczerinde sabitlenirken, istedi\u011finiz uzunlu\u011fu ayarlayabilirsiniz. Tel veya ipin di\u011fer ucunu da k\u0131v\u0131rarak boncu\u011fun yerinden kaymas\u0131n\u0131 \u00f6nleyin. \u0130ste\u011fe ba\u011fl\u0131 olarak, nazar boncu\u011funu takmak i\u00e7in ince bir halka ekleyebilirsiniz. Halkay\u0131 boncukla birle\u015ftirin ve halkan\u0131n ucunu da k\u0131v\u0131rarak ba\u011flant\u0131y\u0131 g\u00fc\u00e7lendirin. Nazar boncu\u011funuz haz\u0131r! \u0130sterseniz boncu\u011fu bir kolye veya bilezik yapabilir veya s\u00fcslemek istedi\u011finiz yerlere asabilirsiniz. Elbette, bu basit bir y\u00f6ntemdir ve profesyonelce yap\u0131lm\u0131\u015f nazar boncuklar\u0131yla ayn\u0131 kaliteye sahip olmayabilir. Ancak kendi nazar boncu\u011funuzu yaparak ki\u015fisel bir dokunu\u015f ekleyebilir ve sembolik anlam\u0131n\u0131 benimseyebilirsiniz.<\/p>\n<div class=\"inner tgico\" title=\"6 June 2023, 22:56:16\"><\/div>\n<\/div>\n<\/div>\n<\/div>\n<\/div>\n<\/div>\n<\/section>\n<\/div>\n<\/div>\n<\/div>\n<p>[\/vc_column_text][vc_separator][\/vc_column][\/vc_row][vc_row][vc_column][vc_column_text]<\/p>\n<h4>Nazar boncu\u011fu sat\u0131n almak<\/h4>\n<p>Geleneksel ve eski tarz s\u00fcs e\u015fyalar\u0131 ve aksesuarlar yapmakla ilgileniyorsan\u0131z, mavi boncuk veya Nazar boncu\u011fu kullanmay\u0131 denemenizi \u00f6neririz. Bu \u00fcr\u00fcnle modern tak\u0131lar yapmak bile ho\u015f ve \u00f6zellikle karl\u0131 bir deneyim olabilir. Mavi boncuk veya <a href=\"https:\/\/sdmcrafts.com\/tr\/nazar-boncugu-2\/\">Nazar boncu\u011fu<\/a> sat\u0131n almak i\u00e7in Saadatmand <a href=\"https:\/\/sdmcrafts.com\/tr\/el-sanatlari\/\">El Sanatlar\u0131<\/a> Ma\u011fazas\u0131 ile<strong> +989127506774<\/strong> WhatsApp \u00fczerinden ileti\u015fime ge\u00e7ebilirsiniz.[\/vc_column_text][\/vc_column][\/vc_row]<\/p>\n","protected":false},"excerpt":{"rendered":"<p>[vc_row][vc_column][vc_column_text] Nazar boncu\u011fu sat\u0131n almak Nazar boncu\u011fu sat\u0131n almak i\u00e7in bizimle ileti\u015fime ge\u00e7ebilir ve bizden en iyi fiyatla toplu olarak sat\u0131n alabilirsiniz.Nazar boncu\u011fu, bir\u00e7ok yerde sat\u0131lan<span class=\"excerpt-hellip\"> [\u2026]<\/span><\/p>\n","protected":false},"author":508,"featured_media":2006,"parent":0,"menu_order":0,"comment_status":"closed","ping_status":"closed","template":"","meta":[],"yoast_head":"<!-- This site is optimized with the Yoast SEO plugin v20.6 - https:\/\/yoast.com\/wordpress\/plugins\/seo\/ -->\n<title>Nazar boncu\u011fu sat\u0131n almak - saadatmand el sanatlar\u0131<\/title>\n<meta name=\"description\" content=\"Nazar boncu\u011fu satin almak i\u00e7in bizimle ileti\u015fime ge\u00e7ebilir ve bizden en iyi fiyatla toplu olarak sat\u0131n alabilirsiniz.\" \/>\n<meta name=\"robots\" content=\"index, follow, max-snippet:-1, max-image-preview:large, max-video-preview:-1\" \/>\n<link rel=\"canonical\" href=\"https:\/\/sdmcrafts.com\/tr\/nazar-boncugu-satin-almak\/\" \/>\n<meta property=\"og:locale\" content=\"fa_IR\" \/>\n<meta property=\"og:type\" content=\"article\" \/>\n<meta property=\"og:title\" content=\"Nazar boncu\u011fu sat\u0131n almak - saadatmand el sanatlar\u0131\" \/>\n<meta property=\"og:description\" content=\"Nazar boncu\u011fu satin almak i\u00e7in bizimle ileti\u015fime ge\u00e7ebilir ve bizden en iyi fiyatla toplu olarak sat\u0131n alabilirsiniz.\" \/>\n<meta property=\"og:url\" content=\"https:\/\/sdmcrafts.com\/tr\/nazar-boncugu-satin-almak\/\" \/>\n<meta property=\"og:site_name\" content=\"saadatmand el sanatlar\u0131\" \/>\n<meta property=\"article:modified_time\" content=\"2024-04-07T10:29:07+00:00\" \/>\n<meta property=\"og:image\" content=\"https:\/\/sdmcrafts.com\/tr\/wp-content\/uploads\/2019\/09\/2153752.jpg\" \/>\n\t<meta property=\"og:image:width\" content=\"600\" \/>\n\t<meta property=\"og:image:height\" content=\"400\" \/>\n\t<meta property=\"og:image:type\" content=\"image\/jpeg\" \/>\n<meta name=\"twitter:card\" content=\"summary_large_image\" \/>\n<meta name=\"twitter:label1\" content=\"\u0632\u0645\u0627\u0646 \u062a\u0642\u0631\u06cc\u0628\u06cc \u0628\u0631\u0627\u06cc \u062e\u0648\u0627\u0646\u062f\u0646\" \/>\n\t<meta name=\"twitter:data1\" content=\"2 \u062f\u0642\u06cc\u0642\u0647\" \/>\n<script type=\"application\/ld+json\" class=\"yoast-schema-graph\">{\"@context\":\"https:\/\/schema.org\",\"@graph\":[{\"@type\":\"WebPage\",\"@id\":\"https:\/\/sdmcrafts.com\/tr\/nazar-boncugu-satin-almak\/\",\"url\":\"https:\/\/sdmcrafts.com\/tr\/nazar-boncugu-satin-almak\/\",\"name\":\"Nazar boncu\u011fu sat\u0131n almak - saadatmand el sanatlar\u0131\",\"isPartOf\":{\"@id\":\"https:\/\/sdmcrafts.com\/tr\/#website\"},\"datePublished\":\"2023-06-07T06:37:17+00:00\",\"dateModified\":\"2024-04-07T10:29:07+00:00\",\"description\":\"Nazar boncu\u011fu satin almak i\u00e7in bizimle ileti\u015fime ge\u00e7ebilir ve bizden en iyi fiyatla toplu olarak sat\u0131n alabilirsiniz.\",\"inLanguage\":\"fa-IR\",\"potentialAction\":[{\"@type\":\"ReadAction\",\"target\":[\"https:\/\/sdmcrafts.com\/tr\/nazar-boncugu-satin-almak\/\"]}]},{\"@type\":\"WebSite\",\"@id\":\"https:\/\/sdmcrafts.com\/tr\/#website\",\"url\":\"https:\/\/sdmcrafts.com\/tr\/\",\"name\":\"saadatmand el sanatlar\u0131\",\"description\":\"nazar boncu\u011fu,kharmohre\",\"publisher\":{\"@id\":\"https:\/\/sdmcrafts.com\/tr\/#organization\"},\"potentialAction\":[{\"@type\":\"SearchAction\",\"target\":{\"@type\":\"EntryPoint\",\"urlTemplate\":\"https:\/\/sdmcrafts.com\/tr\/?s={search_term_string}\"},\"query-input\":\"required name=search_term_string\"}],\"inLanguage\":\"fa-IR\"},{\"@type\":\"Organization\",\"@id\":\"https:\/\/sdmcrafts.com\/tr\/#organization\",\"name\":\"saadatmand el sanatlar\u0131\",\"url\":\"https:\/\/sdmcrafts.com\/tr\/\",\"logo\":{\"@type\":\"ImageObject\",\"inLanguage\":\"fa-IR\",\"@id\":\"https:\/\/sdmcrafts.com\/tr\/#\/schema\/logo\/image\/\",\"url\":\"https:\/\/sdmcrafts.com\/tr\/wp-content\/uploads\/2023\/04\/cropped-logosdm-1.png\",\"contentUrl\":\"https:\/\/sdmcrafts.com\/tr\/wp-content\/uploads\/2023\/04\/cropped-logosdm-1.png\",\"width\":300,\"height\":96,\"caption\":\"saadatmand el sanatlar\u0131\"},\"image\":{\"@id\":\"https:\/\/sdmcrafts.com\/tr\/#\/schema\/logo\/image\/\"}}]}<\/script>\n<!-- \/ Yoast SEO plugin. -->","yoast_head_json":{"title":"Nazar boncu\u011fu sat\u0131n almak - saadatmand el sanatlar\u0131","description":"Nazar boncu\u011fu satin almak i\u00e7in bizimle ileti\u015fime ge\u00e7ebilir ve bizden en iyi fiyatla toplu olarak sat\u0131n alabilirsiniz.","robots":{"index":"index","follow":"follow","max-snippet":"max-snippet:-1","max-image-preview":"max-image-preview:large","max-video-preview":"max-video-preview:-1"},"canonical":"https:\/\/sdmcrafts.com\/tr\/nazar-boncugu-satin-almak\/","og_locale":"fa_IR","og_type":"article","og_title":"Nazar boncu\u011fu sat\u0131n almak - saadatmand el sanatlar\u0131","og_description":"Nazar boncu\u011fu satin almak i\u00e7in bizimle ileti\u015fime ge\u00e7ebilir ve bizden en iyi fiyatla toplu olarak sat\u0131n alabilirsiniz.","og_url":"https:\/\/sdmcrafts.com\/tr\/nazar-boncugu-satin-almak\/","og_site_name":"saadatmand el sanatlar\u0131","article_modified_time":"2024-04-07T10:29:07+00:00","og_image":[{"width":600,"height":400,"url":"https:\/\/sdmcrafts.com\/tr\/wp-content\/uploads\/2019\/09\/2153752.jpg","type":"image\/jpeg"}],"twitter_card":"summary_large_image","twitter_misc":{"\u0632\u0645\u0627\u0646 \u062a\u0642\u0631\u06cc\u0628\u06cc \u0628\u0631\u0627\u06cc \u062e\u0648\u0627\u0646\u062f\u0646":"2 \u062f\u0642\u06cc\u0642\u0647"},"schema":{"@context":"https:\/\/schema.org","@graph":[{"@type":"WebPage","@id":"https:\/\/sdmcrafts.com\/tr\/nazar-boncugu-satin-almak\/","url":"https:\/\/sdmcrafts.com\/tr\/nazar-boncugu-satin-almak\/","name":"Nazar boncu\u011fu sat\u0131n almak - saadatmand el sanatlar\u0131","isPartOf":{"@id":"https:\/\/sdmcrafts.com\/tr\/#website"},"datePublished":"2023-06-07T06:37:17+00:00","dateModified":"2024-04-07T10:29:07+00:00","description":"Nazar boncu\u011fu satin almak i\u00e7in bizimle ileti\u015fime ge\u00e7ebilir ve bizden en iyi fiyatla toplu olarak sat\u0131n alabilirsiniz.","inLanguage":"fa-IR","potentialAction":[{"@type":"ReadAction","target":["https:\/\/sdmcrafts.com\/tr\/nazar-boncugu-satin-almak\/"]}]},{"@type":"WebSite","@id":"https:\/\/sdmcrafts.com\/tr\/#website","url":"https:\/\/sdmcrafts.com\/tr\/","name":"saadatmand el sanatlar\u0131","description":"nazar boncu\u011fu,kharmohre","publisher":{"@id":"https:\/\/sdmcrafts.com\/tr\/#organization"},"potentialAction":[{"@type":"SearchAction","target":{"@type":"EntryPoint","urlTemplate":"https:\/\/sdmcrafts.com\/tr\/?s={search_term_string}"},"query-input":"required name=search_term_string"}],"inLanguage":"fa-IR"},{"@type":"Organization","@id":"https:\/\/sdmcrafts.com\/tr\/#organization","name":"saadatmand el sanatlar\u0131","url":"https:\/\/sdmcrafts.com\/tr\/","logo":{"@type":"ImageObject","inLanguage":"fa-IR","@id":"https:\/\/sdmcrafts.com\/tr\/#\/schema\/logo\/image\/","url":"https:\/\/sdmcrafts.com\/tr\/wp-content\/uploads\/2023\/04\/cropped-logosdm-1.png","contentUrl":"https:\/\/sdmcrafts.com\/tr\/wp-content\/uploads\/2023\/04\/cropped-logosdm-1.png","width":300,"height":96,"caption":"saadatmand el sanatlar\u0131"},"image":{"@id":"https:\/\/sdmcrafts.com\/tr\/#\/schema\/logo\/image\/"}}]}},"_links":{"self":[{"href":"https:\/\/sdmcrafts.com\/tr\/wp-json\/wp\/v2\/pages\/2784"}],"collection":[{"href":"https:\/\/sdmcrafts.com\/tr\/wp-json\/wp\/v2\/pages"}],"about":[{"href":"https:\/\/sdmcrafts.com\/tr\/wp-json\/wp\/v2\/types\/page"}],"author":[{"embeddable":true,"href":"https:\/\/sdmcrafts.com\/tr\/wp-json\/wp\/v2\/users\/508"}],"replies":[{"embeddable":true,"href":"https:\/\/sdmcrafts.com\/tr\/wp-json\/wp\/v2\/comments?post=2784"}],"version-history":[{"count":4,"href":"https:\/\/sdmcrafts.com\/tr\/wp-json\/wp\/v2\/pages\/2784\/revisions"}],"predecessor-version":[{"id":3220,"href":"https:\/\/sdmcrafts.com\/tr\/wp-json\/wp\/v2\/pages\/2784\/revisions\/3220"}],"wp:featuredmedia":[{"embeddable":true,"href":"https:\/\/sdmcrafts.com\/tr\/wp-json\/wp\/v2\/media\/2006"}],"wp:attachment":[{"href":"https:\/\/sdmcrafts.com\/tr\/wp-json\/wp\/v2\/media?parent=2784"}],"curies":[{"name":"wp","href":"https:\/\/api.w.org\/{rel}","templated":true}]}}