{"id":2712,"date":"2023-05-14T08:06:50","date_gmt":"2023-05-14T08:06:50","guid":{"rendered":"https:\/\/sdmcrafts.com\/tr\/?page_id=2712"},"modified":"2024-04-07T10:29:12","modified_gmt":"2024-04-07T10:29:12","slug":"nazar-boncugu-hikayesi","status":"publish","type":"page","link":"https:\/\/sdmcrafts.com\/tr\/nazar-boncugu-hikayesi\/","title":{"rendered":"Nazar boncu\u011fu hikayesi"},"content":{"rendered":"<h2><a href=\"https:\/\/sdmcrafts.com\/tr\/\">Nazar boncu\u011fu veya kharmohrenin hikayesi<\/a><\/h2>\n<p>nazar boncu\u011fu hikayesinin yap\u0131m\u0131 alt\u0131 bin y\u0131ll\u0131k ge\u00e7mi\u015fe sahip \u0130ran el sanatlar\u0131n\u0131n dallar\u0131ndan biridir ve \u00fcretimi Kum \u015fehrinde Saadatmand ailesine miras kalm\u0131\u015ft\u0131r.<\/p>\n<p>nazar boncu\u011fu s\u0131r ilk olarak \u0130ran&#8217;da bak\u0131r izabe i\u015f\u00e7ileri taraf\u0131ndan tesad\u00fcfen f\u0131r\u0131nlar\u0131n g\u00f6vdesinde g\u00f6r\u00fcld\u00fc.<\/p>\n<p>s\u0131r\u0131n tesad\u00fcfen olu\u015fmas\u0131 ve bu b\u00fcy\u00fcl\u00fc olay\u0131n bilinmeyen kayna\u011f\u0131, \u0130ran&#8217;\u0131n \u0131\u015f\u0131lt\u0131l\u0131 hurmalar\u0131n\u0131n \u00fcn\u00fcn\u00fcn insanlar\u0131n kula\u011f\u0131na \u00e7ok \u00e7abuk ula\u015fmas\u0131na neden oldu.<\/p>\n<p>nazar boncu\u011fu, \u0130ran&#8217;da ve \u0130ran&#8217;a ba\u011fl\u0131 \u00fclkelerde k\u0131sa s\u00fcrede nazardan korunman\u0131n en \u00f6nemli sembollerinden biri olarak bilinmeye ba\u015fland\u0131.<\/p>\n<h3>Kum tekni\u011fi<\/h3>\n<p>20. y\u00fczy\u0131lda Alman \u0130ranolog Wolff, \u0130ran el sanatlar\u0131 \u00fczerine kapsaml\u0131 ara\u015ft\u0131rmalar yapt\u0131.<\/p>\n<p>Kum gezisi s\u0131ras\u0131nda \u015fehirde gizemli turkuaz <a href=\"https:\/\/en.wikipedia.org\/wiki\/Evil_eye\">boncuklar\u0131n<\/a> \u00fcretildi\u011fini fark etti.<\/p>\n<p>Daha sonra, Kum \u015fehrinde \u00fcretilen boncuklar\u0131n, M\u0131s\u0131r&#8217;daki arkeolojik ara\u015ft\u0131rmalarda bolca ke\u015ffedilen boncuklara benzedi\u011fini fark etti.<\/p>\n<p>Wolff&#8217;un daha fazla ara\u015ft\u0131rmas\u0131 onu, kharmohre yap\u0131m\u0131n\u0131n d\u00fcnyada sadece bir yerde, Kum \u015fehrinde devam etti\u011fi sonucuna g\u00f6t\u00fcrd\u00fc ve bu nedenle kharmohre yap\u0131m tekni\u011fini &#8220;Qom-tekni\u011fi&#8221; olarak adland\u0131rd\u0131.<\/p>\n<h4>nazar boncu\u011fu veya kharmohre,\u0130ran&#8217;\u0131n somut olmayan ulusal miras\u0131<\/h4>\n<p>Seyyed Abolqasem Saadatmand&#8217;\u0131n \u00e7e\u015fitli yerli ve yabanc\u0131 toplant\u0131larda kharmohre veya nazar boncu\u011fu hikayesi yapma sanat\u0131n\u0131 tan\u0131tmak i\u00e7in uzun y\u0131llar boyunca aral\u0131ks\u0131z \u00e7abalar\u0131, bu otantik \u0130ran sanat\u0131n\u0131n k\u00fcresel stat\u00fcs\u00fcne ili\u015fkin kamuoyu bilincini art\u0131rd\u0131.<\/p>\n<p>2009 y\u0131l\u0131nda , \u0130ran&#8217;\u0131n somut olmayan ulusal miraslar\u0131ndan biri olarak k\u00fclt\u00fcrel miras \u00f6rg\u00fct\u00fcn\u00fcn listesine dahil edildi.<\/p>\n<h5>\u00c7a\u011fda\u015f kharmohre sanat\u0131<\/h5>\n<p>Saidabulqasem Saatmand 2021 y\u0131l\u0131n\u0131n Shahrivar ay\u0131nda \u00f6ld\u00fc ve yoluna tek o\u011flu Saeed Saadatmand taraf\u0131ndan devam edildi. D\u0131\u015f pazarlar\u0131n ihtiya\u00e7lar\u0131na cevap vermek, yeni \u00fcr\u00fcnler tasarlamak, hurma at\u00f6lyeleri d\u00fczenlemek Saadatmand El Sanatlar\u0131&#8217;n\u0131n 2021&#8217;den beri ciddi olarak takip etti\u011fi \u015feyler aras\u0131ndad\u0131r.<\/p>\n<p>\u015eu anda Saadatmadhan El Sanatlar\u0131&#8217;nda kal\u0131p tasar\u0131m\u0131 ve imalat\u0131 ile her t\u00fcrl\u00fc kharmohre tasar\u0131m\u0131n\u0131n \u00fcretimi yap\u0131lmaktad\u0131r. Kum \u015fehrinde bulunan Saadatmand El Sanatlar\u0131 Ma\u011fazas\u0131nda her t\u00fcrl\u00fc haz\u0131r Kharmohre modeli bulunmaktad\u0131r. Ayr\u0131ca m\u00fc\u015fteriler y\u00fcksek tirajl\u0131 kendi modellerini de sipari\u015f edebilirler.<\/p>\n<p>Saadatmand El Sanatlar\u0131, \u00f6\u011frencilerin seviyelerine uygun i\u00e7erikte \u00f6\u011frenciler i\u00e7in Kum&#8217;da kharmohre yapma at\u00f6lyeleri d\u00fczenlemektedir. Bu at\u00f6lyelerde, \u00e7ocuklar\u0131 ve gen\u00e7leri <a href=\"https:\/\/sdmcrafts.com\/tr\/kharmohre\/\">kharmohre<\/a> sanat\u0131yla tan\u0131\u015ft\u0131rman\u0131n yan\u0131 s\u0131ra, insan uygarl\u0131\u011f\u0131n\u0131n evrimi ve istihdam olu\u015fumuna dikkat \u00e7ekilmeye \u00e7al\u0131\u015f\u0131lm\u0131\u015ft\u0131r.<\/p>\n","protected":false},"excerpt":{"rendered":"<p>Nazar boncu\u011fu veya kharmohrenin hikayesi nazar boncu\u011fu hikayesinin yap\u0131m\u0131 alt\u0131 bin y\u0131ll\u0131k ge\u00e7mi\u015fe sahip \u0130ran el sanatlar\u0131n\u0131n dallar\u0131ndan biridir ve \u00fcretimi Kum \u015fehrinde Saadatmand ailesine miras<span class=\"excerpt-hellip\"> [\u2026]<\/span><\/p>\n","protected":false},"author":508,"featured_media":0,"parent":0,"menu_order":0,"comment_status":"closed","ping_status":"closed","template":"","meta":[],"yoast_head":"<!-- This site is optimized with the Yoast SEO plugin v20.6 - https:\/\/yoast.com\/wordpress\/plugins\/seo\/ -->\n<title>Nazar boncu\u011fu hikayesi - saadatmand el sanatlar\u0131<\/title>\n<meta name=\"description\" content=\"nazar boncu\u011fu hikayesi alt\u0131 bin y\u0131ll\u0131k ge\u00e7mi\u015fe sahipdir ve \u00fcretimi Kum \u015fehrinde Saadatmand ailesine miras kalm\u0131\u015ft\u0131r.\" \/>\n<meta name=\"robots\" content=\"index, follow, max-snippet:-1, max-image-preview:large, max-video-preview:-1\" \/>\n<link rel=\"canonical\" href=\"https:\/\/sdmcrafts.com\/tr\/nazar-boncugu-hikayesi\/\" \/>\n<meta property=\"og:locale\" content=\"fa_IR\" \/>\n<meta property=\"og:type\" content=\"article\" \/>\n<meta property=\"og:title\" content=\"Nazar boncu\u011fu hikayesi - saadatmand el sanatlar\u0131\" \/>\n<meta property=\"og:description\" content=\"nazar boncu\u011fu hikayesi alt\u0131 bin y\u0131ll\u0131k ge\u00e7mi\u015fe sahipdir ve \u00fcretimi Kum \u015fehrinde Saadatmand ailesine miras kalm\u0131\u015ft\u0131r.\" \/>\n<meta property=\"og:url\" content=\"https:\/\/sdmcrafts.com\/tr\/nazar-boncugu-hikayesi\/\" \/>\n<meta property=\"og:site_name\" content=\"saadatmand el sanatlar\u0131\" \/>\n<meta property=\"article:modified_time\" content=\"2024-04-07T10:29:12+00:00\" \/>\n<meta name=\"twitter:card\" content=\"summary_large_image\" \/>\n<meta name=\"twitter:label1\" content=\"\u0632\u0645\u0627\u0646 \u062a\u0642\u0631\u06cc\u0628\u06cc \u0628\u0631\u0627\u06cc \u062e\u0648\u0627\u0646\u062f\u0646\" \/>\n\t<meta name=\"twitter:data1\" content=\"2 \u062f\u0642\u06cc\u0642\u0647\" \/>\n<script type=\"application\/ld+json\" class=\"yoast-schema-graph\">{\"@context\":\"https:\/\/schema.org\",\"@graph\":[{\"@type\":\"WebPage\",\"@id\":\"https:\/\/sdmcrafts.com\/tr\/nazar-boncugu-hikayesi\/\",\"url\":\"https:\/\/sdmcrafts.com\/tr\/nazar-boncugu-hikayesi\/\",\"name\":\"Nazar boncu\u011fu hikayesi - saadatmand el sanatlar\u0131\",\"isPartOf\":{\"@id\":\"https:\/\/sdmcrafts.com\/tr\/#website\"},\"datePublished\":\"2023-05-14T08:06:50+00:00\",\"dateModified\":\"2024-04-07T10:29:12+00:00\",\"description\":\"nazar boncu\u011fu hikayesi alt\u0131 bin y\u0131ll\u0131k ge\u00e7mi\u015fe sahipdir ve \u00fcretimi Kum \u015fehrinde Saadatmand ailesine miras kalm\u0131\u015ft\u0131r.\",\"inLanguage\":\"fa-IR\",\"potentialAction\":[{\"@type\":\"ReadAction\",\"target\":[\"https:\/\/sdmcrafts.com\/tr\/nazar-boncugu-hikayesi\/\"]}]},{\"@type\":\"WebSite\",\"@id\":\"https:\/\/sdmcrafts.com\/tr\/#website\",\"url\":\"https:\/\/sdmcrafts.com\/tr\/\",\"name\":\"saadatmand el sanatlar\u0131\",\"description\":\"nazar boncu\u011fu,kharmohre\",\"publisher\":{\"@id\":\"https:\/\/sdmcrafts.com\/tr\/#organization\"},\"potentialAction\":[{\"@type\":\"SearchAction\",\"target\":{\"@type\":\"EntryPoint\",\"urlTemplate\":\"https:\/\/sdmcrafts.com\/tr\/?s={search_term_string}\"},\"query-input\":\"required name=search_term_string\"}],\"inLanguage\":\"fa-IR\"},{\"@type\":\"Organization\",\"@id\":\"https:\/\/sdmcrafts.com\/tr\/#organization\",\"name\":\"saadatmand el sanatlar\u0131\",\"url\":\"https:\/\/sdmcrafts.com\/tr\/\",\"logo\":{\"@type\":\"ImageObject\",\"inLanguage\":\"fa-IR\",\"@id\":\"https:\/\/sdmcrafts.com\/tr\/#\/schema\/logo\/image\/\",\"url\":\"https:\/\/sdmcrafts.com\/tr\/wp-content\/uploads\/2023\/04\/cropped-logosdm-1.png\",\"contentUrl\":\"https:\/\/sdmcrafts.com\/tr\/wp-content\/uploads\/2023\/04\/cropped-logosdm-1.png\",\"width\":300,\"height\":96,\"caption\":\"saadatmand el sanatlar\u0131\"},\"image\":{\"@id\":\"https:\/\/sdmcrafts.com\/tr\/#\/schema\/logo\/image\/\"}}]}<\/script>\n<!-- \/ Yoast SEO plugin. -->","yoast_head_json":{"title":"Nazar boncu\u011fu hikayesi - saadatmand el sanatlar\u0131","description":"nazar boncu\u011fu hikayesi alt\u0131 bin y\u0131ll\u0131k ge\u00e7mi\u015fe sahipdir ve \u00fcretimi Kum \u015fehrinde Saadatmand ailesine miras kalm\u0131\u015ft\u0131r.","robots":{"index":"index","follow":"follow","max-snippet":"max-snippet:-1","max-image-preview":"max-image-preview:large","max-video-preview":"max-video-preview:-1"},"canonical":"https:\/\/sdmcrafts.com\/tr\/nazar-boncugu-hikayesi\/","og_locale":"fa_IR","og_type":"article","og_title":"Nazar boncu\u011fu hikayesi - saadatmand el sanatlar\u0131","og_description":"nazar boncu\u011fu hikayesi alt\u0131 bin y\u0131ll\u0131k ge\u00e7mi\u015fe sahipdir ve \u00fcretimi Kum \u015fehrinde Saadatmand ailesine miras kalm\u0131\u015ft\u0131r.","og_url":"https:\/\/sdmcrafts.com\/tr\/nazar-boncugu-hikayesi\/","og_site_name":"saadatmand el sanatlar\u0131","article_modified_time":"2024-04-07T10:29:12+00:00","twitter_card":"summary_large_image","twitter_misc":{"\u0632\u0645\u0627\u0646 \u062a\u0642\u0631\u06cc\u0628\u06cc \u0628\u0631\u0627\u06cc \u062e\u0648\u0627\u0646\u062f\u0646":"2 \u062f\u0642\u06cc\u0642\u0647"},"schema":{"@context":"https:\/\/schema.org","@graph":[{"@type":"WebPage","@id":"https:\/\/sdmcrafts.com\/tr\/nazar-boncugu-hikayesi\/","url":"https:\/\/sdmcrafts.com\/tr\/nazar-boncugu-hikayesi\/","name":"Nazar boncu\u011fu hikayesi - saadatmand el sanatlar\u0131","isPartOf":{"@id":"https:\/\/sdmcrafts.com\/tr\/#website"},"datePublished":"2023-05-14T08:06:50+00:00","dateModified":"2024-04-07T10:29:12+00:00","description":"nazar boncu\u011fu hikayesi alt\u0131 bin y\u0131ll\u0131k ge\u00e7mi\u015fe sahipdir ve \u00fcretimi Kum \u015fehrinde Saadatmand ailesine miras kalm\u0131\u015ft\u0131r.","inLanguage":"fa-IR","potentialAction":[{"@type":"ReadAction","target":["https:\/\/sdmcrafts.com\/tr\/nazar-boncugu-hikayesi\/"]}]},{"@type":"WebSite","@id":"https:\/\/sdmcrafts.com\/tr\/#website","url":"https:\/\/sdmcrafts.com\/tr\/","name":"saadatmand el sanatlar\u0131","description":"nazar boncu\u011fu,kharmohre","publisher":{"@id":"https:\/\/sdmcrafts.com\/tr\/#organization"},"potentialAction":[{"@type":"SearchAction","target":{"@type":"EntryPoint","urlTemplate":"https:\/\/sdmcrafts.com\/tr\/?s={search_term_string}"},"query-input":"required name=search_term_string"}],"inLanguage":"fa-IR"},{"@type":"Organization","@id":"https:\/\/sdmcrafts.com\/tr\/#organization","name":"saadatmand el sanatlar\u0131","url":"https:\/\/sdmcrafts.com\/tr\/","logo":{"@type":"ImageObject","inLanguage":"fa-IR","@id":"https:\/\/sdmcrafts.com\/tr\/#\/schema\/logo\/image\/","url":"https:\/\/sdmcrafts.com\/tr\/wp-content\/uploads\/2023\/04\/cropped-logosdm-1.png","contentUrl":"https:\/\/sdmcrafts.com\/tr\/wp-content\/uploads\/2023\/04\/cropped-logosdm-1.png","width":300,"height":96,"caption":"saadatmand el sanatlar\u0131"},"image":{"@id":"https:\/\/sdmcrafts.com\/tr\/#\/schema\/logo\/image\/"}}]}},"_links":{"self":[{"href":"https:\/\/sdmcrafts.com\/tr\/wp-json\/wp\/v2\/pages\/2712"}],"collection":[{"href":"https:\/\/sdmcrafts.com\/tr\/wp-json\/wp\/v2\/pages"}],"about":[{"href":"https:\/\/sdmcrafts.com\/tr\/wp-json\/wp\/v2\/types\/page"}],"author":[{"embeddable":true,"href":"https:\/\/sdmcrafts.com\/tr\/wp-json\/wp\/v2\/users\/508"}],"replies":[{"embeddable":true,"href":"https:\/\/sdmcrafts.com\/tr\/wp-json\/wp\/v2\/comments?post=2712"}],"version-history":[{"count":5,"href":"https:\/\/sdmcrafts.com\/tr\/wp-json\/wp\/v2\/pages\/2712\/revisions"}],"predecessor-version":[{"id":3221,"href":"https:\/\/sdmcrafts.com\/tr\/wp-json\/wp\/v2\/pages\/2712\/revisions\/3221"}],"wp:attachment":[{"href":"https:\/\/sdmcrafts.com\/tr\/wp-json\/wp\/v2\/media?parent=2712"}],"curies":[{"name":"wp","href":"https:\/\/api.w.org\/{rel}","templated":true}]}}