{"id":2179,"date":"2021-03-15T20:30:01","date_gmt":"2021-03-15T20:30:01","guid":{"rendered":"http:\/\/sdmcrafts.com\/fa\/?page_id=2179"},"modified":"2023-05-27T10:15:44","modified_gmt":"2023-05-27T10:15:44","slug":"ogrencinin-kharmohre-atolye-calismasi","status":"publish","type":"page","link":"https:\/\/sdmcrafts.com\/tr\/ogrencinin-kharmohre-atolye-calismasi\/","title":{"rendered":"\u00d6\u011frencinin kharmohre at\u00f6lye \u00e7al\u0131\u015fmas\u0131"},"content":{"rendered":"\n<div id=\"rev_slider_4_1_wrapper\" class=\"rev_slider_wrapper fullwidthbanner-container\" data-source=\"gallery\" style=\"margin:0px auto;background:transparent;padding:0px;margin-top:0px;margin-bottom:0px;\">\n<!-- START REVOLUTION SLIDER 5.4.8.3 fullwidth mode -->\n\t<div id=\"rev_slider_4_1\" class=\"rev_slider fullwidthabanner\" style=\"display:none;\" data-version=\"5.4.8.3\">\n<ul>\t<!-- SLIDE  -->\n\t<li data-index=\"rs-12\" data-transition=\"boxfade\" data-slotamount=\"default\" data-hideafterloop=\"0\" data-hideslideonmobile=\"off\"  data-easein=\"default\" data-easeout=\"default\" data-masterspeed=\"default\"  data-thumb=\"https:\/\/sdmcrafts.com\/tr\/wp-content\/uploads\/2021\/03\/1-scaled-100x50.jpg\"  data-rotate=\"0\"  data-saveperformance=\"off\"  data-title=\"Slide\" data-param1=\"\" data-param2=\"\" data-param3=\"\" data-param4=\"\" data-param5=\"\" data-param6=\"\" data-param7=\"\" data-param8=\"\" data-param9=\"\" data-param10=\"\" data-description=\"\">\n\t\t<!-- MAIN IMAGE -->\n\t\t<img src=\"https:\/\/sdmcrafts.com\/tr\/wp-content\/uploads\/2021\/03\/1-scaled.jpg\"  alt=\"\u0648\u0631\u06a9\u0634\u0627\u067e \u062e\u0631\u0645\u0647\u0631\u0647 \u0633\u0627\u0632\u06cc \u062f\u0627\u0646\u0634 \u0622\u0645\u0648\u0632\u06cc\" title=\"\u0648\u0631\u06a9\u0634\u0627\u067e \u062e\u0631\u0645\u0647\u0631\u0647 \u0633\u0627\u0632\u06cc \u062f\u0627\u0646\u0634 \u0622\u0645\u0648\u0632\u06cc\"  width=\"2560\" height=\"1920\" data-bgposition=\"100% 35%\" data-bgfit=\"cover\" data-bgrepeat=\"no-repeat\" class=\"rev-slidebg\" data-no-retina>\n\t\t<!-- LAYERS -->\n\t<\/li>\n\t<!-- SLIDE  -->\n\t<li data-index=\"rs-11\" data-transition=\"boxfade\" data-slotamount=\"default\" data-hideafterloop=\"0\" data-hideslideonmobile=\"off\"  data-easein=\"default\" data-easeout=\"default\" data-masterspeed=\"default\"  data-thumb=\"https:\/\/sdmcrafts.com\/tr\/wp-content\/uploads\/2021\/03\/9-scaled-100x50.jpg\"  data-rotate=\"0\"  data-saveperformance=\"off\"  data-title=\"Slide\" data-param1=\"\" data-param2=\"\" data-param3=\"\" data-param4=\"\" data-param5=\"\" data-param6=\"\" data-param7=\"\" data-param8=\"\" data-param9=\"\" data-param10=\"\" data-description=\"\">\n\t\t<!-- MAIN IMAGE -->\n\t\t<img src=\"https:\/\/sdmcrafts.com\/tr\/wp-content\/uploads\/2021\/03\/9-scaled.jpg\"  alt=\"\u0648\u0631\u06a9\u0634\u0627\u067e \u062e\u0631\u0645\u0647\u0631\u0647 \u0633\u0627\u0632\u06cc \u062f\u0627\u0646\u0634 \u0622\u0645\u0648\u0632\u06cc\" title=\"\u0648\u0631\u06a9\u0634\u0627\u067e \u062e\u0631\u0645\u0647\u0631\u0647 \u0633\u0627\u0632\u06cc \u062f\u0627\u0646\u0634 \u0622\u0645\u0648\u0632\u06cc\"  width=\"2560\" height=\"1920\" data-bgposition=\"100% 20%\" data-bgfit=\"cover\" data-bgrepeat=\"no-repeat\" class=\"rev-slidebg\" data-no-retina>\n\t\t<!-- LAYERS -->\n\t<\/li>\n\t<!-- SLIDE  -->\n\t<li data-index=\"rs-13\" data-transition=\"boxfade\" data-slotamount=\"default\" data-hideafterloop=\"0\" data-hideslideonmobile=\"off\"  data-easein=\"default\" data-easeout=\"default\" data-masterspeed=\"default\"  data-thumb=\"https:\/\/sdmcrafts.com\/tr\/wp-content\/uploads\/2021\/03\/5-100x50.jpg\"  data-rotate=\"0\"  data-saveperformance=\"off\"  data-title=\"Slide\" data-param1=\"\" data-param2=\"\" data-param3=\"\" data-param4=\"\" data-param5=\"\" data-param6=\"\" data-param7=\"\" data-param8=\"\" data-param9=\"\" data-param10=\"\" data-description=\"\">\n\t\t<!-- MAIN IMAGE -->\n\t\t<img src=\"https:\/\/sdmcrafts.com\/tr\/wp-content\/uploads\/2021\/03\/5.jpg\"  alt=\"\u0648\u0631\u06a9\u0634\u0627\u067e \u062e\u0631\u0645\u0647\u0631\u0647 \u0633\u0627\u0632\u06cc \u062f\u0627\u0646\u0634 \u0622\u0645\u0648\u0632\u06cc\" title=\"\u0648\u0631\u06a9\u0634\u0627\u067e \u062e\u0631\u0645\u0647\u0631\u0647 \u0633\u0627\u0632\u06cc \u062f\u0627\u0646\u0634 \u0622\u0645\u0648\u0632\u06cc\"  width=\"919\" height=\"756\" data-bgposition=\"100% 55%\" data-bgfit=\"cover\" data-bgrepeat=\"no-repeat\" class=\"rev-slidebg\" data-no-retina>\n\t\t<!-- LAYERS -->\n\t<\/li>\n\t<!-- SLIDE  -->\n\t<li data-index=\"rs-14\" data-transition=\"boxfade\" data-slotamount=\"default\" data-hideafterloop=\"0\" data-hideslideonmobile=\"off\"  data-easein=\"default\" data-easeout=\"default\" data-masterspeed=\"default\"  data-thumb=\"https:\/\/sdmcrafts.com\/tr\/wp-content\/uploads\/2021\/03\/2-scaled-100x50.jpg\"  data-rotate=\"0\"  data-saveperformance=\"off\"  data-title=\"Slide\" data-param1=\"\" data-param2=\"\" data-param3=\"\" data-param4=\"\" data-param5=\"\" data-param6=\"\" data-param7=\"\" data-param8=\"\" data-param9=\"\" data-param10=\"\" data-description=\"\">\n\t\t<!-- MAIN IMAGE -->\n\t\t<img src=\"https:\/\/sdmcrafts.com\/tr\/wp-content\/uploads\/2021\/03\/2-scaled.jpg\"  alt=\"\u0648\u0631\u06a9\u0634\u0627\u067e \u062e\u0631\u0645\u0647\u0631\u0647 \u0633\u0627\u0632\u06cc \u062f\u0627\u0646\u0634 \u0622\u0645\u0648\u0632\u06cc\" title=\"\u0648\u0631\u06a9\u0634\u0627\u067e \u062e\u0631\u0645\u0647\u0631\u0647 \u0633\u0627\u0632\u06cc \u062f\u0627\u0646\u0634 \u0622\u0645\u0648\u0632\u06cc\"  width=\"2560\" height=\"1920\" data-bgposition=\"center center\" data-kenburns=\"on\" data-duration=\"10000\" data-ease=\"Linear.easeNone\" data-scalestart=\"100\" data-scaleend=\"100\" data-rotatestart=\"0\" data-rotateend=\"0\" data-blurstart=\"0\" data-blurend=\"0\" data-offsetstart=\"0 0\" data-offsetend=\"0 0\" class=\"rev-slidebg\" data-no-retina>\n\t\t<!-- LAYERS -->\n\t<\/li>\n<\/ul>\n<script>var htmlDiv = document.getElementById(\"rs-plugin-settings-inline-css\"); var htmlDivCss=\"\";\r\n\t\t\t\t\t\tif(htmlDiv) {\r\n\t\t\t\t\t\t\thtmlDiv.innerHTML = htmlDiv.innerHTML + htmlDivCss;\r\n\t\t\t\t\t\t}else{\r\n\t\t\t\t\t\t\tvar htmlDiv = document.createElement(\"div\");\r\n\t\t\t\t\t\t\thtmlDiv.innerHTML = \"<style>\" + htmlDivCss + \"<\/style>\";\r\n\t\t\t\t\t\t\tdocument.getElementsByTagName(\"head\")[0].appendChild(htmlDiv.childNodes[0]);\r\n\t\t\t\t\t\t}\r\n\t\t\t\t\t<\/script>\n<div class=\"tp-bannertimer tp-bottom\" style=\"visibility: hidden !important;\"><\/div>\t<\/div>\n<script>var htmlDiv = document.getElementById(\"rs-plugin-settings-inline-css\"); var htmlDivCss=\"\";\r\n\t\t\t\tif(htmlDiv) {\r\n\t\t\t\t\thtmlDiv.innerHTML = htmlDiv.innerHTML + htmlDivCss;\r\n\t\t\t\t}else{\r\n\t\t\t\t\tvar htmlDiv = document.createElement(\"div\");\r\n\t\t\t\t\thtmlDiv.innerHTML = \"<style>\" + htmlDivCss + \"<\/style>\";\r\n\t\t\t\t\tdocument.getElementsByTagName(\"head\")[0].appendChild(htmlDiv.childNodes[0]);\r\n\t\t\t\t}\r\n\t\t\t<\/script>\n\t\t<script type=\"text\/javascript\">\r\nif (setREVStartSize!==undefined) setREVStartSize(\r\n\t{c: '#rev_slider_4_1', gridwidth: [1920], gridheight: [674], sliderLayout: 'auto'});\r\n\t\t\t\r\nvar revapi4,\r\n\ttpj;\t\r\n(function() {\t\t\t\r\n\tif (!\/loaded|interactive|complete\/.test(document.readyState)) document.addEventListener(\"DOMContentLoaded\",onLoad); else onLoad();\t\r\n\tfunction onLoad() {\t\t\t\t\r\n\t\tif (tpj===undefined) { tpj = jQuery; if(\"off\" == \"on\") tpj.noConflict();}\r\n\tif(tpj(\"#rev_slider_4_1\").revolution == undefined){\n\t\trevslider_showDoubleJqueryError(\"#rev_slider_4_1\");\n\t}else{\n\t\trevapi4 = tpj(\"#rev_slider_4_1\").show().revolution({\n\t\t\tsliderType:\"standard\",\n\t\t\tjsFileLocation:\"\/\/sdmcrafts.com\/tr\/wp-content\/plugins\/revslider\/public\/assets\/js\/\",\n\t\t\tsliderLayout:\"auto\",\n\t\t\tdottedOverlay:\"none\",\n\t\t\tdelay:9000,\n\t\t\tnavigation: {\n\t\t\t\tkeyboardNavigation:\"off\",\n\t\t\t\tkeyboard_direction: \"horizontal\",\n\t\t\t\tmouseScrollNavigation:\"off\",\n \t\t\t\t\t\t\tmouseScrollReverse:\"default\",\n\t\t\t\tonHoverStop:\"off\",\n\t\t\t\tarrows: {\n\t\t\t\t\tstyle:\"hesperiden\",\n\t\t\t\t\tenable:true,\n\t\t\t\t\thide_onmobile:false,\n\t\t\t\t\thide_onleave:false,\n\t\t\t\t\ttmp:'',\n\t\t\t\t\tleft: {\n\t\t\t\t\t\th_align:\"left\",\n\t\t\t\t\t\tv_align:\"center\",\n\t\t\t\t\t\th_offset:20,\n\t\t\t\t\t\tv_offset:0\n\t\t\t\t\t},\n\t\t\t\t\tright: {\n\t\t\t\t\t\th_align:\"right\",\n\t\t\t\t\t\tv_align:\"center\",\n\t\t\t\t\t\th_offset:20,\n\t\t\t\t\t\tv_offset:0\n\t\t\t\t\t}\n\t\t\t\t}\n\t\t\t},\n\t\t\tvisibilityLevels:[1240,1024,778,480],\n\t\t\tgridwidth:1920,\n\t\t\tgridheight:674,\n\t\t\tlazyType:\"none\",\n\t\t\tshadow:0,\n\t\t\tspinner:\"spinner0\",\n\t\t\tstopLoop:\"off\",\n\t\t\tstopAfterLoops:-1,\n\t\t\tstopAtSlide:-1,\n\t\t\tshuffle:\"off\",\n\t\t\tautoHeight:\"off\",\n\t\t\tdisableProgressBar:\"on\",\n\t\t\thideThumbsOnMobile:\"off\",\n\t\t\thideSliderAtLimit:0,\n\t\t\thideCaptionAtLimit:0,\n\t\t\thideAllCaptionAtLilmit:0,\n\t\t\tdebugMode:false,\n\t\t\tfallbacks: {\n\t\t\t\tsimplifyAll:\"off\",\n\t\t\t\tnextSlideOnWindowFocus:\"off\",\n\t\t\t\tdisableFocusListener:false,\n\t\t\t}\n\t\t});\n\t}; \/* END OF revapi call *\/\n\t\n }; \/* END OF ON LOAD FUNCTION *\/\r\n}()); \/* END OF WRAPPING FUNCTION *\/\r\n<\/script>\r\n\t\t<script>\r\n\t\t\t\t\tvar htmlDivCss = unescape(\".hesperiden.tparrows%20%7B%0A%09cursor%3Apointer%3B%0A%09background%3Argba%280%2C0%2C0%2C0.5%29%3B%0A%09width%3A40px%3B%0A%09height%3A40px%3B%0A%09position%3Aabsolute%3B%0A%09display%3Ablock%3B%0A%09z-index%3A100%3B%0A%20%20%20%20border-radius%3A%2050%25%3B%0A%7D%0A.hesperiden.tparrows%3Ahover%20%7B%0A%09background%3Argba%280%2C%200%2C%200%2C%201%29%3B%0A%7D%0A.hesperiden.tparrows%3Abefore%20%7B%0A%09font-family%3A%20%22revicons%22%3B%0A%09font-size%3A20px%3B%0A%09color%3Argb%28255%2C%20255%2C%20255%29%3B%0A%09display%3Ablock%3B%0A%09line-height%3A%2040px%3B%0A%09text-align%3A%20center%3B%0A%7D%0A.hesperiden.tparrows.tp-leftarrow%3Abefore%20%7B%0A%09content%3A%20%22%5Ce82c%22%3B%0A%20%20%20%20margin-left%3A-3px%3B%0A%7D%0A.hesperiden.tparrows.tp-rightarrow%3Abefore%20%7B%0A%09content%3A%20%22%5Ce82d%22%3B%0A%20%20%20%20margin-right%3A-3px%3B%0A%7D%0A\");\r\n\t\t\t\t\tvar htmlDiv = document.getElementById('rs-plugin-settings-inline-css');\r\n\t\t\t\t\tif(htmlDiv) {\r\n\t\t\t\t\t\thtmlDiv.innerHTML = htmlDiv.innerHTML + htmlDivCss;\r\n\t\t\t\t\t}\r\n\t\t\t\t\telse{\r\n\t\t\t\t\t\tvar htmlDiv = document.createElement('div');\r\n\t\t\t\t\t\thtmlDiv.innerHTML = '<style>' + htmlDivCss + '<\/style>';\r\n\t\t\t\t\t\tdocument.getElementsByTagName('head')[0].appendChild(htmlDiv.childNodes[0]);\r\n\t\t\t\t\t}\r\n\t\t\t\t  <\/script>\r\n\t\t\t\t<\/div><!-- END REVOLUTION SLIDER -->\n<p>&nbsp;<\/p>\n<p>&nbsp;<\/p>\n<p>Saadatmand El Sanatlar\u0131 taraf\u0131ndan her e\u011fitim d\u00fczeyine uygun i\u00e7erikle \u00f6\u011frenci kharmohre i\u015fleri at\u00f6lyeleri d\u00fczenlenmektedir.\u00d6\u011frencilerin kharmohre yapma at\u00f6lyelerinde kharmohre sanat\u0131 \u00f6\u011frencilere tan\u0131t\u0131l\u0131rken, uygarl\u0131k tarihi ve insanl\u0131\u011f\u0131n geli\u015fimi ve bunun kharmohrec\u0131l\u0131k mesle\u011finin geli\u015fimi ile ili\u015fkisi hakk\u0131nda bilgiler verilmektedir.<\/p>\n<h2>kharmohre yapma at\u00f6lyesinin i\u00e7eri\u011fi<\/h2>\n<p>\u00d6\u011frenciler i\u00e7in at\u00f6lyenin s\u00fcresi yakla\u015f\u0131k bir bu\u00e7uk ila iki saattir. Bu s\u00fcre zarf\u0131nda \u00f6\u011frenciler, insanl\u0131k uygarl\u0131\u011f\u0131n\u0131n tarihini, mesleklerin olu\u015fumunu ve kharmohre yapma mesle\u011finin ba\u015flang\u0131c\u0131n\u0131 tan\u0131yacak ve kharmohre yap\u0131m at\u00f6lyesini ziyaret edecekler.<\/p>\n<p>At\u00f6lye alan\u0131nda \u00f6\u011frenciler geleneksel \u00fcretim s\u00fcre\u00e7leri, aletler ve f\u0131r\u0131nlar hakk\u0131nda bilgi edinme f\u0131rsat\u0131 bulacaklar. Sonunda, her \u00f6\u011frencinin kendi benzersiz \u00fcr\u00fcnlerini \u00fcretebilmesi i\u00e7in \u00f6\u011frencilere zanaat ve \u00fcretim becerilerini art\u0131rmaya y\u00f6nelik e\u011fitimler verilir.<\/p>\n<h3>\u0130lkokul \u00f6\u011frencilerine at\u00f6lye \u00e7al\u0131\u015fmas\u0131<\/h3>\n<p>kharmohre yapma at\u00f6lyesinde, at\u00f6lye sonunda \u00f6\u011frenciler \u00f6nceden \u00fcretilmi\u015f kal\u0131plar\u0131 kullanarak \u00fcr\u00fcnlerini \u00fcretiyorlar.<\/p>\n<h4>\u0130leri d\u00fczey \u00f6\u011frenci kharmohre yapma at\u00f6lyesi<\/h4>\n<p>\u0130leri d\u00fczey \u00f6\u011frenci at\u00f6lyesinde \u00f6\u011frencilere kharmohre \u00e7i\u00e7e\u011fine nas\u0131l \u015fekil verilece\u011fi \u00f6\u011fretilecek ve \u00f6zel kharmohre \u00e7i\u00e7ekleri ile istedikleri kharmohre \u00e7i\u00e7e\u011fini yapmalar\u0131 sa\u011flanacak. At\u00f6lye \u00e7al\u0131\u015fmas\u0131n\u0131n ard\u0131ndan \u00f6\u011frencilerin pi\u015firdikleri kharmohre okula g\u00f6nderilecek.<\/p>\n<h4>kharmohre yapma at\u00f6lyesinin mekani<\/h4>\n<p>Kum&#8217;daki Saadatmand El Sanatlar\u0131&#8217;nda \u00f6\u011frenci tarih yapma at\u00f6lyeleri d\u00fczenleniyor. Saadatmand El Sanatlar\u0131, Koh Sefid Bulvar\u0131&#8217;n\u0131n ikinci kilometresinde ve \u015fehrin kuzeyinde yer al\u0131yor. Merkez, \u015fehrin giri\u015fine iki dakika ve \u015fehir merkezine yakla\u015f\u0131k yedi dakika uzakl\u0131ktad\u0131r.<\/p>\n<h4>Kum \u015fehrine bir \u00f6\u011frenci kamp\u0131 planlamak<\/h4>\n<p>kharmohre at\u00f6lyesine kat\u0131l\u0131m, bir g\u00fcnl\u00fck (veya birka\u00e7 g\u00fcnl\u00fck) Kum \u00f6\u011frenci kamp\u0131n\u0131n bir par\u00e7as\u0131 olarak e\u011fitim merkezlerinin programlar\u0131na dahil edilebilir. Seyahatinizi planlamak ve Kum&#8217;daki di\u011fer e\u011flence yerlerini tan\u0131mak i\u00e7in l\u00fctfen WhatsApp \u00fczerinden 09127506774 ile ileti\u015fime ge\u00e7in.<\/p>\n","protected":false},"excerpt":{"rendered":"<p>&nbsp; &nbsp; Saadatmand El Sanatlar\u0131 taraf\u0131ndan her e\u011fitim d\u00fczeyine uygun i\u00e7erikle \u00f6\u011frenci kharmohre i\u015fleri at\u00f6lyeleri d\u00fczenlenmektedir.\u00d6\u011frencilerin kharmohre yapma at\u00f6lyelerinde kharmohre sanat\u0131 \u00f6\u011frencilere tan\u0131t\u0131l\u0131rken, uygarl\u0131k tarihi ve<span class=\"excerpt-hellip\"> [\u2026]<\/span><\/p>\n","protected":false},"author":1,"featured_media":0,"parent":0,"menu_order":0,"comment_status":"closed","ping_status":"closed","template":"","meta":[],"yoast_head":"<!-- This site is optimized with the Yoast SEO plugin v20.6 - https:\/\/yoast.com\/wordpress\/plugins\/seo\/ -->\n<title>\u00d6\u011frencinin kharmohre at\u00f6lye \u00e7al\u0131\u015fmas\u0131 - saadatmand el sanatlar\u0131<\/title>\n<meta name=\"robots\" content=\"index, follow, max-snippet:-1, max-image-preview:large, max-video-preview:-1\" \/>\n<link rel=\"canonical\" href=\"https:\/\/sdmcrafts.com\/tr\/ogrencinin-kharmohre-atolye-calismasi\/\" \/>\n<meta property=\"og:locale\" content=\"fa_IR\" \/>\n<meta property=\"og:type\" content=\"article\" \/>\n<meta property=\"og:title\" content=\"\u00d6\u011frencinin kharmohre at\u00f6lye \u00e7al\u0131\u015fmas\u0131 - saadatmand el sanatlar\u0131\" \/>\n<meta property=\"og:description\" content=\"&nbsp; &nbsp; Saadatmand El Sanatlar\u0131 taraf\u0131ndan her e\u011fitim d\u00fczeyine uygun i\u00e7erikle \u00f6\u011frenci kharmohre i\u015fleri at\u00f6lyeleri d\u00fczenlenmektedir.\u00d6\u011frencilerin kharmohre yapma at\u00f6lyelerinde kharmohre sanat\u0131 \u00f6\u011frencilere tan\u0131t\u0131l\u0131rken, uygarl\u0131k tarihi ve [\u2026]\" \/>\n<meta property=\"og:url\" content=\"https:\/\/sdmcrafts.com\/tr\/ogrencinin-kharmohre-atolye-calismasi\/\" \/>\n<meta property=\"og:site_name\" content=\"saadatmand el sanatlar\u0131\" \/>\n<meta property=\"article:modified_time\" content=\"2023-05-27T10:15:44+00:00\" \/>\n<meta name=\"twitter:card\" content=\"summary_large_image\" \/>\n<meta name=\"twitter:label1\" content=\"\u0632\u0645\u0627\u0646 \u062a\u0642\u0631\u06cc\u0628\u06cc \u0628\u0631\u0627\u06cc \u062e\u0648\u0627\u0646\u062f\u0646\" \/>\n\t<meta name=\"twitter:data1\" content=\"2 \u062f\u0642\u06cc\u0642\u0647\" \/>\n<script type=\"application\/ld+json\" class=\"yoast-schema-graph\">{\"@context\":\"https:\/\/schema.org\",\"@graph\":[{\"@type\":\"WebPage\",\"@id\":\"https:\/\/sdmcrafts.com\/tr\/ogrencinin-kharmohre-atolye-calismasi\/\",\"url\":\"https:\/\/sdmcrafts.com\/tr\/ogrencinin-kharmohre-atolye-calismasi\/\",\"name\":\"\u00d6\u011frencinin kharmohre at\u00f6lye \u00e7al\u0131\u015fmas\u0131 - saadatmand el sanatlar\u0131\",\"isPartOf\":{\"@id\":\"https:\/\/sdmcrafts.com\/tr\/#website\"},\"datePublished\":\"2021-03-15T20:30:01+00:00\",\"dateModified\":\"2023-05-27T10:15:44+00:00\",\"inLanguage\":\"fa-IR\",\"potentialAction\":[{\"@type\":\"ReadAction\",\"target\":[\"https:\/\/sdmcrafts.com\/tr\/ogrencinin-kharmohre-atolye-calismasi\/\"]}]},{\"@type\":\"WebSite\",\"@id\":\"https:\/\/sdmcrafts.com\/tr\/#website\",\"url\":\"https:\/\/sdmcrafts.com\/tr\/\",\"name\":\"saadatmand el sanatlar\u0131\",\"description\":\"nazar boncu\u011fu,kharmohre\",\"publisher\":{\"@id\":\"https:\/\/sdmcrafts.com\/tr\/#organization\"},\"potentialAction\":[{\"@type\":\"SearchAction\",\"target\":{\"@type\":\"EntryPoint\",\"urlTemplate\":\"https:\/\/sdmcrafts.com\/tr\/?s={search_term_string}\"},\"query-input\":\"required name=search_term_string\"}],\"inLanguage\":\"fa-IR\"},{\"@type\":\"Organization\",\"@id\":\"https:\/\/sdmcrafts.com\/tr\/#organization\",\"name\":\"saadatmand el sanatlar\u0131\",\"url\":\"https:\/\/sdmcrafts.com\/tr\/\",\"logo\":{\"@type\":\"ImageObject\",\"inLanguage\":\"fa-IR\",\"@id\":\"https:\/\/sdmcrafts.com\/tr\/#\/schema\/logo\/image\/\",\"url\":\"https:\/\/sdmcrafts.com\/tr\/wp-content\/uploads\/2023\/04\/cropped-logosdm-1.png\",\"contentUrl\":\"https:\/\/sdmcrafts.com\/tr\/wp-content\/uploads\/2023\/04\/cropped-logosdm-1.png\",\"width\":300,\"height\":96,\"caption\":\"saadatmand el sanatlar\u0131\"},\"image\":{\"@id\":\"https:\/\/sdmcrafts.com\/tr\/#\/schema\/logo\/image\/\"}}]}<\/script>\n<!-- \/ Yoast SEO plugin. -->","yoast_head_json":{"title":"\u00d6\u011frencinin kharmohre at\u00f6lye \u00e7al\u0131\u015fmas\u0131 - saadatmand el sanatlar\u0131","robots":{"index":"index","follow":"follow","max-snippet":"max-snippet:-1","max-image-preview":"max-image-preview:large","max-video-preview":"max-video-preview:-1"},"canonical":"https:\/\/sdmcrafts.com\/tr\/ogrencinin-kharmohre-atolye-calismasi\/","og_locale":"fa_IR","og_type":"article","og_title":"\u00d6\u011frencinin kharmohre at\u00f6lye \u00e7al\u0131\u015fmas\u0131 - saadatmand el sanatlar\u0131","og_description":"&nbsp; &nbsp; Saadatmand El Sanatlar\u0131 taraf\u0131ndan her e\u011fitim d\u00fczeyine uygun i\u00e7erikle \u00f6\u011frenci kharmohre i\u015fleri at\u00f6lyeleri d\u00fczenlenmektedir.\u00d6\u011frencilerin kharmohre yapma at\u00f6lyelerinde kharmohre sanat\u0131 \u00f6\u011frencilere tan\u0131t\u0131l\u0131rken, uygarl\u0131k tarihi ve [\u2026]","og_url":"https:\/\/sdmcrafts.com\/tr\/ogrencinin-kharmohre-atolye-calismasi\/","og_site_name":"saadatmand el sanatlar\u0131","article_modified_time":"2023-05-27T10:15:44+00:00","twitter_card":"summary_large_image","twitter_misc":{"\u0632\u0645\u0627\u0646 \u062a\u0642\u0631\u06cc\u0628\u06cc \u0628\u0631\u0627\u06cc \u062e\u0648\u0627\u0646\u062f\u0646":"2 \u062f\u0642\u06cc\u0642\u0647"},"schema":{"@context":"https:\/\/schema.org","@graph":[{"@type":"WebPage","@id":"https:\/\/sdmcrafts.com\/tr\/ogrencinin-kharmohre-atolye-calismasi\/","url":"https:\/\/sdmcrafts.com\/tr\/ogrencinin-kharmohre-atolye-calismasi\/","name":"\u00d6\u011frencinin kharmohre at\u00f6lye \u00e7al\u0131\u015fmas\u0131 - saadatmand el sanatlar\u0131","isPartOf":{"@id":"https:\/\/sdmcrafts.com\/tr\/#website"},"datePublished":"2021-03-15T20:30:01+00:00","dateModified":"2023-05-27T10:15:44+00:00","inLanguage":"fa-IR","potentialAction":[{"@type":"ReadAction","target":["https:\/\/sdmcrafts.com\/tr\/ogrencinin-kharmohre-atolye-calismasi\/"]}]},{"@type":"WebSite","@id":"https:\/\/sdmcrafts.com\/tr\/#website","url":"https:\/\/sdmcrafts.com\/tr\/","name":"saadatmand el sanatlar\u0131","description":"nazar boncu\u011fu,kharmohre","publisher":{"@id":"https:\/\/sdmcrafts.com\/tr\/#organization"},"potentialAction":[{"@type":"SearchAction","target":{"@type":"EntryPoint","urlTemplate":"https:\/\/sdmcrafts.com\/tr\/?s={search_term_string}"},"query-input":"required name=search_term_string"}],"inLanguage":"fa-IR"},{"@type":"Organization","@id":"https:\/\/sdmcrafts.com\/tr\/#organization","name":"saadatmand el sanatlar\u0131","url":"https:\/\/sdmcrafts.com\/tr\/","logo":{"@type":"ImageObject","inLanguage":"fa-IR","@id":"https:\/\/sdmcrafts.com\/tr\/#\/schema\/logo\/image\/","url":"https:\/\/sdmcrafts.com\/tr\/wp-content\/uploads\/2023\/04\/cropped-logosdm-1.png","contentUrl":"https:\/\/sdmcrafts.com\/tr\/wp-content\/uploads\/2023\/04\/cropped-logosdm-1.png","width":300,"height":96,"caption":"saadatmand el sanatlar\u0131"},"image":{"@id":"https:\/\/sdmcrafts.com\/tr\/#\/schema\/logo\/image\/"}}]}},"_links":{"self":[{"href":"https:\/\/sdmcrafts.com\/tr\/wp-json\/wp\/v2\/pages\/2179"}],"collection":[{"href":"https:\/\/sdmcrafts.com\/tr\/wp-json\/wp\/v2\/pages"}],"about":[{"href":"https:\/\/sdmcrafts.com\/tr\/wp-json\/wp\/v2\/types\/page"}],"author":[{"embeddable":true,"href":"https:\/\/sdmcrafts.com\/tr\/wp-json\/wp\/v2\/users\/1"}],"replies":[{"embeddable":true,"href":"https:\/\/sdmcrafts.com\/tr\/wp-json\/wp\/v2\/comments?post=2179"}],"version-history":[{"count":8,"href":"https:\/\/sdmcrafts.com\/tr\/wp-json\/wp\/v2\/pages\/2179\/revisions"}],"predecessor-version":[{"id":2764,"href":"https:\/\/sdmcrafts.com\/tr\/wp-json\/wp\/v2\/pages\/2179\/revisions\/2764"}],"wp:attachment":[{"href":"https:\/\/sdmcrafts.com\/tr\/wp-json\/wp\/v2\/media?parent=2179"}],"curies":[{"name":"wp","href":"https:\/\/api.w.org\/{rel}","templated":true}]}}