{"id":1892,"date":"2019-08-05T10:56:50","date_gmt":"2019-08-05T10:56:50","guid":{"rendered":"http:\/\/sdmcrafts.com\/fa\/?page_id=1892"},"modified":"2023-05-15T08:57:12","modified_gmt":"2023-05-15T08:57:12","slug":"kharmohre","status":"publish","type":"page","link":"https:\/\/sdmcrafts.com\/tr\/kharmohre\/","title":{"rendered":"kharmohre"},"content":{"rendered":"<p>[vc_row][vc_column][vc_column_text]<\/p>\n<h2><a href=\"https:\/\/sdmcrafts.com\/tr\/nazar-boncugu\/\">kharmohre veya nazar boncu\u011fu sat\u0131n almak<\/a><\/h2>\n<p>\u015eu anda Saadatmandan El Sanatlar\u0131&#8217;nda 500&#8217;den fazla kharmohre veya nazar boncu\u011fu tasar\u0131m\u0131 ve modeli bulunmaktad\u0131r. Mevcut 500 tasar\u0131mdan yakla\u015f\u0131k 50 kadar\u0131 s\u00fcrekli \u00fcretilmekte olup di\u011fer tasar\u0131mlar da sipari\u015fe ve belirli bir sirk\u00fclasyona g\u00f6re \u00fcretilebilmektedir.<\/p>\n<p>S\u00fcrekli olarak \u00fcretilen tasar\u0131mlar, incelenmek ve sat\u0131n al\u0131nmak \u00fczere Saadatmand El Sanatlar\u0131 web sitesinde ma\u011faza b\u00f6l\u00fcm\u00fcnde yer almaktad\u0131r. Ayr\u0131ca Kum&#8217;daki Saadatmand el sanatlar\u0131 ma\u011fazas\u0131n\u0131 bizzat ziyaret edebilirsiniz.<\/p>\n<p>&nbsp;<\/p>\n<h4>\u0130kinci s\u0131n\u0131f ucuz boncuklar<\/h4>\n<p>\u0130kinci ve \u00fc\u00e7\u00fcnc\u00fc s\u0131n\u0131f <a href=\"https:\/\/en.wikipedia.org\/wiki\/Nazar_(amulet)\">boncuklar\u0131n<\/a> Kum&#8217;da bulunan Saadatmand Handicrafts fiziksel ma\u011fazas\u0131ndan da sat\u0131n al\u0131nabilece\u011fi belirtilmelidir.<\/p>\n<p>&nbsp;<\/p>\n<h4>Ki\u015fiselle\u015ftirilmi\u015f tarihler<\/h4>\n<p>Saadatmand El Sanatlar\u0131 sanal ve fiziki ma\u011fazalar\u0131nda bulunmayan di\u011fer numuneler i\u00e7in sipari\u015f vermek i\u00e7in 09127506774 numaral\u0131 telefonu arayabilirsiniz. Ki\u015fiye \u00f6zel kharmohre veya nazar boncu\u011fu modellerinizi Seadatman El Sanatlar\u0131&#8217;nda tasarlaman\u0131z ve yapt\u0131rman\u0131z m\u00fcmk\u00fcn.<\/p>\n<p>&nbsp;<\/p>\n<h4>kharmohre veya nazar boncu\u011fu \u0130hracat\u0131<\/h4>\n<p>Gitti\u011finiz \u00fclkedeki kalite ve renk ihracat tarihlerini sat\u0131n almak i\u00e7in 09127506774 ile ileti\u015fime ge\u00e7ebilirsiniz. Unutulmamal\u0131d\u0131r ki, co\u011frafi b\u00f6lge, k\u00fclt\u00fcr ve hurman\u0131n kullan\u0131m \u015fekline ba\u011fl\u0131 olarak farkl\u0131 pazarlar\u0131n kendi gereksinimleri vard\u0131r. Sipari\u015f vermeden \u00f6nce bize dan\u0131\u015fman\u0131z\u0131 \u00f6neririz.[\/vc_column_text][\/vc_column][\/vc_row]<\/p>\n","protected":false},"excerpt":{"rendered":"<p>[vc_row][vc_column][vc_column_text] kharmohre veya nazar boncu\u011fu sat\u0131n almak \u015eu anda Saadatmandan El Sanatlar\u0131&#8217;nda 500&#8217;den fazla kharmohre veya nazar boncu\u011fu tasar\u0131m\u0131 ve modeli bulunmaktad\u0131r. Mevcut 500 tasar\u0131mdan yakla\u015f\u0131k<span class=\"excerpt-hellip\"> [\u2026]<\/span><\/p>\n","protected":false},"author":1,"featured_media":1895,"parent":0,"menu_order":0,"comment_status":"closed","ping_status":"closed","template":"","meta":[],"yoast_head":"<!-- This site is optimized with the Yoast SEO plugin v20.6 - https:\/\/yoast.com\/wordpress\/plugins\/seo\/ -->\n<title>kharmohre - saadatmand el sanatlar\u0131<\/title>\n<meta name=\"description\" content=\"\u015eu anda Saadatmandan El Sanatlar\u0131&#039;nda 500&#039;den fazla kharmohre veya nazar boncu\u011fu tasar\u0131m\u0131 ve modeli bulunmaktad\u0131r.\" \/>\n<meta name=\"robots\" content=\"index, follow, max-snippet:-1, max-image-preview:large, max-video-preview:-1\" \/>\n<link rel=\"canonical\" href=\"https:\/\/sdmcrafts.com\/tr\/kharmohre\/\" \/>\n<meta property=\"og:locale\" content=\"fa_IR\" \/>\n<meta property=\"og:type\" content=\"article\" \/>\n<meta property=\"og:title\" content=\"kharmohre - saadatmand el sanatlar\u0131\" \/>\n<meta property=\"og:description\" content=\"\u015eu anda Saadatmandan El Sanatlar\u0131&#039;nda 500&#039;den fazla kharmohre veya nazar boncu\u011fu tasar\u0131m\u0131 ve modeli bulunmaktad\u0131r.\" \/>\n<meta property=\"og:url\" content=\"https:\/\/sdmcrafts.com\/tr\/kharmohre\/\" \/>\n<meta property=\"og:site_name\" content=\"saadatmand el sanatlar\u0131\" \/>\n<meta property=\"article:modified_time\" content=\"2023-05-15T08:57:12+00:00\" \/>\n<meta property=\"og:image\" content=\"https:\/\/sdmcrafts.com\/tr\/wp-content\/uploads\/revslider\/mansix\/dsc_310889.jpg\" \/>\n\t<meta property=\"og:image:width\" content=\"1920\" \/>\n\t<meta property=\"og:image:height\" content=\"674\" \/>\n\t<meta property=\"og:image:type\" content=\"image\/jpeg\" \/>\n<meta name=\"twitter:card\" content=\"summary_large_image\" \/>\n<meta name=\"twitter:label1\" content=\"\u0632\u0645\u0627\u0646 \u062a\u0642\u0631\u06cc\u0628\u06cc \u0628\u0631\u0627\u06cc \u062e\u0648\u0627\u0646\u062f\u0646\" \/>\n\t<meta name=\"twitter:data1\" content=\"1 \u062f\u0642\u06cc\u0642\u0647\" \/>\n<script type=\"application\/ld+json\" class=\"yoast-schema-graph\">{\"@context\":\"https:\/\/schema.org\",\"@graph\":[{\"@type\":\"WebPage\",\"@id\":\"https:\/\/sdmcrafts.com\/tr\/kharmohre\/\",\"url\":\"https:\/\/sdmcrafts.com\/tr\/kharmohre\/\",\"name\":\"kharmohre - saadatmand el sanatlar\u0131\",\"isPartOf\":{\"@id\":\"https:\/\/sdmcrafts.com\/tr\/#website\"},\"datePublished\":\"2019-08-05T10:56:50+00:00\",\"dateModified\":\"2023-05-15T08:57:12+00:00\",\"description\":\"\u015eu anda Saadatmandan El Sanatlar\u0131'nda 500'den fazla kharmohre veya nazar boncu\u011fu tasar\u0131m\u0131 ve modeli bulunmaktad\u0131r.\",\"inLanguage\":\"fa-IR\",\"potentialAction\":[{\"@type\":\"ReadAction\",\"target\":[\"https:\/\/sdmcrafts.com\/tr\/kharmohre\/\"]}]},{\"@type\":\"WebSite\",\"@id\":\"https:\/\/sdmcrafts.com\/tr\/#website\",\"url\":\"https:\/\/sdmcrafts.com\/tr\/\",\"name\":\"saadatmand el sanatlar\u0131\",\"description\":\"nazar boncu\u011fu,kharmohre\",\"publisher\":{\"@id\":\"https:\/\/sdmcrafts.com\/tr\/#organization\"},\"potentialAction\":[{\"@type\":\"SearchAction\",\"target\":{\"@type\":\"EntryPoint\",\"urlTemplate\":\"https:\/\/sdmcrafts.com\/tr\/?s={search_term_string}\"},\"query-input\":\"required name=search_term_string\"}],\"inLanguage\":\"fa-IR\"},{\"@type\":\"Organization\",\"@id\":\"https:\/\/sdmcrafts.com\/tr\/#organization\",\"name\":\"saadatmand el sanatlar\u0131\",\"url\":\"https:\/\/sdmcrafts.com\/tr\/\",\"logo\":{\"@type\":\"ImageObject\",\"inLanguage\":\"fa-IR\",\"@id\":\"https:\/\/sdmcrafts.com\/tr\/#\/schema\/logo\/image\/\",\"url\":\"https:\/\/sdmcrafts.com\/tr\/wp-content\/uploads\/2023\/04\/cropped-logosdm-1.png\",\"contentUrl\":\"https:\/\/sdmcrafts.com\/tr\/wp-content\/uploads\/2023\/04\/cropped-logosdm-1.png\",\"width\":300,\"height\":96,\"caption\":\"saadatmand el sanatlar\u0131\"},\"image\":{\"@id\":\"https:\/\/sdmcrafts.com\/tr\/#\/schema\/logo\/image\/\"}}]}<\/script>\n<!-- \/ Yoast SEO plugin. -->","yoast_head_json":{"title":"kharmohre - saadatmand el sanatlar\u0131","description":"\u015eu anda Saadatmandan El Sanatlar\u0131'nda 500'den fazla kharmohre veya nazar boncu\u011fu tasar\u0131m\u0131 ve modeli bulunmaktad\u0131r.","robots":{"index":"index","follow":"follow","max-snippet":"max-snippet:-1","max-image-preview":"max-image-preview:large","max-video-preview":"max-video-preview:-1"},"canonical":"https:\/\/sdmcrafts.com\/tr\/kharmohre\/","og_locale":"fa_IR","og_type":"article","og_title":"kharmohre - saadatmand el sanatlar\u0131","og_description":"\u015eu anda Saadatmandan El Sanatlar\u0131'nda 500'den fazla kharmohre veya nazar boncu\u011fu tasar\u0131m\u0131 ve modeli bulunmaktad\u0131r.","og_url":"https:\/\/sdmcrafts.com\/tr\/kharmohre\/","og_site_name":"saadatmand el sanatlar\u0131","article_modified_time":"2023-05-15T08:57:12+00:00","og_image":[{"width":1920,"height":674,"url":"https:\/\/sdmcrafts.com\/tr\/wp-content\/uploads\/revslider\/mansix\/dsc_310889.jpg","type":"image\/jpeg"}],"twitter_card":"summary_large_image","twitter_misc":{"\u0632\u0645\u0627\u0646 \u062a\u0642\u0631\u06cc\u0628\u06cc \u0628\u0631\u0627\u06cc \u062e\u0648\u0627\u0646\u062f\u0646":"1 \u062f\u0642\u06cc\u0642\u0647"},"schema":{"@context":"https:\/\/schema.org","@graph":[{"@type":"WebPage","@id":"https:\/\/sdmcrafts.com\/tr\/kharmohre\/","url":"https:\/\/sdmcrafts.com\/tr\/kharmohre\/","name":"kharmohre - saadatmand el sanatlar\u0131","isPartOf":{"@id":"https:\/\/sdmcrafts.com\/tr\/#website"},"datePublished":"2019-08-05T10:56:50+00:00","dateModified":"2023-05-15T08:57:12+00:00","description":"\u015eu anda Saadatmandan El Sanatlar\u0131'nda 500'den fazla kharmohre veya nazar boncu\u011fu tasar\u0131m\u0131 ve modeli bulunmaktad\u0131r.","inLanguage":"fa-IR","potentialAction":[{"@type":"ReadAction","target":["https:\/\/sdmcrafts.com\/tr\/kharmohre\/"]}]},{"@type":"WebSite","@id":"https:\/\/sdmcrafts.com\/tr\/#website","url":"https:\/\/sdmcrafts.com\/tr\/","name":"saadatmand el sanatlar\u0131","description":"nazar boncu\u011fu,kharmohre","publisher":{"@id":"https:\/\/sdmcrafts.com\/tr\/#organization"},"potentialAction":[{"@type":"SearchAction","target":{"@type":"EntryPoint","urlTemplate":"https:\/\/sdmcrafts.com\/tr\/?s={search_term_string}"},"query-input":"required name=search_term_string"}],"inLanguage":"fa-IR"},{"@type":"Organization","@id":"https:\/\/sdmcrafts.com\/tr\/#organization","name":"saadatmand el sanatlar\u0131","url":"https:\/\/sdmcrafts.com\/tr\/","logo":{"@type":"ImageObject","inLanguage":"fa-IR","@id":"https:\/\/sdmcrafts.com\/tr\/#\/schema\/logo\/image\/","url":"https:\/\/sdmcrafts.com\/tr\/wp-content\/uploads\/2023\/04\/cropped-logosdm-1.png","contentUrl":"https:\/\/sdmcrafts.com\/tr\/wp-content\/uploads\/2023\/04\/cropped-logosdm-1.png","width":300,"height":96,"caption":"saadatmand el sanatlar\u0131"},"image":{"@id":"https:\/\/sdmcrafts.com\/tr\/#\/schema\/logo\/image\/"}}]}},"_links":{"self":[{"href":"https:\/\/sdmcrafts.com\/tr\/wp-json\/wp\/v2\/pages\/1892"}],"collection":[{"href":"https:\/\/sdmcrafts.com\/tr\/wp-json\/wp\/v2\/pages"}],"about":[{"href":"https:\/\/sdmcrafts.com\/tr\/wp-json\/wp\/v2\/types\/page"}],"author":[{"embeddable":true,"href":"https:\/\/sdmcrafts.com\/tr\/wp-json\/wp\/v2\/users\/1"}],"replies":[{"embeddable":true,"href":"https:\/\/sdmcrafts.com\/tr\/wp-json\/wp\/v2\/comments?post=1892"}],"version-history":[{"count":48,"href":"https:\/\/sdmcrafts.com\/tr\/wp-json\/wp\/v2\/pages\/1892\/revisions"}],"predecessor-version":[{"id":2724,"href":"https:\/\/sdmcrafts.com\/tr\/wp-json\/wp\/v2\/pages\/1892\/revisions\/2724"}],"wp:featuredmedia":[{"embeddable":true,"href":"https:\/\/sdmcrafts.com\/tr\/wp-json\/wp\/v2\/media\/1895"}],"wp:attachment":[{"href":"https:\/\/sdmcrafts.com\/tr\/wp-json\/wp\/v2\/media?parent=1892"}],"curies":[{"name":"wp","href":"https:\/\/api.w.org\/{rel}","templated":true}]}}