{"id":1053,"date":"2017-07-04T15:04:51","date_gmt":"2017-07-04T15:04:51","guid":{"rendered":"http:\/\/sdmcrafts.com\/?page_id=1053"},"modified":"2023-05-17T05:47:18","modified_gmt":"2023-05-17T05:47:18","slug":"saadatmand-el-sanatlari","status":"publish","type":"page","link":"https:\/\/sdmcrafts.com\/tr\/saadatmand-el-sanatlari\/","title":{"rendered":"Saadatmand El Sanatlar\u0131"},"content":{"rendered":"<h2>Kombine cam ve kharmohre<\/h2>\n<p>Saadatman El Sanatlar\u0131&#8217;nda her t\u00fcrl\u00fc farkl\u0131 ebatlarda Cam ask\u0131lar\u0131 \u00fcretimi yap\u0131lmaktad\u0131r.Bu Cam ask\u0131lar\u0131, nazar boncu\u011fu kolye, anahtarl\u0131k, araba aynas\u0131 ask\u0131lar\u0131, \u00e7ocuk odas\u0131 ask\u0131lar\u0131\u2026 kullan\u0131l\u0131yor.<\/p>\n<p>Cam ask\u0131lar\u0131 fitil cam ve kal\u0131n cam olmak \u00fczere iki genel grupta mevcuttur. Bu pandantiflerin yap\u0131m\u0131nda \u0130ran <a href=\"https:\/\/en.wikipedia.org\/wiki\/Evil_eye\">kharmohre<\/a> ve g\u00f6z nazar boncu\u011fu sembolleri kullan\u0131lm\u0131\u015ft\u0131r.<\/p>\n<h3><a href=\"https:\/\/sdmcrafts.com\/tr\/nazar-boncugu\/\"> nazar boncu\u011fu veya kharmohre ask\u0131lar\u0131<\/a><\/h3>\n<p>Saadatmand El Sanatlar\u0131&#8217;nda her t\u00fcrl\u00fc duvar ask\u0131s\u0131 ve araba ayna ask\u0131s\u0131 \u00fcretimi yap\u0131lmaktad\u0131r. Bu pandantiflerin tasar\u0131m\u0131nda ve yap\u0131m\u0131nda kharmohre ve di\u011fer g\u00f6z nazar boncu\u011fu ve nazar sembolleri kullan\u0131lm\u0131\u015ft\u0131r.<\/p>\n<h4>saadatmand el Sanatlar\u0131<\/h4>\n<p>Kum&#8217;da bulunan Saadatmand El Sanatlar\u0131 Ma\u011fazas\u0131n\u0131 ziyaret ederek \u00e7e\u015fitli kombine el i\u015fleri sat\u0131n alabilirsiniz. Model \u00e7e\u015fitleri ve toplu sipari\u015fler i\u00e7in l\u00fctfen 09127506774 numaral\u0131 telefonu aray\u0131n\u0131z.<\/p>\n","protected":false},"excerpt":{"rendered":"<p>Kombine cam ve kharmohre Saadatman El Sanatlar\u0131&#8217;nda her t\u00fcrl\u00fc farkl\u0131 ebatlarda Cam ask\u0131lar\u0131 \u00fcretimi yap\u0131lmaktad\u0131r.Bu Cam ask\u0131lar\u0131, nazar boncu\u011fu kolye, anahtarl\u0131k, araba aynas\u0131 ask\u0131lar\u0131, \u00e7ocuk odas\u0131<span class=\"excerpt-hellip\"> [\u2026]<\/span><\/p>\n","protected":false},"author":1,"featured_media":0,"parent":0,"menu_order":0,"comment_status":"closed","ping_status":"closed","template":"","meta":[],"yoast_head":"<!-- This site is optimized with the Yoast SEO plugin v20.6 - https:\/\/yoast.com\/wordpress\/plugins\/seo\/ -->\n<title>Saadatmand El Sanatlar\u0131 - saadatmand el sanatlar\u0131<\/title>\n<meta name=\"description\" content=\"Kum&#039;da bulunan Saadatmand El Sanatlar\u0131 Ma\u011fazas\u0131n\u0131 ziyaret ederek \u00e7e\u015fitli kombine el i\u015fleri sat\u0131n alabilirsiniz.\" \/>\n<meta name=\"robots\" content=\"index, follow, max-snippet:-1, max-image-preview:large, max-video-preview:-1\" \/>\n<link rel=\"canonical\" href=\"https:\/\/sdmcrafts.com\/tr\/saadatmand-el-sanatlari\/\" \/>\n<meta property=\"og:locale\" content=\"fa_IR\" \/>\n<meta property=\"og:type\" content=\"article\" \/>\n<meta property=\"og:title\" content=\"Saadatmand El Sanatlar\u0131 - saadatmand el sanatlar\u0131\" \/>\n<meta property=\"og:description\" content=\"Kum&#039;da bulunan Saadatmand El Sanatlar\u0131 Ma\u011fazas\u0131n\u0131 ziyaret ederek \u00e7e\u015fitli kombine el i\u015fleri sat\u0131n alabilirsiniz.\" \/>\n<meta property=\"og:url\" content=\"https:\/\/sdmcrafts.com\/tr\/saadatmand-el-sanatlari\/\" \/>\n<meta property=\"og:site_name\" content=\"saadatmand el sanatlar\u0131\" \/>\n<meta property=\"article:modified_time\" content=\"2023-05-17T05:47:18+00:00\" \/>\n<meta name=\"twitter:card\" content=\"summary_large_image\" \/>\n<meta name=\"twitter:label1\" content=\"\u0632\u0645\u0627\u0646 \u062a\u0642\u0631\u06cc\u0628\u06cc \u0628\u0631\u0627\u06cc \u062e\u0648\u0627\u0646\u062f\u0646\" \/>\n\t<meta name=\"twitter:data1\" content=\"1 \u062f\u0642\u06cc\u0642\u0647\" \/>\n<script type=\"application\/ld+json\" class=\"yoast-schema-graph\">{\"@context\":\"https:\/\/schema.org\",\"@graph\":[{\"@type\":\"WebPage\",\"@id\":\"https:\/\/sdmcrafts.com\/tr\/saadatmand-el-sanatlari\/\",\"url\":\"https:\/\/sdmcrafts.com\/tr\/saadatmand-el-sanatlari\/\",\"name\":\"Saadatmand El Sanatlar\u0131 - saadatmand el sanatlar\u0131\",\"isPartOf\":{\"@id\":\"https:\/\/sdmcrafts.com\/tr\/#website\"},\"datePublished\":\"2017-07-04T15:04:51+00:00\",\"dateModified\":\"2023-05-17T05:47:18+00:00\",\"description\":\"Kum'da bulunan Saadatmand El Sanatlar\u0131 Ma\u011fazas\u0131n\u0131 ziyaret ederek \u00e7e\u015fitli kombine el i\u015fleri sat\u0131n alabilirsiniz.\",\"inLanguage\":\"fa-IR\",\"potentialAction\":[{\"@type\":\"ReadAction\",\"target\":[\"https:\/\/sdmcrafts.com\/tr\/saadatmand-el-sanatlari\/\"]}]},{\"@type\":\"WebSite\",\"@id\":\"https:\/\/sdmcrafts.com\/tr\/#website\",\"url\":\"https:\/\/sdmcrafts.com\/tr\/\",\"name\":\"saadatmand el sanatlar\u0131\",\"description\":\"nazar boncu\u011fu,kharmohre\",\"publisher\":{\"@id\":\"https:\/\/sdmcrafts.com\/tr\/#organization\"},\"potentialAction\":[{\"@type\":\"SearchAction\",\"target\":{\"@type\":\"EntryPoint\",\"urlTemplate\":\"https:\/\/sdmcrafts.com\/tr\/?s={search_term_string}\"},\"query-input\":\"required name=search_term_string\"}],\"inLanguage\":\"fa-IR\"},{\"@type\":\"Organization\",\"@id\":\"https:\/\/sdmcrafts.com\/tr\/#organization\",\"name\":\"saadatmand el sanatlar\u0131\",\"url\":\"https:\/\/sdmcrafts.com\/tr\/\",\"logo\":{\"@type\":\"ImageObject\",\"inLanguage\":\"fa-IR\",\"@id\":\"https:\/\/sdmcrafts.com\/tr\/#\/schema\/logo\/image\/\",\"url\":\"https:\/\/sdmcrafts.com\/tr\/wp-content\/uploads\/2023\/04\/cropped-logosdm-1.png\",\"contentUrl\":\"https:\/\/sdmcrafts.com\/tr\/wp-content\/uploads\/2023\/04\/cropped-logosdm-1.png\",\"width\":300,\"height\":96,\"caption\":\"saadatmand el sanatlar\u0131\"},\"image\":{\"@id\":\"https:\/\/sdmcrafts.com\/tr\/#\/schema\/logo\/image\/\"}}]}<\/script>\n<!-- \/ Yoast SEO plugin. -->","yoast_head_json":{"title":"Saadatmand El Sanatlar\u0131 - saadatmand el sanatlar\u0131","description":"Kum'da bulunan Saadatmand El Sanatlar\u0131 Ma\u011fazas\u0131n\u0131 ziyaret ederek \u00e7e\u015fitli kombine el i\u015fleri sat\u0131n alabilirsiniz.","robots":{"index":"index","follow":"follow","max-snippet":"max-snippet:-1","max-image-preview":"max-image-preview:large","max-video-preview":"max-video-preview:-1"},"canonical":"https:\/\/sdmcrafts.com\/tr\/saadatmand-el-sanatlari\/","og_locale":"fa_IR","og_type":"article","og_title":"Saadatmand El Sanatlar\u0131 - saadatmand el sanatlar\u0131","og_description":"Kum'da bulunan Saadatmand El Sanatlar\u0131 Ma\u011fazas\u0131n\u0131 ziyaret ederek \u00e7e\u015fitli kombine el i\u015fleri sat\u0131n alabilirsiniz.","og_url":"https:\/\/sdmcrafts.com\/tr\/saadatmand-el-sanatlari\/","og_site_name":"saadatmand el sanatlar\u0131","article_modified_time":"2023-05-17T05:47:18+00:00","twitter_card":"summary_large_image","twitter_misc":{"\u0632\u0645\u0627\u0646 \u062a\u0642\u0631\u06cc\u0628\u06cc \u0628\u0631\u0627\u06cc \u062e\u0648\u0627\u0646\u062f\u0646":"1 \u062f\u0642\u06cc\u0642\u0647"},"schema":{"@context":"https:\/\/schema.org","@graph":[{"@type":"WebPage","@id":"https:\/\/sdmcrafts.com\/tr\/saadatmand-el-sanatlari\/","url":"https:\/\/sdmcrafts.com\/tr\/saadatmand-el-sanatlari\/","name":"Saadatmand El Sanatlar\u0131 - saadatmand el sanatlar\u0131","isPartOf":{"@id":"https:\/\/sdmcrafts.com\/tr\/#website"},"datePublished":"2017-07-04T15:04:51+00:00","dateModified":"2023-05-17T05:47:18+00:00","description":"Kum'da bulunan Saadatmand El Sanatlar\u0131 Ma\u011fazas\u0131n\u0131 ziyaret ederek \u00e7e\u015fitli kombine el i\u015fleri sat\u0131n alabilirsiniz.","inLanguage":"fa-IR","potentialAction":[{"@type":"ReadAction","target":["https:\/\/sdmcrafts.com\/tr\/saadatmand-el-sanatlari\/"]}]},{"@type":"WebSite","@id":"https:\/\/sdmcrafts.com\/tr\/#website","url":"https:\/\/sdmcrafts.com\/tr\/","name":"saadatmand el sanatlar\u0131","description":"nazar boncu\u011fu,kharmohre","publisher":{"@id":"https:\/\/sdmcrafts.com\/tr\/#organization"},"potentialAction":[{"@type":"SearchAction","target":{"@type":"EntryPoint","urlTemplate":"https:\/\/sdmcrafts.com\/tr\/?s={search_term_string}"},"query-input":"required name=search_term_string"}],"inLanguage":"fa-IR"},{"@type":"Organization","@id":"https:\/\/sdmcrafts.com\/tr\/#organization","name":"saadatmand el sanatlar\u0131","url":"https:\/\/sdmcrafts.com\/tr\/","logo":{"@type":"ImageObject","inLanguage":"fa-IR","@id":"https:\/\/sdmcrafts.com\/tr\/#\/schema\/logo\/image\/","url":"https:\/\/sdmcrafts.com\/tr\/wp-content\/uploads\/2023\/04\/cropped-logosdm-1.png","contentUrl":"https:\/\/sdmcrafts.com\/tr\/wp-content\/uploads\/2023\/04\/cropped-logosdm-1.png","width":300,"height":96,"caption":"saadatmand el sanatlar\u0131"},"image":{"@id":"https:\/\/sdmcrafts.com\/tr\/#\/schema\/logo\/image\/"}}]}},"_links":{"self":[{"href":"https:\/\/sdmcrafts.com\/tr\/wp-json\/wp\/v2\/pages\/1053"}],"collection":[{"href":"https:\/\/sdmcrafts.com\/tr\/wp-json\/wp\/v2\/pages"}],"about":[{"href":"https:\/\/sdmcrafts.com\/tr\/wp-json\/wp\/v2\/types\/page"}],"author":[{"embeddable":true,"href":"https:\/\/sdmcrafts.com\/tr\/wp-json\/wp\/v2\/users\/1"}],"replies":[{"embeddable":true,"href":"https:\/\/sdmcrafts.com\/tr\/wp-json\/wp\/v2\/comments?post=1053"}],"version-history":[{"count":11,"href":"https:\/\/sdmcrafts.com\/tr\/wp-json\/wp\/v2\/pages\/1053\/revisions"}],"predecessor-version":[{"id":2728,"href":"https:\/\/sdmcrafts.com\/tr\/wp-json\/wp\/v2\/pages\/1053\/revisions\/2728"}],"wp:attachment":[{"href":"https:\/\/sdmcrafts.com\/tr\/wp-json\/wp\/v2\/media?parent=1053"}],"curies":[{"name":"wp","href":"https:\/\/api.w.org\/{rel}","templated":true}]}}